{"id":257776,"date":"2022-05-04T10:45:38","date_gmt":"2022-05-04T08:45:38","guid":{"rendered":"https:\/\/herniamesh.com\/innovation\/"},"modified":"2022-07-22T10:58:31","modified_gmt":"2022-07-22T08:58:31","slug":"innovation","status":"publish","type":"page","link":"https:\/\/herniamesh.com\/en\/innovation\/","title":{"rendered":"Innovation"},"content":{"rendered":"<p>[et_pb_section fb_built=&#8221;1&#8243; custom_padding_last_edited=&#8221;on|phone&#8221; _builder_version=&#8221;4.17.5&#8243; _module_preset=&#8221;default&#8221; custom_padding=&#8221;||||false|false&#8221; custom_padding_tablet=&#8221;20px||||false|false&#8221; custom_padding_phone=&#8221;10px||0px||false|false&#8221; global_colors_info=&#8221;{}&#8221;][et_pb_row column_structure=&#8221;1_2,1_2&#8243; _builder_version=&#8221;4.16&#8243; _module_preset=&#8221;default&#8221; global_colors_info=&#8221;{}&#8221;][et_pb_column type=&#8221;1_2&#8243; _builder_version=&#8221;4.16&#8243; _module_preset=&#8221;default&#8221; global_colors_info=&#8221;{}&#8221;][et_pb_text admin_label=&#8221;IL CENTRO RICERCA HERNIAMESH R&#038;D  Dall&#8217;ernioplastica secondo la tecnica Trabucco %22Tension-free, sutureless%22 alle pi\u00f9 recenti protesi che impiegano tecnologie e materiali sempre pi\u00f9 sofisticati in risposta alla domanda di una migliore qualit\u00e0 della vita che i pazienti chiedono alla chirurgia moderna.&#8221; _builder_version=&#8221;4.17.6&#8243; _module_preset=&#8221;default&#8221; text_font=&#8221;|300|||||||&#8221; header_font=&#8221;|600|||||||&#8221; header_text_color=&#8221;#0055A6&#8243; header_font_size=&#8221;37px&#8221; hover_enabled=&#8221;0&#8243; header_font_size_tablet=&#8221;40px&#8221; header_font_size_phone=&#8221;35px&#8221; header_font_size_last_edited=&#8221;on|phone&#8221; global_colors_info=&#8221;{}&#8221; sticky_enabled=&#8221;0&#8243;]<\/p>\n<h1>THE HERNIAMESH R&amp;D CENTRE<\/h1>\n<p>From hernioplasty using Trabucco\u2019s \u201ctension-free, sutureless\u201d technique to the latest prostheses employing increasingly sophisticated technologies and materials in response to the demand for a better quality of life that patients expect from modern surgery.<\/p>\n<p>[\/et_pb_text][\/et_pb_column][et_pb_column type=&#8221;1_2&#8243; _builder_version=&#8221;4.16&#8243; _module_preset=&#8221;default&#8221; global_colors_info=&#8221;{}&#8221;][et_pb_image src=&#8221;https:\/\/herniamesh.com\/wp-content\/uploads\/2022\/02\/laboratorio_herniamesh.jpg&#8221; title_text=&#8221;laboratorio_herniamesh&#8221; _builder_version=&#8221;4.16&#8243; _module_preset=&#8221;default&#8221; global_colors_info=&#8221;{}&#8221;][\/et_pb_image][\/et_pb_column][\/et_pb_row][\/et_pb_section][et_pb_section fb_built=&#8221;1&#8243; custom_padding_last_edited=&#8221;on|phone&#8221; prev_background_color=&#8221;#ffffff&#8221; _builder_version=&#8221;4.16&#8243; _module_preset=&#8221;default&#8221; background_color=&#8221;#f6f6f6&#8243; custom_padding=&#8221;||||false|false&#8221; custom_padding_tablet=&#8221;||||false|false&#8221; custom_padding_phone=&#8221;||10px||false|false&#8221; top_divider_style=&#8221;ramp&#8221; top_divider_flip=&#8221;vertical&#8221; global_colors_info=&#8221;{}&#8221;][et_pb_row use_custom_gutter=&#8221;on&#8221; make_equal=&#8221;on&#8221; _builder_version=&#8221;4.16&#8243; _module_preset=&#8221;default&#8221; custom_css_main_element=&#8221;align-items: center;&#8221; global_colors_info=&#8221;{}&#8221;][et_pb_column type=&#8221;4_4&#8243; _builder_version=&#8221;4.16&#8243; _module_preset=&#8221;default&#8221; global_colors_info=&#8221;{}&#8221;][et_pb_text admin_label=&#8221;Le nuove sfide Il futuro nasce dai cambiamenti del presente  Il mercato \u00e8 in continua evoluzione e le nuove sfide sono quelle di non perdere mai l\u2019attenzione sul mondo, cogliere gli stimoli giusti ed arrivare ad offrire, con responsabilit\u00e0, prodotti innovativi. Il mercato \u00e8 esigente, le aspettative sempre pi\u00f9 elevate ed Herniamesh\u00ae \u00e8 al passo con tempi, tenendo fede alle caratteristiche di efficienza ed efficacia, flessibilit\u00e0 e precisione. L\u2019attenzione e la collaborazione che riserviamo alla comunit\u00e0 scientifica fa parte del nostro bagaglio di valori.&#8221; _builder_version=&#8221;4.17.5&#8243; _module_preset=&#8221;default&#8221; text_font=&#8221;|300|||||||&#8221; header_font=&#8221;|600|||||||&#8221; header_text_color=&#8221;#0055a6&#8243; header_2_font=&#8221;|300||on|||||&#8221; header_2_font_size=&#8221;18px&#8221; text_orientation=&#8221;justified&#8221; header_text_align_tablet=&#8221;&#8221; header_text_align_phone=&#8221;left&#8221; header_text_align_last_edited=&#8221;on|phone&#8221; global_colors_info=&#8221;{}&#8221;]<\/p>\n<h2>The new challenges<\/h2>\n<h1>The future is born from changes in the present<\/h1>\n<p>The market is constantly evolving and the new challenges are to never lose focus on the world, to seize the right inspiration and to be able to responsibly offer innovative products. The market demands superior products. Expectations are on the rise and Herniamesh\u00ae is keeping up with the times, delivering efficiency and effectiveness, flexibility and precision. The attention and cooperation we devote to the scientific community is part of our value package.[\/et_pb_text][et_pb_blurb title=&#8221;Our objectives&#8221; use_icon=&#8221;on&#8221; font_icon=&#8221;&#x52;||divi||400&#8243; icon_color=&#8221;#0055A6&#8243; icon_placement=&#8221;left&#8221; image_icon_width=&#8221;25px&#8221; content_max_width=&#8221;1100px&#8221; admin_label=&#8221;Gli obiettivi&#8221; _builder_version=&#8221;4.17.5&#8243; _module_preset=&#8221;default&#8221; header_font=&#8221;||||||||&#8221; header_text_color=&#8221;#0055A6&#8243; body_font=&#8221;|300|||||||&#8221; global_colors_info=&#8221;{}&#8221;]Our challenge is to provide surgeons with products that can be used with maximum safety, certain of the experience that Herniamesh\u00ae has gained in the field.[\/et_pb_blurb][\/et_pb_column][\/et_pb_row][\/et_pb_section]<\/p>\n","protected":false},"excerpt":{"rendered":"<p>THE HERNIAMESH R&amp;D CENTRE From hernioplasty using Trabucco\u2019s \u201ctension-free, sutureless\u201d technique to the latest prostheses employing increasingly sophisticated technologies and materials in response to the demand for a better quality of life that patients expect from modern surgery.The new challenges The future is born from changes in the present The market is constantly evolving and [&hellip;]<\/p>\n","protected":false},"author":1,"featured_media":0,"parent":0,"menu_order":0,"comment_status":"closed","ping_status":"closed","template":"","meta":{"_et_pb_use_builder":"on","_et_pb_old_content":"","_et_gb_content_width":"","footnotes":""},"class_list":["post-257776","page","type-page","status-publish","hentry"],"yoast_head":"<!-- This site is optimized with the Yoast SEO plugin v26.5 - https:\/\/yoast.com\/wordpress\/plugins\/seo\/ -->\n<title>Centro Ricerca Herniamesh R&amp;D -Innovation al servizio della salute<\/title>\n<meta name=\"description\" content=\"Dall\u2019ernioplastica secondo la tecnica Trabucco \u201cTension-free, sutureless\u201d alle pi\u00f9 recenti protesi che impiegano tecnologie e materiali sempre pi\u00f9 sofisticati.\" \/>\n<meta name=\"robots\" content=\"index, follow, max-snippet:-1, max-image-preview:large, max-video-preview:-1\" \/>\n<link rel=\"canonical\" href=\"https:\/\/herniamesh.com\/en\/innovation\/\" \/>\n<meta property=\"og:locale\" content=\"en_US\" \/>\n<meta property=\"og:type\" content=\"article\" \/>\n<meta property=\"og:title\" content=\"Centro Ricerca Herniamesh R&amp;D -Innovation al servizio della salute\" \/>\n<meta property=\"og:description\" content=\"Dall\u2019ernioplastica secondo la tecnica Trabucco \u201cTension-free, sutureless\u201d alle pi\u00f9 recenti protesi che impiegano tecnologie e materiali sempre pi\u00f9 sofisticati.\" \/>\n<meta property=\"og:url\" content=\"https:\/\/herniamesh.com\/en\/innovation\/\" \/>\n<meta property=\"og:site_name\" content=\"Herniamesh | Dispositivi medici per l&#039;ernioplastica inguinale ed addominale\" \/>\n<meta property=\"article:modified_time\" content=\"2022-07-22T08:58:31+00:00\" \/>\n<meta name=\"twitter:card\" content=\"summary_large_image\" \/>\n<meta name=\"twitter:label1\" content=\"Est. reading time\" \/>\n\t<meta name=\"twitter:data1\" content=\"2 minutes\" \/>\n<script type=\"application\/ld+json\" class=\"yoast-schema-graph\">{\"@context\":\"https:\/\/schema.org\",\"@graph\":[{\"@type\":\"WebPage\",\"@id\":\"https:\/\/herniamesh.com\/en\/innovation\/\",\"url\":\"https:\/\/herniamesh.com\/en\/innovation\/\",\"name\":\"Centro Ricerca Herniamesh R&D -Innovation al servizio della salute\",\"isPartOf\":{\"@id\":\"https:\/\/herniamesh.com\/#website\"},\"datePublished\":\"2022-05-04T08:45:38+00:00\",\"dateModified\":\"2022-07-22T08:58:31+00:00\",\"description\":\"Dall\u2019ernioplastica secondo la tecnica Trabucco \u201cTension-free, sutureless\u201d alle pi\u00f9 recenti protesi che impiegano tecnologie e materiali sempre pi\u00f9 sofisticati.\",\"breadcrumb\":{\"@id\":\"https:\/\/herniamesh.com\/en\/innovation\/#breadcrumb\"},\"inLanguage\":\"en-US\",\"potentialAction\":[{\"@type\":\"ReadAction\",\"target\":[\"https:\/\/herniamesh.com\/en\/innovation\/\"]}]},{\"@type\":\"BreadcrumbList\",\"@id\":\"https:\/\/herniamesh.com\/en\/innovation\/#breadcrumb\",\"itemListElement\":[{\"@type\":\"ListItem\",\"position\":1,\"name\":\"Home\",\"item\":\"https:\/\/herniamesh.com\/en\/\"},{\"@type\":\"ListItem\",\"position\":2,\"name\":\"Innovation\"}]},{\"@type\":\"WebSite\",\"@id\":\"https:\/\/herniamesh.com\/#website\",\"url\":\"https:\/\/herniamesh.com\/\",\"name\":\"Herniamesh | Dispositivi medici per l&#039;ernioplastica inguinale ed addominale\",\"description\":\"Tecnologia al servizio della salute\",\"potentialAction\":[{\"@type\":\"SearchAction\",\"target\":{\"@type\":\"EntryPoint\",\"urlTemplate\":\"https:\/\/herniamesh.com\/?s={search_term_string}\"},\"query-input\":{\"@type\":\"PropertyValueSpecification\",\"valueRequired\":true,\"valueName\":\"search_term_string\"}}],\"inLanguage\":\"en-US\"}]}<\/script>\n<!-- \/ Yoast SEO plugin. -->","yoast_head_json":{"title":"Centro Ricerca Herniamesh R&D -Innovation al servizio della salute","description":"Dall\u2019ernioplastica secondo la tecnica Trabucco \u201cTension-free, sutureless\u201d alle pi\u00f9 recenti protesi che impiegano tecnologie e materiali sempre pi\u00f9 sofisticati.","robots":{"index":"index","follow":"follow","max-snippet":"max-snippet:-1","max-image-preview":"max-image-preview:large","max-video-preview":"max-video-preview:-1"},"canonical":"https:\/\/herniamesh.com\/en\/innovation\/","og_locale":"en_US","og_type":"article","og_title":"Centro Ricerca Herniamesh R&D -Innovation al servizio della salute","og_description":"Dall\u2019ernioplastica secondo la tecnica Trabucco \u201cTension-free, sutureless\u201d alle pi\u00f9 recenti protesi che impiegano tecnologie e materiali sempre pi\u00f9 sofisticati.","og_url":"https:\/\/herniamesh.com\/en\/innovation\/","og_site_name":"Herniamesh | Dispositivi medici per l&#039;ernioplastica inguinale ed addominale","article_modified_time":"2022-07-22T08:58:31+00:00","twitter_card":"summary_large_image","twitter_misc":{"Est. reading time":"2 minutes"},"schema":{"@context":"https:\/\/schema.org","@graph":[{"@type":"WebPage","@id":"https:\/\/herniamesh.com\/en\/innovation\/","url":"https:\/\/herniamesh.com\/en\/innovation\/","name":"Centro Ricerca Herniamesh R&D -Innovation al servizio della salute","isPartOf":{"@id":"https:\/\/herniamesh.com\/#website"},"datePublished":"2022-05-04T08:45:38+00:00","dateModified":"2022-07-22T08:58:31+00:00","description":"Dall\u2019ernioplastica secondo la tecnica Trabucco \u201cTension-free, sutureless\u201d alle pi\u00f9 recenti protesi che impiegano tecnologie e materiali sempre pi\u00f9 sofisticati.","breadcrumb":{"@id":"https:\/\/herniamesh.com\/en\/innovation\/#breadcrumb"},"inLanguage":"en-US","potentialAction":[{"@type":"ReadAction","target":["https:\/\/herniamesh.com\/en\/innovation\/"]}]},{"@type":"BreadcrumbList","@id":"https:\/\/herniamesh.com\/en\/innovation\/#breadcrumb","itemListElement":[{"@type":"ListItem","position":1,"name":"Home","item":"https:\/\/herniamesh.com\/en\/"},{"@type":"ListItem","position":2,"name":"Innovation"}]},{"@type":"WebSite","@id":"https:\/\/herniamesh.com\/#website","url":"https:\/\/herniamesh.com\/","name":"Herniamesh | Dispositivi medici per l&#039;ernioplastica inguinale ed addominale","description":"Tecnologia al servizio della salute","potentialAction":[{"@type":"SearchAction","target":{"@type":"EntryPoint","urlTemplate":"https:\/\/herniamesh.com\/?s={search_term_string}"},"query-input":{"@type":"PropertyValueSpecification","valueRequired":true,"valueName":"search_term_string"}}],"inLanguage":"en-US"}]}},"_links":{"self":[{"href":"https:\/\/herniamesh.com\/en\/wp-json\/wp\/v2\/pages\/257776","targetHints":{"allow":["GET"]}}],"collection":[{"href":"https:\/\/herniamesh.com\/en\/wp-json\/wp\/v2\/pages"}],"about":[{"href":"https:\/\/herniamesh.com\/en\/wp-json\/wp\/v2\/types\/page"}],"author":[{"embeddable":true,"href":"https:\/\/herniamesh.com\/en\/wp-json\/wp\/v2\/users\/1"}],"replies":[{"embeddable":true,"href":"https:\/\/herniamesh.com\/en\/wp-json\/wp\/v2\/comments?post=257776"}],"version-history":[{"count":5,"href":"https:\/\/herniamesh.com\/en\/wp-json\/wp\/v2\/pages\/257776\/revisions"}],"predecessor-version":[{"id":258727,"href":"https:\/\/herniamesh.com\/en\/wp-json\/wp\/v2\/pages\/257776\/revisions\/258727"}],"wp:attachment":[{"href":"https:\/\/herniamesh.com\/en\/wp-json\/wp\/v2\/media?parent=257776"}],"curies":[{"name":"wp","href":"https:\/\/api.w.org\/{rel}","templated":true}]}}