{"id":258096,"date":"2022-05-04T10:45:38","date_gmt":"2022-05-04T08:45:38","guid":{"rendered":"https:\/\/herniamesh.com\/innovacion\/"},"modified":"2022-07-20T14:20:08","modified_gmt":"2022-07-20T12:20:08","slug":"innovacion","status":"publish","type":"page","link":"https:\/\/herniamesh.com\/es\/innovacion\/","title":{"rendered":"Innovaci\u00f3n"},"content":{"rendered":"<p>[et_pb_section fb_built=\u00bb1&#8243; custom_padding_last_edited=\u00bbon|phone\u00bb _builder_version=\u00bb4.17.5&#8243; _module_preset=\u00bbdefault\u00bb custom_padding=\u00bb||||false|false\u00bb custom_padding_tablet=\u00bb20px||||false|false\u00bb custom_padding_phone=\u00bb10px||0px||false|false\u00bb hover_enabled=\u00bb0&#8243; global_colors_info=\u00bb{}\u00bb sticky_enabled=\u00bb0&#8243;][et_pb_row column_structure=\u00bb1_2,1_2&#8243; _builder_version=\u00bb4.16&#8243; _module_preset=\u00bbdefault\u00bb global_colors_info=\u00bb{}\u00bb][et_pb_column type=\u00bb1_2&#8243; _builder_version=\u00bb4.16&#8243; _module_preset=\u00bbdefault\u00bb global_colors_info=\u00bb{}\u00bb][et_pb_text admin_label=\u00bbIL CENTRO RICERCA HERNIAMESH R&#038;D  Dall&#8217;ernioplastica secondo la tecnica Trabucco %22Tension-free, sutureless%22 alle pi\u00f9 recenti protesi che impiegano tecnologie e materiali sempre pi\u00f9 sofisticati in risposta alla domanda di una migliore qualit\u00e0 della vita che i pazienti chiedono alla chirurgia moderna.\u00bb _builder_version=\u00bb4.17.5&#8243; _module_preset=\u00bbdefault\u00bb text_font=\u00bb|300|||||||\u00bb header_font=\u00bb|600|||||||\u00bb header_text_color=\u00bb#0055A6&#8243; header_font_size=\u00bb37px\u00bb header_font_size_tablet=\u00bb40px\u00bb header_font_size_phone=\u00bb35px\u00bb header_font_size_last_edited=\u00bbon|phone\u00bb global_colors_info=\u00bb{}\u00bb]<\/p>\n<h1>EL CENTRO DE INVESTIGACI\u00d3N HERNIAMESH I&amp;D<\/h1>\n<p>Desde la hernioplastia seg\u00fan la t\u00e9cnica del Dr. Ermanno Trabucco, \u00abTension-free, sutureless\u00bb a las m\u00e1s recientes pr\u00f3tesis que emplean tecnolog\u00edas y materiales cada vez m\u00e1s sofisticados para responder a la demanda de una mejor calidad de vida que los pacientes piden a la cirug\u00eda moderna.[\/et_pb_text][\/et_pb_column][et_pb_column type=\u00bb1_2&#8243; _builder_version=\u00bb4.16&#8243; _module_preset=\u00bbdefault\u00bb global_colors_info=\u00bb{}\u00bb][et_pb_image src=\u00bbhttps:\/\/herniamesh.com\/wp-content\/uploads\/2022\/02\/laboratorio_herniamesh.jpg\u00bb title_text=\u00bblaboratorio_herniamesh\u00bb _builder_version=\u00bb4.16&#8243; _module_preset=\u00bbdefault\u00bb global_colors_info=\u00bb{}\u00bb][\/et_pb_image][\/et_pb_column][\/et_pb_row][\/et_pb_section][et_pb_section fb_built=\u00bb1&#8243; custom_padding_last_edited=\u00bbon|phone\u00bb prev_background_color=\u00bb#ffffff\u00bb _builder_version=\u00bb4.16&#8243; _module_preset=\u00bbdefault\u00bb background_color=\u00bb#f6f6f6&#8243; custom_padding=\u00bb||||false|false\u00bb custom_padding_tablet=\u00bb||||false|false\u00bb custom_padding_phone=\u00bb||10px||false|false\u00bb top_divider_style=\u00bbramp\u00bb top_divider_flip=\u00bbvertical\u00bb global_colors_info=\u00bb{}\u00bb][et_pb_row use_custom_gutter=\u00bbon\u00bb make_equal=\u00bbon\u00bb _builder_version=\u00bb4.16&#8243; _module_preset=\u00bbdefault\u00bb custom_css_main_element=\u00bbalign-items: center;\u00bb global_colors_info=\u00bb{}\u00bb][et_pb_column type=\u00bb4_4&#8243; _builder_version=\u00bb4.16&#8243; _module_preset=\u00bbdefault\u00bb global_colors_info=\u00bb{}\u00bb][et_pb_text admin_label=\u00bbLe nuove sfide Il futuro nasce dai cambiamenti del presente  Il mercato \u00e8 in continua evoluzione e le nuove sfide sono quelle di non perdere mai l\u2019attenzione sul mondo, cogliere gli stimoli giusti ed arrivare ad offrire, con responsabilit\u00e0, prodotti innovativi. Il mercato \u00e8 esigente, le aspettative sempre pi\u00f9 elevate ed Herniamesh\u00ae \u00e8 al passo con tempi, tenendo fede alle caratteristiche di efficienza ed efficacia, flessibilit\u00e0 e precisione. L\u2019attenzione e la collaborazione che riserviamo alla comunit\u00e0 scientifica fa parte del nostro bagaglio di valori.\u00bb _builder_version=\u00bb4.17.5&#8243; _module_preset=\u00bbdefault\u00bb text_font=\u00bb|300|||||||\u00bb header_font=\u00bb|600|||||||\u00bb header_text_color=\u00bb#0055a6&#8243; header_2_font=\u00bb|300||on|||||\u00bb header_2_font_size=\u00bb18px\u00bb text_orientation=\u00bbjustified\u00bb header_text_align_tablet=\u00bb\u00bb header_text_align_phone=\u00bbleft\u00bb header_text_align_last_edited=\u00bbon|phone\u00bb global_colors_info=\u00bb{}\u00bb]<\/p>\n<h2>Los nuevos desaf\u00edos<\/h2>\n<h1>El futuro surge de los cambios realizados en el presente<\/h1>\n<p>El mercado evoluciona de forma permanente y los nuevos desaf\u00edos se concentran en prestar siempre atenci\u00f3n a cuanto sucede en el mundo, elegir los est\u00edmulos justos y conseguir ofrecer, con responsabilidad, productos innovadores. El mercado es exigente y las expectativas cada vez m\u00e1s elevadas, por ello Herniamesh\u00ae est\u00e1 siempre actualizado, respetando las caracter\u00edsticas de eficiencia y eficacia, flexibilidad y precisi\u00f3n.<br \/>\nLa atenci\u00f3n y la colaboraci\u00f3n que reservamos a la comunidad cient\u00edfica forma parte de nuestros valores.[\/et_pb_text][et_pb_blurb title=\u00bbLos objetivos\u00bb use_icon=\u00bbon\u00bb font_icon=\u00bb&#x52;||divi||400&#8243; icon_color=\u00bb#0055A6&#8243; icon_placement=\u00bbleft\u00bb image_icon_width=\u00bb25px\u00bb content_max_width=\u00bb1100px\u00bb admin_label=\u00bbGli obiettivi\u00bb _builder_version=\u00bb4.17.5&#8243; _module_preset=\u00bbdefault\u00bb header_font=\u00bb||||||||\u00bb header_text_color=\u00bb#0055A6&#8243; body_font=\u00bb|300|||||||\u00bb global_colors_info=\u00bb{}\u00bb]Nuestro desaf\u00edo es suministrar a los cirujanos productos que se puedan utilizar con la m\u00e1xima seguridad, con la certeza de la experiencia que Herniamesh\u00ae ha adquirido en el sector.[\/et_pb_blurb][\/et_pb_column][\/et_pb_row][\/et_pb_section]<\/p>\n","protected":false},"excerpt":{"rendered":"<p>EL CENTRO DE INVESTIGACI\u00d3N HERNIAMESH I&amp;D Desde la hernioplastia seg\u00fan la t\u00e9cnica del Dr. Ermanno Trabucco, \u00abTension-free, sutureless\u00bb a las m\u00e1s recientes pr\u00f3tesis que emplean tecnolog\u00edas y materiales cada vez m\u00e1s sofisticados para responder a la demanda de una mejor calidad de vida que los pacientes piden a la cirug\u00eda moderna.Los nuevos desaf\u00edos El futuro [&hellip;]<\/p>\n","protected":false},"author":1,"featured_media":0,"parent":0,"menu_order":0,"comment_status":"closed","ping_status":"closed","template":"","meta":{"_et_pb_use_builder":"on","_et_pb_old_content":"","_et_gb_content_width":"","footnotes":""},"class_list":["post-258096","page","type-page","status-publish","hentry"],"yoast_head":"<!-- This site is optimized with the Yoast SEO plugin v26.5 - https:\/\/yoast.com\/wordpress\/plugins\/seo\/ -->\n<title>Centro Ricerca Herniamesh R&amp;D -Innovaci\u00f3n al servizio della salute<\/title>\n<meta name=\"description\" content=\"Dall\u2019ernioplastica secondo la tecnica Trabucco \u201cTension-free, sutureless\u201d alle pi\u00f9 recenti protesi che impiegano tecnologie e materiali sempre pi\u00f9 sofisticati.\" \/>\n<meta name=\"robots\" content=\"index, follow, max-snippet:-1, max-image-preview:large, max-video-preview:-1\" \/>\n<link rel=\"canonical\" href=\"https:\/\/herniamesh.com\/es\/innovacion\/\" \/>\n<meta property=\"og:locale\" content=\"es_ES\" \/>\n<meta property=\"og:type\" content=\"article\" \/>\n<meta property=\"og:title\" content=\"Centro Ricerca Herniamesh R&amp;D -Innovaci\u00f3n al servizio della salute\" \/>\n<meta property=\"og:description\" content=\"Dall\u2019ernioplastica secondo la tecnica Trabucco \u201cTension-free, sutureless\u201d alle pi\u00f9 recenti protesi che impiegano tecnologie e materiali sempre pi\u00f9 sofisticati.\" \/>\n<meta property=\"og:url\" content=\"https:\/\/herniamesh.com\/es\/innovacion\/\" \/>\n<meta property=\"og:site_name\" content=\"Herniamesh | Dispositivi medici per l&#039;ernioplastica inguinale ed addominale\" \/>\n<meta property=\"article:modified_time\" content=\"2022-07-20T12:20:08+00:00\" \/>\n<meta name=\"twitter:card\" content=\"summary_large_image\" \/>\n<meta name=\"twitter:label1\" content=\"Tiempo de lectura\" \/>\n\t<meta name=\"twitter:data1\" content=\"3 minutos\" \/>\n<script type=\"application\/ld+json\" class=\"yoast-schema-graph\">{\"@context\":\"https:\/\/schema.org\",\"@graph\":[{\"@type\":\"WebPage\",\"@id\":\"https:\/\/herniamesh.com\/es\/innovacion\/\",\"url\":\"https:\/\/herniamesh.com\/es\/innovacion\/\",\"name\":\"Centro Ricerca Herniamesh R&D -Innovaci\u00f3n al servizio della salute\",\"isPartOf\":{\"@id\":\"https:\/\/herniamesh.com\/#website\"},\"datePublished\":\"2022-05-04T08:45:38+00:00\",\"dateModified\":\"2022-07-20T12:20:08+00:00\",\"description\":\"Dall\u2019ernioplastica secondo la tecnica Trabucco \u201cTension-free, sutureless\u201d alle pi\u00f9 recenti protesi che impiegano tecnologie e materiali sempre pi\u00f9 sofisticati.\",\"breadcrumb\":{\"@id\":\"https:\/\/herniamesh.com\/es\/innovacion\/#breadcrumb\"},\"inLanguage\":\"es\",\"potentialAction\":[{\"@type\":\"ReadAction\",\"target\":[\"https:\/\/herniamesh.com\/es\/innovacion\/\"]}]},{\"@type\":\"BreadcrumbList\",\"@id\":\"https:\/\/herniamesh.com\/es\/innovacion\/#breadcrumb\",\"itemListElement\":[{\"@type\":\"ListItem\",\"position\":1,\"name\":\"Home\",\"item\":\"https:\/\/herniamesh.com\/es\/\"},{\"@type\":\"ListItem\",\"position\":2,\"name\":\"Innovaci\u00f3n\"}]},{\"@type\":\"WebSite\",\"@id\":\"https:\/\/herniamesh.com\/#website\",\"url\":\"https:\/\/herniamesh.com\/\",\"name\":\"Herniamesh | Dispositivi medici per l&#039;ernioplastica inguinale ed addominale\",\"description\":\"Tecnologia al servizio della salute\",\"potentialAction\":[{\"@type\":\"SearchAction\",\"target\":{\"@type\":\"EntryPoint\",\"urlTemplate\":\"https:\/\/herniamesh.com\/?s={search_term_string}\"},\"query-input\":{\"@type\":\"PropertyValueSpecification\",\"valueRequired\":true,\"valueName\":\"search_term_string\"}}],\"inLanguage\":\"es\"}]}<\/script>\n<!-- \/ Yoast SEO plugin. -->","yoast_head_json":{"title":"Centro Ricerca Herniamesh R&D -Innovaci\u00f3n al servizio della salute","description":"Dall\u2019ernioplastica secondo la tecnica Trabucco \u201cTension-free, sutureless\u201d alle pi\u00f9 recenti protesi che impiegano tecnologie e materiali sempre pi\u00f9 sofisticati.","robots":{"index":"index","follow":"follow","max-snippet":"max-snippet:-1","max-image-preview":"max-image-preview:large","max-video-preview":"max-video-preview:-1"},"canonical":"https:\/\/herniamesh.com\/es\/innovacion\/","og_locale":"es_ES","og_type":"article","og_title":"Centro Ricerca Herniamesh R&D -Innovaci\u00f3n al servizio della salute","og_description":"Dall\u2019ernioplastica secondo la tecnica Trabucco \u201cTension-free, sutureless\u201d alle pi\u00f9 recenti protesi che impiegano tecnologie e materiali sempre pi\u00f9 sofisticati.","og_url":"https:\/\/herniamesh.com\/es\/innovacion\/","og_site_name":"Herniamesh | Dispositivi medici per l&#039;ernioplastica inguinale ed addominale","article_modified_time":"2022-07-20T12:20:08+00:00","twitter_card":"summary_large_image","twitter_misc":{"Tiempo de lectura":"3 minutos"},"schema":{"@context":"https:\/\/schema.org","@graph":[{"@type":"WebPage","@id":"https:\/\/herniamesh.com\/es\/innovacion\/","url":"https:\/\/herniamesh.com\/es\/innovacion\/","name":"Centro Ricerca Herniamesh R&D -Innovaci\u00f3n al servizio della salute","isPartOf":{"@id":"https:\/\/herniamesh.com\/#website"},"datePublished":"2022-05-04T08:45:38+00:00","dateModified":"2022-07-20T12:20:08+00:00","description":"Dall\u2019ernioplastica secondo la tecnica Trabucco \u201cTension-free, sutureless\u201d alle pi\u00f9 recenti protesi che impiegano tecnologie e materiali sempre pi\u00f9 sofisticati.","breadcrumb":{"@id":"https:\/\/herniamesh.com\/es\/innovacion\/#breadcrumb"},"inLanguage":"es","potentialAction":[{"@type":"ReadAction","target":["https:\/\/herniamesh.com\/es\/innovacion\/"]}]},{"@type":"BreadcrumbList","@id":"https:\/\/herniamesh.com\/es\/innovacion\/#breadcrumb","itemListElement":[{"@type":"ListItem","position":1,"name":"Home","item":"https:\/\/herniamesh.com\/es\/"},{"@type":"ListItem","position":2,"name":"Innovaci\u00f3n"}]},{"@type":"WebSite","@id":"https:\/\/herniamesh.com\/#website","url":"https:\/\/herniamesh.com\/","name":"Herniamesh | Dispositivi medici per l&#039;ernioplastica inguinale ed addominale","description":"Tecnologia al servizio della salute","potentialAction":[{"@type":"SearchAction","target":{"@type":"EntryPoint","urlTemplate":"https:\/\/herniamesh.com\/?s={search_term_string}"},"query-input":{"@type":"PropertyValueSpecification","valueRequired":true,"valueName":"search_term_string"}}],"inLanguage":"es"}]}},"_links":{"self":[{"href":"https:\/\/herniamesh.com\/es\/wp-json\/wp\/v2\/pages\/258096","targetHints":{"allow":["GET"]}}],"collection":[{"href":"https:\/\/herniamesh.com\/es\/wp-json\/wp\/v2\/pages"}],"about":[{"href":"https:\/\/herniamesh.com\/es\/wp-json\/wp\/v2\/types\/page"}],"author":[{"embeddable":true,"href":"https:\/\/herniamesh.com\/es\/wp-json\/wp\/v2\/users\/1"}],"replies":[{"embeddable":true,"href":"https:\/\/herniamesh.com\/es\/wp-json\/wp\/v2\/comments?post=258096"}],"version-history":[{"count":8,"href":"https:\/\/herniamesh.com\/es\/wp-json\/wp\/v2\/pages\/258096\/revisions"}],"predecessor-version":[{"id":258574,"href":"https:\/\/herniamesh.com\/es\/wp-json\/wp\/v2\/pages\/258096\/revisions\/258574"}],"wp:attachment":[{"href":"https:\/\/herniamesh.com\/es\/wp-json\/wp\/v2\/media?parent=258096"}],"curies":[{"name":"wp","href":"https:\/\/api.w.org\/{rel}","templated":true}]}}