{"id":258102,"date":"2022-02-09T16:11:23","date_gmt":"2022-02-09T15:11:23","guid":{"rendered":"https:\/\/herniamesh.com\/produccion\/"},"modified":"2023-11-23T16:04:04","modified_gmt":"2023-11-23T15:04:04","slug":"produccion","status":"publish","type":"page","link":"https:\/\/herniamesh.com\/es\/produccion\/","title":{"rendered":"Producci\u00f3n"},"content":{"rendered":"<p>[et_pb_section fb_built=\u00bb1&#8243; custom_padding_last_edited=\u00bbon|phone\u00bb _builder_version=\u00bb4.16&#8243; _module_preset=\u00bbdefault\u00bb custom_padding=\u00bb20px||||false|false\u00bb custom_padding_tablet=\u00bb20px||||false|false\u00bb custom_padding_phone=\u00bb10px||0px||false|false\u00bb global_colors_info=\u00bb{}\u00bb][et_pb_row column_structure=\u00bb2_5,3_5&#8243; use_custom_gutter=\u00bbon\u00bb make_equal=\u00bbon\u00bb module_id=\u00bbinnovazione\u00bb _builder_version=\u00bb4.16&#8243; _module_preset=\u00bbdefault\u00bb custom_css_main_element=\u00bb||\u00bb global_colors_info=\u00bb{}\u00bb][et_pb_column type=\u00bb2_5&#8243; _builder_version=\u00bb4.16&#8243; _module_preset=\u00bbdefault\u00bb global_colors_info=\u00bb{}\u00bb][et_pb_text admin_label=\u00bbFasi produttive e Controlli di Qualit\u00e0\u00bb _builder_version=\u00bb4.17.5&#8243; _module_preset=\u00bbdefault\u00bb header_font=\u00bb|600||on|||||\u00bb header_text_align=\u00bbleft\u00bb header_text_color=\u00bb#0055A6&#8243; header_font_size=\u00bb37px\u00bb custom_padding=\u00bb8px|||||\u00bb header_font_size_tablet=\u00bb40px\u00bb header_font_size_phone=\u00bb35px\u00bb header_font_size_last_edited=\u00bbon|phone\u00bb global_colors_info=\u00bb{}\u00bb]<\/p>\n<h1>Fases de producci\u00f3n y Controles de Calidad<\/h1>\n<p>[\/et_pb_text][et_pb_image src=\u00bbhttps:\/\/herniamesh.com\/wp-content\/uploads\/2022\/03\/prod-taglio-2.jpg\u00bb alt=\u00bbProducci\u00f3n\u00bb title_text=\u00bbprod-taglio-2&#8243; align=\u00bbcenter\u00bb _builder_version=\u00bb4.16&#8243; _module_preset=\u00bbdefault\u00bb filter_brightness=\u00bb117%\u00bb filter_contrast=\u00bb82%\u00bb global_colors_info=\u00bb{}\u00bb][\/et_pb_image][\/et_pb_column][et_pb_column type=\u00bb3_5&#8243; _builder_version=\u00bb4.16&#8243; _module_preset=\u00bbdefault\u00bb global_colors_info=\u00bb{}\u00bb][et_pb_blurb title=\u00bbControl y aceptaci\u00f3n\u00bb use_icon=\u00bbon\u00bb font_icon=\u00bb&#x3d;||divi||400&#8243; icon_color=\u00bb#0055a6&#8243; icon_placement=\u00bbleft\u00bb admin_label=\u00bbControllo accettazione\u00bb _builder_version=\u00bb4.17.5&#8243; _module_preset=\u00bbdefault\u00bb header_font=\u00bb||||||||\u00bb header_text_color=\u00bb#0055A6&#8243; body_font=\u00bb|300|||||||\u00bb custom_padding=\u00bb||0px|||\u00bb global_colors_info=\u00bb{}\u00bb]Los productos suministrados son sometidos a control y aceptaci\u00f3n con el objetivo de verificar que satisfagan los requisitos detallados en las especificaciones t\u00e9cnicas.[\/et_pb_blurb][et_pb_blurb title=\u00bbRealizaci\u00f3n de las pr\u00f3tesis\u00bb use_icon=\u00bbon\u00bb font_icon=\u00bb&#x3d;||divi||400&#8243; icon_color=\u00bb#0055a6&#8243; icon_placement=\u00bbleft\u00bb admin_label=\u00bbRealizzazione delle protesi\u00bb _builder_version=\u00bb4.17.5&#8243; _module_preset=\u00bbdefault\u00bb header_font=\u00bb||||||||\u00bb header_text_color=\u00bb#0055A6&#8243; body_font=\u00bb|300|||||||\u00bb custom_padding=\u00bb||0px|||\u00bb global_colors_info=\u00bb{}\u00bb]La pr\u00f3tesis se realiza con la ayuda de maquinarias espec\u00edficas.[\/et_pb_blurb][et_pb_blurb title=\u00bbC\u00e1mara blanca\u00bb use_icon=\u00bbon\u00bb font_icon=\u00bb&#x3d;||divi||400&#8243; icon_color=\u00bb#0055a6&#8243; icon_placement=\u00bbleft\u00bb admin_label=\u00bbCamera bianca\u00bb _builder_version=\u00bb4.17.5&#8243; _module_preset=\u00bbdefault\u00bb header_font=\u00bb||||||||\u00bb header_text_color=\u00bb#0055A6&#8243; body_font=\u00bb|300|||||||\u00bb custom_padding=\u00bb||0px|||\u00bb global_colors_info=\u00bb{}\u00bb]Herniamesh\u00ae cuenta con un local de contaminaci\u00f3n controlada en clase ISO 7.[\/et_pb_blurb][et_pb_blurb title=\u00bbControles en l\u00ednea\u00bb use_icon=\u00bbon\u00bb font_icon=\u00bb&#x3d;||divi||400&#8243; icon_color=\u00bb#0055a6&#8243; icon_placement=\u00bbleft\u00bb admin_label=\u00bbControlli in linea\u00bb _builder_version=\u00bb4.17.5&#8243; _module_preset=\u00bbdefault\u00bb header_font=\u00bb||||||||\u00bb header_text_color=\u00bb#0055A6&#8243; body_font=\u00bb|300|||||||\u00bb custom_padding=\u00bb||0px|||\u00bb global_colors_info=\u00bb{}\u00bb]Cada fase del proceso productivo se sigue mediante controles de calidad en l\u00ednea.[\/et_pb_blurb][et_pb_blurb title=\u00bbEmbalaje\u00bb use_icon=\u00bbon\u00bb font_icon=\u00bb&#x3d;||divi||400&#8243; icon_color=\u00bb#0055a6&#8243; icon_placement=\u00bbleft\u00bb admin_label=\u00bbConfezionamento\u00bb _builder_version=\u00bb4.17.5&#8243; _module_preset=\u00bbdefault\u00bb header_font=\u00bb||||||||\u00bb header_text_color=\u00bb#0055A6&#8243; body_font=\u00bb|300|||||||\u00bb custom_padding=\u00bb||0px|||\u00bb global_colors_info=\u00bb{}\u00bb]El producto se empaqueta en bolsa doble de Tyvek o en blister doble que se incluye en un estuche definitivo destinado a la venta.[\/et_pb_blurb][\/et_pb_column][\/et_pb_row][et_pb_row column_structure=\u00bb1_5,1_5,1_5,1_5,1_5&#8243; use_custom_gutter=\u00bbon\u00bb gutter_width=\u00bb2&#8243; _builder_version=\u00bb4.16&#8243; _module_preset=\u00bbdefault\u00bb max_width=\u00bb100%\u00bb global_colors_info=\u00bb{}\u00bb][et_pb_column type=\u00bb1_5&#8243; _builder_version=\u00bb4.16&#8243; _module_preset=\u00bbdefault\u00bb global_colors_info=\u00bb{}\u00bb][et_pb_blurb title=\u00bbControl y aceptaci\u00f3n\u00bb image=\u00bbhttps:\/\/herniamesh.com\/wp-content\/uploads\/2022\/03\/controllo-produzione.jpg\u00bb alt=\u00bbControl y producci\u00f3n\u00bb admin_label=\u00bbControllo accettazione \u00bb _builder_version=\u00bb4.17.5&#8243; _module_preset=\u00bbdefault\u00bb header_font=\u00bb||||||||\u00bb header_text_align=\u00bbcenter\u00bb header_text_color=\u00bb#0055A6&#8243; global_colors_info=\u00bb{}\u00bb][\/et_pb_blurb][\/et_pb_column][et_pb_column type=\u00bb1_5&#8243; _builder_version=\u00bb4.16&#8243; _module_preset=\u00bbdefault\u00bb global_colors_info=\u00bb{}\u00bb][et_pb_blurb title=\u00bbRealizaci\u00f3n de las pr\u00f3tesis\u00bb image=\u00bbhttps:\/\/herniamesh.com\/wp-content\/uploads\/2022\/03\/Reallizzazione_protesi.jpg\u00bb alt=\u00bbControl y producci\u00f3n\u00bb admin_label=\u00bbRealizzazione protesi\u00bb _builder_version=\u00bb4.17.5&#8243; _module_preset=\u00bbdefault\u00bb header_font=\u00bb||||||||\u00bb header_text_align=\u00bbcenter\u00bb header_text_color=\u00bb#0055A6&#8243; global_colors_info=\u00bb{}\u00bb][\/et_pb_blurb][\/et_pb_column][et_pb_column type=\u00bb1_5&#8243; _builder_version=\u00bb4.16&#8243; _module_preset=\u00bbdefault\u00bb global_colors_info=\u00bb{}\u00bb][et_pb_blurb title=\u00bbC\u00e1mara blanca\u00bb image=\u00bbhttps:\/\/herniamesh.com\/wp-content\/uploads\/2022\/03\/camera_bianca.jpg\u00bb alt=\u00bbControl y producci\u00f3n\u00bb admin_label=\u00bbCamera bianca\u00bb _builder_version=\u00bb4.17.5&#8243; _module_preset=\u00bbdefault\u00bb header_font=\u00bb||||||||\u00bb header_text_align=\u00bbcenter\u00bb header_text_color=\u00bb#0055A6&#8243; global_colors_info=\u00bb{}\u00bb][\/et_pb_blurb][\/et_pb_column][et_pb_column type=\u00bb1_5&#8243; _builder_version=\u00bb4.16&#8243; _module_preset=\u00bbdefault\u00bb global_colors_info=\u00bb{}\u00bb][et_pb_blurb title=\u00bbControles de calidad en la l\u00ednea\u00bb image=\u00bbhttps:\/\/herniamesh.com\/wp-content\/uploads\/2022\/03\/Controlli-in-linea.jpg\u00bb alt=\u00bbControl y producci\u00f3n\u00bb admin_label=\u00bbControlli di qualit\u00e0 in linea\u00bb _builder_version=\u00bb4.17.5&#8243; _module_preset=\u00bbdefault\u00bb header_font=\u00bb||||||||\u00bb header_text_align=\u00bbcenter\u00bb header_text_color=\u00bb#0055A6&#8243; global_colors_info=\u00bb{}\u00bb][\/et_pb_blurb][\/et_pb_column][et_pb_column type=\u00bb1_5&#8243; _builder_version=\u00bb4.16&#8243; _module_preset=\u00bbdefault\u00bb global_colors_info=\u00bb{}\u00bb][et_pb_blurb title=\u00bbEmbalaje\u00bb image=\u00bbhttps:\/\/herniamesh.com\/wp-content\/uploads\/2022\/03\/Confezionamento.jpg\u00bb alt=\u00bbControl y producci\u00f3n\u00bb admin_label=\u00bbConfezionamento\u00bb _builder_version=\u00bb4.17.5&#8243; _module_preset=\u00bbdefault\u00bb header_font=\u00bb||||||||\u00bb header_text_align=\u00bbcenter\u00bb header_text_color=\u00bb#0055A6&#8243; global_colors_info=\u00bb{}\u00bb][\/et_pb_blurb][\/et_pb_column][\/et_pb_row][\/et_pb_section][et_pb_section fb_built=\u00bb1&#8243; custom_padding_last_edited=\u00bbon|phone\u00bb module_id=\u00bbcalidad_certificada\u00bb _builder_version=\u00bb4.17.6&#8243; _module_preset=\u00bbdefault\u00bb custom_padding=\u00bb0px||||false|false\u00bb custom_padding_tablet=\u00bb0px||||false|false\u00bb custom_padding_phone=\u00bb0px||0px||false|false\u00bb global_colors_info=\u00bb{}\u00bb][et_pb_row column_structure=\u00bb1_2,1_2&#8243; use_custom_gutter=\u00bbon\u00bb make_equal=\u00bbon\u00bb _builder_version=\u00bb4.16&#8243; _module_preset=\u00bbdefault\u00bb custom_css_main_element=\u00bbalign-items: center;\u00bb global_colors_info=\u00bb{}\u00bb][et_pb_column type=\u00bb1_2&#8243; _builder_version=\u00bb4.16&#8243; _module_preset=\u00bbdefault\u00bb global_colors_info=\u00bb{}\u00bb][et_pb_text admin_label=\u00bbQualit\u00e0 Certificata  Herniamesh\u00ae garantisce la qualit\u00e0 dei suoi prodotti dedicando attenzione ad ogni fase del processo produttivo nell&#8217;ambito di un Sistema di Gestione per la Qualit\u00e0 certificato, in conformit\u00e0 alla norma ISO 13485:2021. I prodotti, fabbricati in accordo alle normative di settore applicabili, recano marcatura CE rilasciata ai sensi delle regolamentazioni europee vigenti sul dispositivo medico. Herniamesh\u00ae dimostra il proprio impegno verso criteri organizzativi in linea con i suddetti requisiti e pone attenzione al mercato attraverso il miglioramento continuo dei prodotti.\u00bb _builder_version=\u00bb4.17.5&#8243; _module_preset=\u00bbdefault\u00bb text_font=\u00bb|300|||||||\u00bb header_2_font=\u00bb|600|||||||\u00bb header_2_text_color=\u00bb#0055A6&#8243; header_2_font_size=\u00bb30px\u00bb text_orientation=\u00bbjustified\u00bb global_colors_info=\u00bb{}\u00bb]<\/p>\n<h2>Calidad Certificada<\/h2>\n<p>Herniamesh\u00ae garantiza la calidad de sus productos dedicando sumo cuidado a cada fase del proceso de producci\u00f3n, dentro del Sistema de Gesti\u00f3n certificado de la Calidad, que es conforme con la norma ISO 13485:2021. Los productos, fabricados seg\u00fan las normativas aplicables del sector, llevan la marca CE que se entrega en virtud de las reglamentaciones europeas vigentes relativas a los dispositivos m\u00e9dicos. Herniamesh demuestra su compromiso con los criterios organizativos, en consonancia con los mencionados requisitos y se adecua al mercado gracias al constante mejoramiento de los productos.<\/p>\n<p>[\/et_pb_text][\/et_pb_column][et_pb_column type=\u00bb1_2&#8243; _builder_version=\u00bb4.16&#8243; _module_preset=\u00bbdefault\u00bb global_colors_info=\u00bb{}\u00bb][et_pb_image src=\u00bbhttps:\/\/herniamesh.com\/wp-content\/uploads\/2022\/02\/produzione_herniamesh02.jpg\u00bb title_text=\u00bbproduzione_herniamesh02&#8243; _builder_version=\u00bb4.16&#8243; _module_preset=\u00bbdefault\u00bb global_colors_info=\u00bb{}\u00bb][\/et_pb_image][\/et_pb_column][\/et_pb_row][\/et_pb_section]<\/p>\n","protected":false},"excerpt":{"rendered":"<p>Fases de producci\u00f3n y Controles de CalidadLos productos suministrados son sometidos a control y aceptaci\u00f3n con el objetivo de verificar que satisfagan los requisitos detallados en las especificaciones t\u00e9cnicas.La pr\u00f3tesis se realiza con la ayuda de maquinarias espec\u00edficas.Herniamesh\u00ae cuenta con un local de contaminaci\u00f3n controlada en clase ISO 7.Cada fase del proceso productivo se sigue [&hellip;]<\/p>\n","protected":false},"author":1,"featured_media":0,"parent":0,"menu_order":0,"comment_status":"closed","ping_status":"closed","template":"","meta":{"_et_pb_use_builder":"on","_et_pb_old_content":"","_et_gb_content_width":"","footnotes":""},"class_list":["post-258102","page","type-page","status-publish","hentry"],"yoast_head":"<!-- This site is optimized with the Yoast SEO plugin v26.5 - https:\/\/yoast.com\/wordpress\/plugins\/seo\/ -->\n<title>Producci\u00f3n - Herniamesh | Dispositivi medici per l&#039;ernioplastica inguinale ed addominale<\/title>\n<meta name=\"robots\" content=\"index, follow, max-snippet:-1, max-image-preview:large, max-video-preview:-1\" \/>\n<link rel=\"canonical\" href=\"https:\/\/herniamesh.com\/es\/produccion\/\" \/>\n<meta property=\"og:locale\" content=\"es_ES\" \/>\n<meta property=\"og:type\" content=\"article\" \/>\n<meta property=\"og:title\" content=\"Producci\u00f3n - Herniamesh | Dispositivi medici per l&#039;ernioplastica inguinale ed addominale\" \/>\n<meta property=\"og:description\" content=\"Fases de producci\u00f3n y Controles de CalidadLos productos suministrados son sometidos a control y aceptaci\u00f3n con el objetivo de verificar que satisfagan los requisitos detallados en las especificaciones t\u00e9cnicas.La pr\u00f3tesis se realiza con la ayuda de maquinarias espec\u00edficas.Herniamesh\u00ae cuenta con un local de contaminaci\u00f3n controlada en clase ISO 7.Cada fase del proceso productivo se sigue [&hellip;]\" \/>\n<meta property=\"og:url\" content=\"https:\/\/herniamesh.com\/es\/produccion\/\" \/>\n<meta property=\"og:site_name\" content=\"Herniamesh | Dispositivi medici per l&#039;ernioplastica inguinale ed addominale\" \/>\n<meta property=\"article:modified_time\" content=\"2023-11-23T15:04:04+00:00\" \/>\n<meta name=\"twitter:card\" content=\"summary_large_image\" \/>\n<meta name=\"twitter:label1\" content=\"Tiempo de lectura\" \/>\n\t<meta name=\"twitter:data1\" content=\"3 minutos\" \/>\n<script type=\"application\/ld+json\" class=\"yoast-schema-graph\">{\"@context\":\"https:\/\/schema.org\",\"@graph\":[{\"@type\":\"WebPage\",\"@id\":\"https:\/\/herniamesh.com\/es\/produccion\/\",\"url\":\"https:\/\/herniamesh.com\/es\/produccion\/\",\"name\":\"Producci\u00f3n - Herniamesh | Dispositivi medici per l&#039;ernioplastica inguinale ed addominale\",\"isPartOf\":{\"@id\":\"https:\/\/herniamesh.com\/#website\"},\"datePublished\":\"2022-02-09T15:11:23+00:00\",\"dateModified\":\"2023-11-23T15:04:04+00:00\",\"breadcrumb\":{\"@id\":\"https:\/\/herniamesh.com\/es\/produccion\/#breadcrumb\"},\"inLanguage\":\"es\",\"potentialAction\":[{\"@type\":\"ReadAction\",\"target\":[\"https:\/\/herniamesh.com\/es\/produccion\/\"]}]},{\"@type\":\"BreadcrumbList\",\"@id\":\"https:\/\/herniamesh.com\/es\/produccion\/#breadcrumb\",\"itemListElement\":[{\"@type\":\"ListItem\",\"position\":1,\"name\":\"Home\",\"item\":\"https:\/\/herniamesh.com\/es\/\"},{\"@type\":\"ListItem\",\"position\":2,\"name\":\"Producci\u00f3n\"}]},{\"@type\":\"WebSite\",\"@id\":\"https:\/\/herniamesh.com\/#website\",\"url\":\"https:\/\/herniamesh.com\/\",\"name\":\"Herniamesh | Dispositivi medici per l&#039;ernioplastica inguinale ed addominale\",\"description\":\"Tecnologia al servizio della salute\",\"potentialAction\":[{\"@type\":\"SearchAction\",\"target\":{\"@type\":\"EntryPoint\",\"urlTemplate\":\"https:\/\/herniamesh.com\/?s={search_term_string}\"},\"query-input\":{\"@type\":\"PropertyValueSpecification\",\"valueRequired\":true,\"valueName\":\"search_term_string\"}}],\"inLanguage\":\"es\"}]}<\/script>\n<!-- \/ Yoast SEO plugin. -->","yoast_head_json":{"title":"Producci\u00f3n - Herniamesh | Dispositivi medici per l&#039;ernioplastica inguinale ed addominale","robots":{"index":"index","follow":"follow","max-snippet":"max-snippet:-1","max-image-preview":"max-image-preview:large","max-video-preview":"max-video-preview:-1"},"canonical":"https:\/\/herniamesh.com\/es\/produccion\/","og_locale":"es_ES","og_type":"article","og_title":"Producci\u00f3n - Herniamesh | Dispositivi medici per l&#039;ernioplastica inguinale ed addominale","og_description":"Fases de producci\u00f3n y Controles de CalidadLos productos suministrados son sometidos a control y aceptaci\u00f3n con el objetivo de verificar que satisfagan los requisitos detallados en las especificaciones t\u00e9cnicas.La pr\u00f3tesis se realiza con la ayuda de maquinarias espec\u00edficas.Herniamesh\u00ae cuenta con un local de contaminaci\u00f3n controlada en clase ISO 7.Cada fase del proceso productivo se sigue [&hellip;]","og_url":"https:\/\/herniamesh.com\/es\/produccion\/","og_site_name":"Herniamesh | Dispositivi medici per l&#039;ernioplastica inguinale ed addominale","article_modified_time":"2023-11-23T15:04:04+00:00","twitter_card":"summary_large_image","twitter_misc":{"Tiempo de lectura":"3 minutos"},"schema":{"@context":"https:\/\/schema.org","@graph":[{"@type":"WebPage","@id":"https:\/\/herniamesh.com\/es\/produccion\/","url":"https:\/\/herniamesh.com\/es\/produccion\/","name":"Producci\u00f3n - Herniamesh | Dispositivi medici per l&#039;ernioplastica inguinale ed addominale","isPartOf":{"@id":"https:\/\/herniamesh.com\/#website"},"datePublished":"2022-02-09T15:11:23+00:00","dateModified":"2023-11-23T15:04:04+00:00","breadcrumb":{"@id":"https:\/\/herniamesh.com\/es\/produccion\/#breadcrumb"},"inLanguage":"es","potentialAction":[{"@type":"ReadAction","target":["https:\/\/herniamesh.com\/es\/produccion\/"]}]},{"@type":"BreadcrumbList","@id":"https:\/\/herniamesh.com\/es\/produccion\/#breadcrumb","itemListElement":[{"@type":"ListItem","position":1,"name":"Home","item":"https:\/\/herniamesh.com\/es\/"},{"@type":"ListItem","position":2,"name":"Producci\u00f3n"}]},{"@type":"WebSite","@id":"https:\/\/herniamesh.com\/#website","url":"https:\/\/herniamesh.com\/","name":"Herniamesh | Dispositivi medici per l&#039;ernioplastica inguinale ed addominale","description":"Tecnologia al servizio della salute","potentialAction":[{"@type":"SearchAction","target":{"@type":"EntryPoint","urlTemplate":"https:\/\/herniamesh.com\/?s={search_term_string}"},"query-input":{"@type":"PropertyValueSpecification","valueRequired":true,"valueName":"search_term_string"}}],"inLanguage":"es"}]}},"_links":{"self":[{"href":"https:\/\/herniamesh.com\/es\/wp-json\/wp\/v2\/pages\/258102","targetHints":{"allow":["GET"]}}],"collection":[{"href":"https:\/\/herniamesh.com\/es\/wp-json\/wp\/v2\/pages"}],"about":[{"href":"https:\/\/herniamesh.com\/es\/wp-json\/wp\/v2\/types\/page"}],"author":[{"embeddable":true,"href":"https:\/\/herniamesh.com\/es\/wp-json\/wp\/v2\/users\/1"}],"replies":[{"embeddable":true,"href":"https:\/\/herniamesh.com\/es\/wp-json\/wp\/v2\/comments?post=258102"}],"version-history":[{"count":8,"href":"https:\/\/herniamesh.com\/es\/wp-json\/wp\/v2\/pages\/258102\/revisions"}],"predecessor-version":[{"id":261217,"href":"https:\/\/herniamesh.com\/es\/wp-json\/wp\/v2\/pages\/258102\/revisions\/261217"}],"wp:attachment":[{"href":"https:\/\/herniamesh.com\/es\/wp-json\/wp\/v2\/media?parent=258102"}],"curies":[{"name":"wp","href":"https:\/\/api.w.org\/{rel}","templated":true}]}}