{"id":261403,"date":"2022-02-03T12:05:54","date_gmt":"2022-02-03T11:05:54","guid":{"rendered":"https:\/\/herniamesh.com\/privacy-policy\/"},"modified":"2024-01-26T17:02:35","modified_gmt":"2024-01-26T16:02:35","slug":"privacy-policy","status":"publish","type":"page","link":"https:\/\/herniamesh.com\/es\/privacy-policy\/","title":{"rendered":"Privacy Policy"},"content":{"rendered":"<p>[et_pb_section fb_built=\u00bb1&#8243; _builder_version=\u00bb4.16&#8243; _module_preset=\u00bbdefault\u00bb global_colors_info=\u00bb{}\u00bb][et_pb_row _builder_version=\u00bb4.16&#8243; _module_preset=\u00bbdefault\u00bb global_colors_info=\u00bb{}\u00bb][et_pb_column type=\u00bb4_4&#8243; _builder_version=\u00bb4.16&#8243; _module_preset=\u00bbdefault\u00bb global_colors_info=\u00bb{}\u00bb][et_pb_text _builder_version=\u00bb4.23&#8243; _module_preset=\u00bbdefault\u00bb hover_enabled=\u00bb0&#8243; sticky_enabled=\u00bb0&#8243;]<\/p>\n<h1><strong>Nota informativa de conformidad con el art\u00edculo 13 del Reglamento Europeo 2016\/679 sobre el tratamiento de datos personales<\/strong><\/h1>\n<p><strong>\u00a0<\/strong><strong>HERNIAMESH S.R.L.<\/strong>, con domicilio social en via Fratelli Meliga 1\/C, 10034 Chivasso (TO) en la persona de su representante legal pro tempore, en calidad de responsable del tratamiento, le informa, de conformidad con el art. 13 y siguientes del Reglamento UE 679\/2016 (denominado RGPD), que los datos personales, incluidos los datos especiales, facilitados voluntariamente, ser\u00e1n tratados de conformidad con los principios de correcci\u00f3n, licitud, transparencia, protecci\u00f3n de la confidencialidad y de los derechos, en pleno cumplimiento de la legislaci\u00f3n vigente en materia de protecci\u00f3n de datos personales<\/p>\n<p>Puede ponerse en contacto con la oficina de privacidad a efectos del ejercicio de los derechos previstos en el art. 15 del Reg. UE 2016\/679 en la siguiente direcci\u00f3n de correo electr\u00f3nico <a href=\"mailto:privacy@herniamesh.it\">privacy@herniamesh.it<\/a>.<\/p>\n<h3><strong>A. Finalidad del tratamiento y fundamento jur\u00eddico <\/strong><\/h3>\n<p>La finalidad del tratamiento de los datos, de conformidad con lo dispuesto en el art\u00edculo 6, apartado 1, letra b) del RGPD, es llevar a cabo la evaluaci\u00f3n del perfil del responsable para puestos de trabajo.<\/p>\n<p>Le informamos que el tratamiento se llevar\u00e1 a cabo con las siguientes finalidades:<\/p>\n<ul>\n<li>Administrativas, para la ejecuci\u00f3n de un contrato o actividades precontractuales y para el acceso al \u00e1rea reservada del sitio, por un per\u00edodo de tiempo no superior a la consecuci\u00f3n de los fines expresados (5 a\u00f1os) y las obligaciones de almacenamiento previstas por la ley;<\/li>\n<li>Recursos Humanos, para la evaluaci\u00f3n del perfil del titular para puestos de trabajo y por un per\u00edodo de tiempo no superior al cumplimiento de los fines expresados (5 a\u00f1os) y de las obligaciones de conservaci\u00f3n previstas por la ley.<\/li>\n<\/ul>\n<h3><strong>B. Modos y duraci\u00f3n del tratamiento<\/strong><\/h3>\n<p>Los datos personales proporcionados ser\u00e1n procesados por el responsable incluso mediante externalizaci\u00f3n (subcontratando la gesti\u00f3n del tratamiento), de forma automatizada o mediante soportes de papel, a trav\u00e9s de la organizaci\u00f3n y el tratamiento de los datos, correlacionados con los fines previstos en el punto A. Este proceso ser\u00e1 respaldado por garant\u00edas de seguridad y confidencialidad de los datos, en cumplimiento de las medidas t\u00e9cnicas y organizativas adecuadas de conformidad con el art\u00edculo 32 del Reg. UE 2016\/679.<\/p>\n<p>Los datos personales adquiridos para los fines indicados anteriormente ser\u00e1n tratados durante el tiempo necesario para perseguir los fines previstos en el punto A. Transcurrido dicho plazo, los datos se suprimir\u00e1n y\/o destruir\u00e1n o podr\u00e1n archivarse de forma an\u00f3nima con fines meramente estad\u00edsticos, conforme a lo previsto en la legislaci\u00f3n vigente.<\/p>\n<h3><strong>C. Terceros que pueden tener conocimiento de los datos<\/strong><\/h3>\n<p>Los datos personales proporcionados ser\u00e1n tratados por personal interno autorizado; podr\u00e1n ser comunicados a sujetos p\u00fablicos, institucionales o profesionales autorizados por ley a solicitar la adquisici\u00f3n de dichos datos exclusivamente para las finalidades indicadas en el punto A.<\/p>\n<h3><strong>D. Transferencia de datos al extranjero<\/strong><\/h3>\n<p><strong>\u00a0<\/strong>Los datos adquiridos ser\u00e1n tratados dentro de la Uni\u00f3n Europea.<\/p>\n<p>Se realizar\u00e1 la transferencia de datos a entidades ubicadas fuera de la Uni\u00f3n Europea:<\/p>\n<ul>\n<li>\u00danicamente si usted ha dado su consentimiento expreso y\/o<\/li>\n<li>Con est\u00e1ndares de seguridad apropiados para un nivel adecuado de protecci\u00f3n de datos, con la firma de cl\u00e1usulas contractuales apropiadas (ref. art. 28 RGPD \u00abEncargado del tratamiento\u00bb) aprobadas por la Comisi\u00f3n Europea.<\/li>\n<\/ul>\n<h3><strong>E. Cookies<\/strong><\/h3>\n<p>Recopilamos datos autom\u00e1ticamente mediante el uso de diversas tecnolog\u00edas, incluidas las \u00abcookies\u00bb:<br \/>M\u00e1s informaci\u00f3n de la Pol\u00edtica de Cookies.<\/p>\n<h3><strong>F. Derechos de los interesados<\/strong><\/h3>\n<p><strong>\u00a0<\/strong>En cualquier momento, usted podr\u00e1 ejercer sus derechos frente al responsable del tratamiento.<\/p>\n<p>De conformidad con los art\u00edculos 15 y siguientes del Reglamento UE 2016\/679, usted tiene derecho a<\/p>\n<ol>\n<li>obtener la confirmaci\u00f3n de la existencia o no de los datos personales que le conciernen, aunque a\u00fan no est\u00e9n registrados, y su comunicaci\u00f3n en forma inteligible;<\/li>\n<li>obtener informaci\u00f3n sobre el origen de los datos personales, las finalidades y modalidades del tratamiento, la l\u00f3gica aplicada en caso de tratamiento efectuado con la ayuda de instrumentos electr\u00f3nicos, los datos de identificaci\u00f3n del responsable, de los encargados y del representante designado en virtud del art\u00edculo 5, apartado 2, los sujetos o categor\u00edas de sujetos a los que se pueden comunicar los datos personales o que pueden tener conocimiento de los mismos en calidad de representante designado en el territorio del Estado, los encargados o las personas encargadas del tratamiento;<\/li>\n<li>obtener la actualizaci\u00f3n, la rectificaci\u00f3n o, en su caso, la integraci\u00f3n de los datos;<\/li>\n<li>obtener la cancelaci\u00f3n de los datos en los casos previstos por el art. 17 del Reg. UE 2016\/679, la transformaci\u00f3n en forma an\u00f3nima o el bloqueo de los datos tratados en violaci\u00f3n de la ley, incluidos aquellos que no es necesario conservar en relaci\u00f3n con las finalidades para las cuales los datos han sido recogidos o sucesivamente tratados;<\/li>\n<li>obtener la limitaci\u00f3n del tratamiento en los casos previstos por el art. 18 Reg. UE 2016\/679;<\/li>\n<li>recibir en un formato estructurado, de uso com\u00fan y legible por dispositivo autom\u00e1tico, los datos personales que le conciernen y el derecho a transmitirlos, por parte de HERNIAMESH S.R.L., a otro responsable del tratamiento;<\/li>\n<li>oponerse, total o parcialmente por motivos leg\u00edtimos, al tratamiento de los datos personales que le conciernen, aunque sean pertinentes a la finalidad de la recogida;<\/li>\n<li>derecho a la portabilidad de los datos<\/li>\n<li>presentar una reclamaci\u00f3n ante la Autoridad Italiana de Protecci\u00f3n de Datos (<a href=\"http:\/\/www.garanteprivacy.it\">garanteprivacy.it<\/a>).<\/li>\n<\/ol>\n<p>Los derechos enumerados anteriormente pueden ejercerse en cualquier momento enviando una solicitud por correo electr\u00f3nico a <em>privacy@herniamesh.it<\/em>.<\/p>\n<p>[\/et_pb_text][\/et_pb_column][\/et_pb_row][\/et_pb_section]<\/p>\n","protected":false},"excerpt":{"rendered":"<p>Nota informativa de conformidad con el art\u00edculo 13 del Reglamento Europeo 2016\/679 sobre el tratamiento de datos personales \u00a0HERNIAMESH S.R.L., con domicilio social en via Fratelli Meliga 1\/C, 10034 Chivasso (TO) en la persona de su representante legal pro tempore, en calidad de responsable del tratamiento, le informa, de conformidad con el art. 13 y [&hellip;]<\/p>\n","protected":false},"author":1,"featured_media":0,"parent":0,"menu_order":0,"comment_status":"closed","ping_status":"closed","template":"","meta":{"_et_pb_use_builder":"on","_et_pb_old_content":"","_et_gb_content_width":"","footnotes":""},"class_list":["post-261403","page","type-page","status-publish","hentry"],"yoast_head":"<!-- This site is optimized with the Yoast SEO plugin v26.5 - https:\/\/yoast.com\/wordpress\/plugins\/seo\/ -->\n<title>Privacy Policy - Herniamesh | Dispositivi medici per l&#039;ernioplastica inguinale ed addominale<\/title>\n<meta name=\"description\" content=\"Informativa privacy. Titolare Herniamesh Srl. L&#039;informativa descrive i trattamenti effettuati sui dati raccolti tramite il sito web dell&#039;azienda.\" \/>\n<meta name=\"robots\" content=\"index, follow, max-snippet:-1, max-image-preview:large, max-video-preview:-1\" \/>\n<link rel=\"canonical\" href=\"https:\/\/herniamesh.com\/privacy-policy\/\" \/>\n<meta property=\"og:locale\" content=\"es_ES\" \/>\n<meta property=\"og:type\" content=\"article\" \/>\n<meta property=\"og:title\" content=\"Privacy Policy - Herniamesh | Dispositivi medici per l&#039;ernioplastica inguinale ed addominale\" \/>\n<meta property=\"og:description\" content=\"Informativa privacy. Titolare Herniamesh Srl. L&#039;informativa descrive i trattamenti effettuati sui dati raccolti tramite il sito web dell&#039;azienda.\" \/>\n<meta property=\"og:url\" content=\"https:\/\/herniamesh.com\/privacy-policy\/\" \/>\n<meta property=\"og:site_name\" content=\"Herniamesh | Dispositivi medici per l&#039;ernioplastica inguinale ed addominale\" \/>\n<meta property=\"article:modified_time\" content=\"2024-01-26T16:02:35+00:00\" \/>\n<meta name=\"twitter:card\" content=\"summary_large_image\" \/>\n<meta name=\"twitter:label1\" content=\"Tiempo de lectura\" \/>\n\t<meta name=\"twitter:data1\" content=\"5 minutos\" \/>\n<script type=\"application\/ld+json\" class=\"yoast-schema-graph\">{\"@context\":\"https:\/\/schema.org\",\"@graph\":[{\"@type\":\"WebPage\",\"@id\":\"https:\/\/herniamesh.com\/privacy-policy\/\",\"url\":\"https:\/\/herniamesh.com\/privacy-policy\/\",\"name\":\"Privacy Policy - Herniamesh | Dispositivi medici per l&#039;ernioplastica inguinale ed addominale\",\"isPartOf\":{\"@id\":\"https:\/\/herniamesh.com\/#website\"},\"datePublished\":\"2022-02-03T11:05:54+00:00\",\"dateModified\":\"2024-01-26T16:02:35+00:00\",\"description\":\"Informativa privacy. Titolare Herniamesh Srl. L'informativa descrive i trattamenti effettuati sui dati raccolti tramite il sito web dell'azienda.\",\"breadcrumb\":{\"@id\":\"https:\/\/herniamesh.com\/privacy-policy\/#breadcrumb\"},\"inLanguage\":\"es\",\"potentialAction\":[{\"@type\":\"ReadAction\",\"target\":[\"https:\/\/herniamesh.com\/privacy-policy\/\"]}]},{\"@type\":\"BreadcrumbList\",\"@id\":\"https:\/\/herniamesh.com\/privacy-policy\/#breadcrumb\",\"itemListElement\":[{\"@type\":\"ListItem\",\"position\":1,\"name\":\"Home\",\"item\":\"https:\/\/herniamesh.com\/es\/\"},{\"@type\":\"ListItem\",\"position\":2,\"name\":\"Privacy Policy\"}]},{\"@type\":\"WebSite\",\"@id\":\"https:\/\/herniamesh.com\/#website\",\"url\":\"https:\/\/herniamesh.com\/\",\"name\":\"Herniamesh | Dispositivi medici per l&#039;ernioplastica inguinale ed addominale\",\"description\":\"Tecnologia al servizio della salute\",\"potentialAction\":[{\"@type\":\"SearchAction\",\"target\":{\"@type\":\"EntryPoint\",\"urlTemplate\":\"https:\/\/herniamesh.com\/?s={search_term_string}\"},\"query-input\":{\"@type\":\"PropertyValueSpecification\",\"valueRequired\":true,\"valueName\":\"search_term_string\"}}],\"inLanguage\":\"es\"}]}<\/script>\n<!-- \/ Yoast SEO plugin. -->","yoast_head_json":{"title":"Privacy Policy - Herniamesh | Dispositivi medici per l&#039;ernioplastica inguinale ed addominale","description":"Informativa privacy. Titolare Herniamesh Srl. L'informativa descrive i trattamenti effettuati sui dati raccolti tramite il sito web dell'azienda.","robots":{"index":"index","follow":"follow","max-snippet":"max-snippet:-1","max-image-preview":"max-image-preview:large","max-video-preview":"max-video-preview:-1"},"canonical":"https:\/\/herniamesh.com\/privacy-policy\/","og_locale":"es_ES","og_type":"article","og_title":"Privacy Policy - Herniamesh | Dispositivi medici per l&#039;ernioplastica inguinale ed addominale","og_description":"Informativa privacy. Titolare Herniamesh Srl. L'informativa descrive i trattamenti effettuati sui dati raccolti tramite il sito web dell'azienda.","og_url":"https:\/\/herniamesh.com\/privacy-policy\/","og_site_name":"Herniamesh | Dispositivi medici per l&#039;ernioplastica inguinale ed addominale","article_modified_time":"2024-01-26T16:02:35+00:00","twitter_card":"summary_large_image","twitter_misc":{"Tiempo de lectura":"5 minutos"},"schema":{"@context":"https:\/\/schema.org","@graph":[{"@type":"WebPage","@id":"https:\/\/herniamesh.com\/privacy-policy\/","url":"https:\/\/herniamesh.com\/privacy-policy\/","name":"Privacy Policy - Herniamesh | Dispositivi medici per l&#039;ernioplastica inguinale ed addominale","isPartOf":{"@id":"https:\/\/herniamesh.com\/#website"},"datePublished":"2022-02-03T11:05:54+00:00","dateModified":"2024-01-26T16:02:35+00:00","description":"Informativa privacy. Titolare Herniamesh Srl. L'informativa descrive i trattamenti effettuati sui dati raccolti tramite il sito web dell'azienda.","breadcrumb":{"@id":"https:\/\/herniamesh.com\/privacy-policy\/#breadcrumb"},"inLanguage":"es","potentialAction":[{"@type":"ReadAction","target":["https:\/\/herniamesh.com\/privacy-policy\/"]}]},{"@type":"BreadcrumbList","@id":"https:\/\/herniamesh.com\/privacy-policy\/#breadcrumb","itemListElement":[{"@type":"ListItem","position":1,"name":"Home","item":"https:\/\/herniamesh.com\/es\/"},{"@type":"ListItem","position":2,"name":"Privacy Policy"}]},{"@type":"WebSite","@id":"https:\/\/herniamesh.com\/#website","url":"https:\/\/herniamesh.com\/","name":"Herniamesh | Dispositivi medici per l&#039;ernioplastica inguinale ed addominale","description":"Tecnologia al servizio della salute","potentialAction":[{"@type":"SearchAction","target":{"@type":"EntryPoint","urlTemplate":"https:\/\/herniamesh.com\/?s={search_term_string}"},"query-input":{"@type":"PropertyValueSpecification","valueRequired":true,"valueName":"search_term_string"}}],"inLanguage":"es"}]}},"_links":{"self":[{"href":"https:\/\/herniamesh.com\/es\/wp-json\/wp\/v2\/pages\/261403","targetHints":{"allow":["GET"]}}],"collection":[{"href":"https:\/\/herniamesh.com\/es\/wp-json\/wp\/v2\/pages"}],"about":[{"href":"https:\/\/herniamesh.com\/es\/wp-json\/wp\/v2\/types\/page"}],"author":[{"embeddable":true,"href":"https:\/\/herniamesh.com\/es\/wp-json\/wp\/v2\/users\/1"}],"replies":[{"embeddable":true,"href":"https:\/\/herniamesh.com\/es\/wp-json\/wp\/v2\/comments?post=261403"}],"version-history":[{"count":2,"href":"https:\/\/herniamesh.com\/es\/wp-json\/wp\/v2\/pages\/261403\/revisions"}],"predecessor-version":[{"id":261405,"href":"https:\/\/herniamesh.com\/es\/wp-json\/wp\/v2\/pages\/261403\/revisions\/261405"}],"wp:attachment":[{"href":"https:\/\/herniamesh.com\/es\/wp-json\/wp\/v2\/media?parent=261403"}],"curies":[{"name":"wp","href":"https:\/\/api.w.org\/{rel}","templated":true}]}}