{"id":261408,"date":"2022-07-21T13:36:14","date_gmt":"2022-07-21T11:36:14","guid":{"rendered":"https:\/\/herniamesh.com\/politica-de-cookies\/"},"modified":"2024-01-29T12:06:47","modified_gmt":"2024-01-29T11:06:47","slug":"politica-de-cookies","status":"publish","type":"page","link":"https:\/\/herniamesh.com\/es\/politica-de-cookies\/","title":{"rendered":"Pol\u00edtica de cookies"},"content":{"rendered":"<p>[et_pb_section fb_built=\u00bb1&#8243; _builder_version=\u00bb4.17.6&#8243; _module_preset=\u00bbdefault\u00bb global_colors_info=\u00bb{}\u00bb][et_pb_row _builder_version=\u00bb4.17.6&#8243; _module_preset=\u00bbdefault\u00bb global_colors_info=\u00bb{}\u00bb][et_pb_column type=\u00bb4_4&#8243; _builder_version=\u00bb4.17.6&#8243; _module_preset=\u00bbdefault\u00bb global_colors_info=\u00bb{}\u00bb][et_pb_text _builder_version=\u00bb4.17.6&#8243; _module_preset=\u00bbdefault\u00bb global_colors_info=\u00bb{}\u00bb]<\/p>\n<h1>Pol\u00edtica de cookies<\/h1>\n<p>Este sitio web hace uso de cookies, es decir, peque\u00f1os ficheros de texto que los sitios visitados por el usuario env\u00edan a su terminal (ordenador, tableta, tel\u00e9fono inteligente), donde se almacenan con el fin de ser retransmitidos a los mismos sitios la pr\u00f3xima vez que el mismo usuario los visite. Las cookies pueden utilizarse para diferentes fines, como, por ejemplo, la ejecuci\u00f3n de autenticaciones inform\u00e1ticas, la supervisi\u00f3n de sesiones, almacenar informaci\u00f3n de configuraciones espec\u00edficas relativas a los usuarios que acceden al servidor y se clasifican gen\u00e9ricamente en tres categor\u00edas: cookies t\u00e9cnicas, cookies de perfiles, cookies de terceros. Seg\u00fan el tipo, la legislaci\u00f3n prev\u00e9 que, para su uso l\u00edcito por parte del operador del sitio, en algunos casos, basta con la mera informaci\u00f3n sobre su utilizaci\u00f3n, mientras que en otros casos, adem\u00e1s de la nota informativa, es necesario obtener el correspondiente consentimiento del usuario.<\/p>\n<h3>Cookies t\u00e9cnicas<\/h3>\n<p>En particular, las cookies t\u00e9cnicas se utilizan generalmente (a) para facilitar el acceso de los usuarios a los servicios que ofrece el sitio tras los procedimientos de autenticaci\u00f3n, para facilitar la navegaci\u00f3n dentro del sitio, para acceder a \u00e1reas restringidas o para poder comprar bienes o servicios ofrecidos a la venta por el sitio; (b) para recopilar informaci\u00f3n de forma agregada, sobre el n\u00famero de usuarios que visitan el sitio o sobre c\u00f3mo los usuarios navegan dentro del sitio; (c) para habilitar ciertas funcionalidades del sitio como, por ejemplo, el uso de un determinado idioma u otras configuraciones. Algunas cookies t\u00e9cnicas se definen como cookies de sesi\u00f3n, ya que se eliminan inmediatamente del dispositivo del usuario al final de la sesi\u00f3n de navegaci\u00f3n. Las cookies permanentes, en cambio, tienen una vida m\u00e1s larga y permanecen almacenadas en su dispositivo hasta que caducan o el usuario las elimina. Las cookies que utiliza este sitio web son: Cookies de sesi\u00f3n: Ficheros temporales que se guardan \u00fanicamente para almacenar la sesi\u00f3n de navegaci\u00f3n por el sitio web. No se requiere consentimiento para el uso de cookies t\u00e9cnicas.<\/p>\n<h3>Cookies de terceros<\/h3>\n<p>Adem\u00e1s, este sitio tambi\u00e9n permite la instalaci\u00f3n de cookies de terceros en el equipo terminal del usuario, es decir, cookies de otras empresas que han suscrito acuerdos con el titular de este sitio para instalar sus propias cookies en el mismo. En este contexto, sin embargo, el titular de este sitio no act\u00faa como titular de las cookies de terceros, sino como mero intermediario t\u00e9cnico entre el usuario y el tercero y, por tanto, no asume responsabilidad alguna por el uso de cookies que hagan estos terceros. En este sitio est\u00e1n presentes las siguientes cookies: cookies de Google Analytics, que permiten el an\u00e1lisis de estad\u00edsticas sobre los visitantes del sitio y que ayudan a los propietarios de sitios web a comprender c\u00f3mo interact\u00faan estos visitantes con su contenido, sin que Google identifique a los visitantes. No obstante, le informamos de que en este sitio se ha integrado el c\u00f3digo de Google Analytics para anonimizar su direcci\u00f3n IP. Las cookies de Google Maps, que permiten que un usuario con una cuenta de Google sea reconocido (en este caso, su icono aparecer\u00e1 en el mapa del sitio) y, al conocer sus preferencias y los lugares guardados en su perfil de usuario, le brindar\u00e1n algunas facilidades en el uso del mapa (por ejemplo, estas cookies ayudan a ver f\u00e1cilmente la ruta desde su hogar hasta el lugar indicado en el mapa, donde se encuentra la empresa propietaria del sitio en el que el usuario est\u00e1 navegando). Para m\u00e1s informaci\u00f3n, vea estas p\u00e1ginas:<\/p>\n<ul>\n<li style=\"list-style-type: none;\">\n<ul>\n<li><a href=\"https:\/\/support.google.com\/maps\/answer\/6114308?p=thirdpartymaps&amp;hl=it&amp;rd=1\">https:\/\/support.google.com\/maps\/answer\/6114308?p=thirdpartymaps&amp;hl=it&amp;rd=1<\/a><\/li>\n<li><a href=\"https:\/\/www.google.com\/intl\/it\/policies\/privacy\/\">https:\/\/www.google.com\/intl\/it\/policies\/privacy\/<\/a><\/li>\n<\/ul>\n<\/li>\n<\/ul>\n<h3>Derechos del usuario<\/h3>\n<p>El usuario, en cualquier momento, podr\u00e1 ejercer sus derechos en virtud de los art\u00edculos 7 y siguientes del C\u00f3digo y podr\u00e1 solicitar, entre otras cosas, la desactivaci\u00f3n de las cookies. Para ejercer tales derechos, el usuario podr\u00e1 dirigirse por escrito a Herniamesh S.R.L., en calidad de Responsable del tratamiento, mediante la direcci\u00f3n de correo electr\u00f3nico indicada en la secci\u00f3n de contacto. El usuario puede expresar sus elecciones en relaci\u00f3n con el uso de cookies por parte de este sitio tambi\u00e9n a trav\u00e9s de la configuraci\u00f3n del navegador que utiliza normalmente para navegar por Internet (entre los principales, Internet Explorer, Firefox, Google Crome, Safari). Cambiando la configuraci\u00f3n de su navegador, puede aceptar o rechazar las cookies. A continuaci\u00f3n encontrar\u00e1 algunos enlaces que le ayudar\u00e1n a comprender el procedimiento para desactivar las cookies en los navegadores m\u00e1s utilizados:<\/p>\n<p>INTERNET EXPLORER\u00a0<a href=\"http:\/\/windows.microsoft.com\/it-it\/windows7\/block-enable-or-allow-cookies\">http:\/\/windows.microsoft.com\/it-it\/windows7\/block-enable-or-allow-cookies<\/a><br \/>GOOGLE CHROME\u00a0<a href=\"https:\/\/support.google.com\/accounts\/answer\/61416?hl=it\">https:\/\/support.google.com\/accounts\/answer\/61416?hl=it<\/a><br \/>APPLE SAFARI\u00a0<a href=\"http:\/\/support.apple.com\/it-it\/HT1677\">http:\/\/support.apple.com\/it-it\/HT1677<\/a><br \/>MOZILLA FIREFOX\u00a0<a href=\"https:\/\/support.mozilla.org\/it\/kb\/Attivare%20e%20disattivare%20i%20cookie\">https:\/\/support.mozilla.org\/it\/kb\/Attivare%20e%20disattivare%20i%20cookie<\/a><\/p>\n<p>Sin embargo, si desactiva completamente las cookies en su navegador es posible que ya no pueda utilizar todas las funciones interactivas de este sitio.<\/p>\n<h3>Desactivaci\u00f3n de las cookies<\/h3>\n<p>Adem\u00e1s de lo indicado en este documento, puede gestionar sus preferencias de Cookies directamente en su navegador e impedir, por ejemplo, que terceros instalen Cookies. Tambi\u00e9n puede utilizar las preferencias de su navegador para eliminar las Cookies que haya instalado anteriormente, incluida la Cookie en la que puede haber guardado su consentimiento para la instalaci\u00f3n de Cookies por parte de este sitio web. Es importante tener en cuenta que al desactivar las Cookies, el funcionamiento de este sitio web puede verse afectado. Cada navegador tiene procedimientos diferentes para gestionar la configuraci\u00f3n. Puede obtener instrucciones espec\u00edficas a trav\u00e9s de los enlaces anteriores.<\/p>\n<h3>Informaci\u00f3n espec\u00edfica<\/h3>\n<p>A petici\u00f3n del usuario, adem\u00e1s de la informaci\u00f3n contenida en esta pol\u00edtica de cookies, este sitio puede proporcionar al usuario informaci\u00f3n adicional y contextual relativa a servicios espec\u00edficos o a la recogida y tratamiento de datos personales.<\/p>\n<h3>Informaci\u00f3n no contenida en esta pol\u00edtica<\/h3>\n<p>Puede solicitar en cualquier momento m\u00e1s informaci\u00f3n en relaci\u00f3n con el tratamiento de sus datos personales al responsable del tratamiento utilizando la informaci\u00f3n de contacto.<\/p>\n<h3>Cambios en esta pol\u00edtica de cookies<\/h3>\n<p>El responsable del tratamiento se reserva el derecho a realizar cambios en esta pol\u00edtica de cookies en cualquier momento, informando a los usuarios en esta p\u00e1gina y, si es posible, en herniamesh.com, as\u00ed como, cuando sea t\u00e9cnica y legalmente factible, enviando una notificaci\u00f3n a los usuarios a trav\u00e9s de uno de los datos de contacto que posee el responsable del tratamiento. Si los cambios afectan al tratamiento cuya base jur\u00eddica es el consentimiento, el responsable del tratamiento recabar\u00e1 de nuevo el consentimiento del usuario, si fuera necesario.<\/p>\n<p><script id=\"CookieDeclaration\" src=\"https:\/\/consent.cookiebot.com\/1d87bf93-59a3-430a-8060-4ed04ec03ffb\/cd.js\" type=\"text\/javascript\" async><span data-mce-type=\"bookmark\" style=\"display: inline-block; width: 0px; overflow: hidden; line-height: 0;\" class=\"mce_SELRES_start\">\ufeff<\/span><\/script><\/p>\n<p>[\/et_pb_text][\/et_pb_column][\/et_pb_row][\/et_pb_section]<\/p>\n","protected":false},"excerpt":{"rendered":"<p>Pol\u00edtica de cookies Este sitio web hace uso de cookies, es decir, peque\u00f1os ficheros de texto que los sitios visitados por el usuario env\u00edan a su terminal (ordenador, tableta, tel\u00e9fono inteligente), donde se almacenan con el fin de ser retransmitidos a los mismos sitios la pr\u00f3xima vez que el mismo usuario los visite. Las cookies [&hellip;]<\/p>\n","protected":false},"author":1,"featured_media":0,"parent":0,"menu_order":0,"comment_status":"closed","ping_status":"closed","template":"","meta":{"_et_pb_use_builder":"on","_et_pb_old_content":"","_et_gb_content_width":"","footnotes":""},"class_list":["post-261408","page","type-page","status-publish","hentry"],"yoast_head":"<!-- This site is optimized with the Yoast SEO plugin v26.5 - https:\/\/yoast.com\/wordpress\/plugins\/seo\/ -->\n<title>Pol\u00edtica de cookies - Herniamesh | Dispositivi medici per l&#039;ernioplastica inguinale ed addominale<\/title>\n<meta name=\"robots\" content=\"index, follow, max-snippet:-1, max-image-preview:large, max-video-preview:-1\" \/>\n<link rel=\"canonical\" href=\"https:\/\/herniamesh.com\/cookie-policy\/\" \/>\n<meta property=\"og:locale\" content=\"es_ES\" \/>\n<meta property=\"og:type\" content=\"article\" \/>\n<meta property=\"og:title\" content=\"Pol\u00edtica de cookies - Herniamesh | Dispositivi medici per l&#039;ernioplastica inguinale ed addominale\" \/>\n<meta property=\"og:description\" content=\"Pol\u00edtica de cookies Este sitio web hace uso de cookies, es decir, peque\u00f1os ficheros de texto que los sitios visitados por el usuario env\u00edan a su terminal (ordenador, tableta, tel\u00e9fono inteligente), donde se almacenan con el fin de ser retransmitidos a los mismos sitios la pr\u00f3xima vez que el mismo usuario los visite. Las cookies [&hellip;]\" \/>\n<meta property=\"og:url\" content=\"https:\/\/herniamesh.com\/cookie-policy\/\" \/>\n<meta property=\"og:site_name\" content=\"Herniamesh | Dispositivi medici per l&#039;ernioplastica inguinale ed addominale\" \/>\n<meta property=\"article:modified_time\" content=\"2024-01-29T11:06:47+00:00\" \/>\n<meta name=\"twitter:card\" content=\"summary_large_image\" \/>\n<meta name=\"twitter:label1\" content=\"Tiempo de lectura\" \/>\n\t<meta name=\"twitter:data1\" content=\"6 minutos\" \/>\n<script type=\"application\/ld+json\" class=\"yoast-schema-graph\">{\"@context\":\"https:\/\/schema.org\",\"@graph\":[{\"@type\":\"WebPage\",\"@id\":\"https:\/\/herniamesh.com\/cookie-policy\/\",\"url\":\"https:\/\/herniamesh.com\/cookie-policy\/\",\"name\":\"Pol\u00edtica de cookies - Herniamesh | Dispositivi medici per l&#039;ernioplastica inguinale ed addominale\",\"isPartOf\":{\"@id\":\"https:\/\/herniamesh.com\/#website\"},\"datePublished\":\"2022-07-21T11:36:14+00:00\",\"dateModified\":\"2024-01-29T11:06:47+00:00\",\"breadcrumb\":{\"@id\":\"https:\/\/herniamesh.com\/cookie-policy\/#breadcrumb\"},\"inLanguage\":\"es\",\"potentialAction\":[{\"@type\":\"ReadAction\",\"target\":[\"https:\/\/herniamesh.com\/cookie-policy\/\"]}]},{\"@type\":\"BreadcrumbList\",\"@id\":\"https:\/\/herniamesh.com\/cookie-policy\/#breadcrumb\",\"itemListElement\":[{\"@type\":\"ListItem\",\"position\":1,\"name\":\"Home\",\"item\":\"https:\/\/herniamesh.com\/es\/\"},{\"@type\":\"ListItem\",\"position\":2,\"name\":\"Pol\u00edtica de cookies\"}]},{\"@type\":\"WebSite\",\"@id\":\"https:\/\/herniamesh.com\/#website\",\"url\":\"https:\/\/herniamesh.com\/\",\"name\":\"Herniamesh | Dispositivi medici per l&#039;ernioplastica inguinale ed addominale\",\"description\":\"Tecnologia al servizio della salute\",\"potentialAction\":[{\"@type\":\"SearchAction\",\"target\":{\"@type\":\"EntryPoint\",\"urlTemplate\":\"https:\/\/herniamesh.com\/?s={search_term_string}\"},\"query-input\":{\"@type\":\"PropertyValueSpecification\",\"valueRequired\":true,\"valueName\":\"search_term_string\"}}],\"inLanguage\":\"es\"}]}<\/script>\n<!-- \/ Yoast SEO plugin. -->","yoast_head_json":{"title":"Pol\u00edtica de cookies - Herniamesh | Dispositivi medici per l&#039;ernioplastica inguinale ed addominale","robots":{"index":"index","follow":"follow","max-snippet":"max-snippet:-1","max-image-preview":"max-image-preview:large","max-video-preview":"max-video-preview:-1"},"canonical":"https:\/\/herniamesh.com\/cookie-policy\/","og_locale":"es_ES","og_type":"article","og_title":"Pol\u00edtica de cookies - Herniamesh | Dispositivi medici per l&#039;ernioplastica inguinale ed addominale","og_description":"Pol\u00edtica de cookies Este sitio web hace uso de cookies, es decir, peque\u00f1os ficheros de texto que los sitios visitados por el usuario env\u00edan a su terminal (ordenador, tableta, tel\u00e9fono inteligente), donde se almacenan con el fin de ser retransmitidos a los mismos sitios la pr\u00f3xima vez que el mismo usuario los visite. Las cookies [&hellip;]","og_url":"https:\/\/herniamesh.com\/cookie-policy\/","og_site_name":"Herniamesh | Dispositivi medici per l&#039;ernioplastica inguinale ed addominale","article_modified_time":"2024-01-29T11:06:47+00:00","twitter_card":"summary_large_image","twitter_misc":{"Tiempo de lectura":"6 minutos"},"schema":{"@context":"https:\/\/schema.org","@graph":[{"@type":"WebPage","@id":"https:\/\/herniamesh.com\/cookie-policy\/","url":"https:\/\/herniamesh.com\/cookie-policy\/","name":"Pol\u00edtica de cookies - Herniamesh | Dispositivi medici per l&#039;ernioplastica inguinale ed addominale","isPartOf":{"@id":"https:\/\/herniamesh.com\/#website"},"datePublished":"2022-07-21T11:36:14+00:00","dateModified":"2024-01-29T11:06:47+00:00","breadcrumb":{"@id":"https:\/\/herniamesh.com\/cookie-policy\/#breadcrumb"},"inLanguage":"es","potentialAction":[{"@type":"ReadAction","target":["https:\/\/herniamesh.com\/cookie-policy\/"]}]},{"@type":"BreadcrumbList","@id":"https:\/\/herniamesh.com\/cookie-policy\/#breadcrumb","itemListElement":[{"@type":"ListItem","position":1,"name":"Home","item":"https:\/\/herniamesh.com\/es\/"},{"@type":"ListItem","position":2,"name":"Pol\u00edtica de cookies"}]},{"@type":"WebSite","@id":"https:\/\/herniamesh.com\/#website","url":"https:\/\/herniamesh.com\/","name":"Herniamesh | Dispositivi medici per l&#039;ernioplastica inguinale ed addominale","description":"Tecnologia al servizio della salute","potentialAction":[{"@type":"SearchAction","target":{"@type":"EntryPoint","urlTemplate":"https:\/\/herniamesh.com\/?s={search_term_string}"},"query-input":{"@type":"PropertyValueSpecification","valueRequired":true,"valueName":"search_term_string"}}],"inLanguage":"es"}]}},"_links":{"self":[{"href":"https:\/\/herniamesh.com\/es\/wp-json\/wp\/v2\/pages\/261408","targetHints":{"allow":["GET"]}}],"collection":[{"href":"https:\/\/herniamesh.com\/es\/wp-json\/wp\/v2\/pages"}],"about":[{"href":"https:\/\/herniamesh.com\/es\/wp-json\/wp\/v2\/types\/page"}],"author":[{"embeddable":true,"href":"https:\/\/herniamesh.com\/es\/wp-json\/wp\/v2\/users\/1"}],"replies":[{"embeddable":true,"href":"https:\/\/herniamesh.com\/es\/wp-json\/wp\/v2\/comments?post=261408"}],"version-history":[{"count":2,"href":"https:\/\/herniamesh.com\/es\/wp-json\/wp\/v2\/pages\/261408\/revisions"}],"predecessor-version":[{"id":261410,"href":"https:\/\/herniamesh.com\/es\/wp-json\/wp\/v2\/pages\/261408\/revisions\/261410"}],"wp:attachment":[{"href":"https:\/\/herniamesh.com\/es\/wp-json\/wp\/v2\/media?parent=261408"}],"curies":[{"name":"wp","href":"https:\/\/api.w.org\/{rel}","templated":true}]}}