{"id":258105,"date":"2022-02-15T16:58:32","date_gmt":"2022-02-15T15:58:32","guid":{"rendered":"https:\/\/herniamesh.com\/prodotto\/mallas-semiabsorbibles-hybridmesh\/"},"modified":"2022-07-15T11:56:53","modified_gmt":"2022-07-15T09:56:53","slug":"mallas-semiabsorbibles-hybridmesh","status":"publish","type":"product","link":"https:\/\/herniamesh.com\/es\/hernias-inguinales\/mallas-semiabsorbibles-hybridmesh\/","title":{"rendered":"Mallas semiabsorbibles <br><b>Hybridmesh\u00ae<\/b><\/br>"},"content":{"rendered":"","protected":false},"excerpt":{"rendered":"<p>Se trata de pr\u00f3tesis parcialmente reabsorbibles destinadas al tratamiento de hernias inguinales.<\/p>\n<p><strong>Hybridmesh\u00ae<\/strong> es una malla co-entretejida, con tecnolog\u00eda cuadriaxial, en su 25%, con monofilamento no absorbible de Polipropileno (PP), y en el 75% restante, con monofilamento reabsorbible de \u00e1cido Polil\u00e1ctico (PLLA).<\/p>\n<p>El gramaje de la pr\u00f3tesis es de 80 g\/m\u00b2 y los filamentos de \u00e1cido Polil\u00e1ctico confieren la rigidez precisa a la malla para una sencilla e inmediata colocaci\u00f3n de la pr\u00f3tesis.<\/p>\n<p>Una vez que los filamentos de \u00e1cido Polil\u00e1ctico son absorbidos completamente (aprox. 7-10 meses), la masa de Polipropileno residual resulta ser de tan s\u00f3lo 20 g\/m\u00b2, dejando implantada una malla blanda, liviana y c\u00f3moda.<\/p>\n<p>Ventajas de la malla semiabsorbible:<\/p>\n<ul>\n<li>excelente manejo (facilidad de posicionamiento);<\/li>\n<li>gracias a su estructura, Hybridmesh\u00ae puede colocarse sin fijaci\u00f3n (t\u00e9cnica sin sutura), lo que reduce la incidencia de neuralgia cr\u00f3nica;<\/li>\n<li>la estructura macroporosa permite una excelente infiltraci\u00f3n de fibroblastos (masa de cicatriz flexible en lugar de una masa de cicatriz r\u00edgida);<\/li>\n<li>minimiza la reacci\u00f3n inflamatoria;<\/li>\n<li>permite una excelente integraci\u00f3n tisular;<\/li>\n<li>se mantiene una estabilidad estructural, incluso despu\u00e9s de la absorci\u00f3n parcial;<\/li>\n<li>ofrece la m\u00e1xima comodidad para el paciente.<\/li>\n<\/ul>\n","protected":false},"featured_media":257966,"template":"","meta":{"_et_pb_use_builder":"","_et_pb_old_content":"","_et_gb_content_width":""},"product_brand":[],"product_cat":[57,58],"product_tag":[],"class_list":{"0":"post-258105","1":"product","2":"type-product","3":"status-publish","4":"has-post-thumbnail","6":"product_cat-hernioplastia-inguinal","7":"product_cat-hernias-inguinales","9":"first","10":"instock","11":"shipping-taxable","12":"product-type-simple"},"yoast_head":"<!-- This site is optimized with the Yoast SEO plugin v26.5 - https:\/\/yoast.com\/wordpress\/plugins\/seo\/ -->\n<title>Mallas semiabsorbibles Hybridmesh\u00ae - Herniamesh | Dispositivi medici per l&#039;ernioplastica inguinale ed addominale<\/title>\n<meta name=\"robots\" content=\"index, follow, max-snippet:-1, max-image-preview:large, max-video-preview:-1\" \/>\n<link rel=\"canonical\" href=\"https:\/\/herniamesh.com\/es\/hernias-inguinales\/mallas-semiabsorbibles-hybridmesh\/\" \/>\n<meta property=\"og:locale\" content=\"es_ES\" \/>\n<meta property=\"og:type\" content=\"article\" \/>\n<meta property=\"og:title\" content=\"Mallas semiabsorbibles Hybridmesh\u00ae - Herniamesh | Dispositivi medici per l&#039;ernioplastica inguinale ed addominale\" \/>\n<meta property=\"og:description\" content=\"Se trata de pr\u00f3tesis parcialmente reabsorbibles destinadas al tratamiento de hernias inguinales.  Hybridmesh\u00ae es una malla co-entretejida, con tecnolog\u00eda cuadriaxial, en su 25%, con monofilamento no absorbible de Polipropileno (PP), y en el 75% restante, con monofilamento reabsorbible de \u00e1cido Polil\u00e1ctico (PLLA).  El gramaje de la pr\u00f3tesis es de 80 g\/m\u00b2 y los filamentos de \u00e1cido Polil\u00e1ctico confieren la rigidez precisa a la malla para una sencilla e inmediata colocaci\u00f3n de la pr\u00f3tesis.  Una vez que los filamentos de \u00e1cido Polil\u00e1ctico son absorbidos completamente (aprox. 7-10 meses), la masa de Polipropileno residual resulta ser de tan s\u00f3lo 20 g\/m\u00b2, dejando implantada una malla blanda, liviana y c\u00f3moda.  Ventajas de la malla semiabsorbible:   excelente manejo (facilidad de posicionamiento);  gracias a su estructura, Hybridmesh\u00ae puede colocarse sin fijaci\u00f3n (t\u00e9cnica sin sutura), lo que reduce la incidencia de neuralgia cr\u00f3nica;  la estructura macroporosa permite una excelente infiltraci\u00f3n de fibroblastos (masa de cicatriz flexible en lugar de una masa de cicatriz r\u00edgida);  minimiza la reacci\u00f3n inflamatoria;  permite una excelente integraci\u00f3n tisular;  se mantiene una estabilidad estructural, incluso despu\u00e9s de la absorci\u00f3n parcial;  ofrece la m\u00e1xima comodidad para el paciente.\" \/>\n<meta property=\"og:url\" content=\"https:\/\/herniamesh.com\/es\/hernias-inguinales\/mallas-semiabsorbibles-hybridmesh\/\" \/>\n<meta property=\"og:site_name\" content=\"Herniamesh | Dispositivi medici per l&#039;ernioplastica inguinale ed addominale\" \/>\n<meta property=\"article:modified_time\" content=\"2022-07-15T09:56:53+00:00\" \/>\n<meta property=\"og:image\" content=\"https:\/\/herniamesh.com\/wp-content\/uploads\/2022\/02\/Herniamesh_0001_CF097_foto.jpg\" \/>\n\t<meta property=\"og:image:width\" content=\"1080\" \/>\n\t<meta property=\"og:image:height\" content=\"1080\" \/>\n\t<meta property=\"og:image:type\" content=\"image\/jpeg\" \/>\n<meta name=\"twitter:card\" content=\"summary_large_image\" \/>\n<script type=\"application\/ld+json\" class=\"yoast-schema-graph\">{\"@context\":\"https:\/\/schema.org\",\"@graph\":[{\"@type\":\"WebPage\",\"@id\":\"https:\/\/herniamesh.com\/es\/hernias-inguinales\/mallas-semiabsorbibles-hybridmesh\/\",\"url\":\"https:\/\/herniamesh.com\/es\/hernias-inguinales\/mallas-semiabsorbibles-hybridmesh\/\",\"name\":\"Mallas semiabsorbibles Hybridmesh\u00ae - Herniamesh | Dispositivi medici per l&#039;ernioplastica inguinale ed addominale\",\"isPartOf\":{\"@id\":\"https:\/\/herniamesh.com\/#website\"},\"primaryImageOfPage\":{\"@id\":\"https:\/\/herniamesh.com\/es\/hernias-inguinales\/mallas-semiabsorbibles-hybridmesh\/#primaryimage\"},\"image\":{\"@id\":\"https:\/\/herniamesh.com\/es\/hernias-inguinales\/mallas-semiabsorbibles-hybridmesh\/#primaryimage\"},\"thumbnailUrl\":\"https:\/\/herniamesh.com\/wp-content\/uploads\/2022\/02\/Herniamesh_0001_CF097_foto.jpg\",\"datePublished\":\"2022-02-15T15:58:32+00:00\",\"dateModified\":\"2022-07-15T09:56:53+00:00\",\"breadcrumb\":{\"@id\":\"https:\/\/herniamesh.com\/es\/hernias-inguinales\/mallas-semiabsorbibles-hybridmesh\/#breadcrumb\"},\"inLanguage\":\"es\",\"potentialAction\":[{\"@type\":\"ReadAction\",\"target\":[\"https:\/\/herniamesh.com\/es\/hernias-inguinales\/mallas-semiabsorbibles-hybridmesh\/\"]}]},{\"@type\":\"ImageObject\",\"inLanguage\":\"es\",\"@id\":\"https:\/\/herniamesh.com\/es\/hernias-inguinales\/mallas-semiabsorbibles-hybridmesh\/#primaryimage\",\"url\":\"https:\/\/herniamesh.com\/wp-content\/uploads\/2022\/02\/Herniamesh_0001_CF097_foto.jpg\",\"contentUrl\":\"https:\/\/herniamesh.com\/wp-content\/uploads\/2022\/02\/Herniamesh_0001_CF097_foto.jpg\",\"width\":1080,\"height\":1080},{\"@type\":\"BreadcrumbList\",\"@id\":\"https:\/\/herniamesh.com\/es\/hernias-inguinales\/mallas-semiabsorbibles-hybridmesh\/#breadcrumb\",\"itemListElement\":[{\"@type\":\"ListItem\",\"position\":1,\"name\":\"Home\",\"item\":\"https:\/\/herniamesh.com\/es\/\"},{\"@type\":\"ListItem\",\"position\":2,\"name\":\"Shop\",\"item\":\"https:\/\/herniamesh.com\/negozio\/\"},{\"@type\":\"ListItem\",\"position\":3,\"name\":\"Mallas semiabsorbibles Hybridmesh\u00ae\"}]},{\"@type\":\"WebSite\",\"@id\":\"https:\/\/herniamesh.com\/#website\",\"url\":\"https:\/\/herniamesh.com\/\",\"name\":\"Herniamesh | Dispositivi medici per l&#039;ernioplastica inguinale ed addominale\",\"description\":\"Tecnologia al servizio della salute\",\"potentialAction\":[{\"@type\":\"SearchAction\",\"target\":{\"@type\":\"EntryPoint\",\"urlTemplate\":\"https:\/\/herniamesh.com\/?s={search_term_string}\"},\"query-input\":{\"@type\":\"PropertyValueSpecification\",\"valueRequired\":true,\"valueName\":\"search_term_string\"}}],\"inLanguage\":\"es\"}]}<\/script>\n<!-- \/ Yoast SEO plugin. -->","yoast_head_json":{"title":"Mallas semiabsorbibles Hybridmesh\u00ae - Herniamesh | Dispositivi medici per l&#039;ernioplastica inguinale ed addominale","robots":{"index":"index","follow":"follow","max-snippet":"max-snippet:-1","max-image-preview":"max-image-preview:large","max-video-preview":"max-video-preview:-1"},"canonical":"https:\/\/herniamesh.com\/es\/hernias-inguinales\/mallas-semiabsorbibles-hybridmesh\/","og_locale":"es_ES","og_type":"article","og_title":"Mallas semiabsorbibles Hybridmesh\u00ae - Herniamesh | Dispositivi medici per l&#039;ernioplastica inguinale ed addominale","og_description":"Se trata de pr\u00f3tesis parcialmente reabsorbibles destinadas al tratamiento de hernias inguinales.  Hybridmesh\u00ae es una malla co-entretejida, con tecnolog\u00eda cuadriaxial, en su 25%, con monofilamento no absorbible de Polipropileno (PP), y en el 75% restante, con monofilamento reabsorbible de \u00e1cido Polil\u00e1ctico (PLLA).  El gramaje de la pr\u00f3tesis es de 80 g\/m\u00b2 y los filamentos de \u00e1cido Polil\u00e1ctico confieren la rigidez precisa a la malla para una sencilla e inmediata colocaci\u00f3n de la pr\u00f3tesis.  Una vez que los filamentos de \u00e1cido Polil\u00e1ctico son absorbidos completamente (aprox. 7-10 meses), la masa de Polipropileno residual resulta ser de tan s\u00f3lo 20 g\/m\u00b2, dejando implantada una malla blanda, liviana y c\u00f3moda.  Ventajas de la malla semiabsorbible:   excelente manejo (facilidad de posicionamiento);  gracias a su estructura, Hybridmesh\u00ae puede colocarse sin fijaci\u00f3n (t\u00e9cnica sin sutura), lo que reduce la incidencia de neuralgia cr\u00f3nica;  la estructura macroporosa permite una excelente infiltraci\u00f3n de fibroblastos (masa de cicatriz flexible en lugar de una masa de cicatriz r\u00edgida);  minimiza la reacci\u00f3n inflamatoria;  permite una excelente integraci\u00f3n tisular;  se mantiene una estabilidad estructural, incluso despu\u00e9s de la absorci\u00f3n parcial;  ofrece la m\u00e1xima comodidad para el paciente.","og_url":"https:\/\/herniamesh.com\/es\/hernias-inguinales\/mallas-semiabsorbibles-hybridmesh\/","og_site_name":"Herniamesh | Dispositivi medici per l&#039;ernioplastica inguinale ed addominale","article_modified_time":"2022-07-15T09:56:53+00:00","og_image":[{"width":1080,"height":1080,"url":"https:\/\/herniamesh.com\/wp-content\/uploads\/2022\/02\/Herniamesh_0001_CF097_foto.jpg","type":"image\/jpeg"}],"twitter_card":"summary_large_image","schema":{"@context":"https:\/\/schema.org","@graph":[{"@type":"WebPage","@id":"https:\/\/herniamesh.com\/es\/hernias-inguinales\/mallas-semiabsorbibles-hybridmesh\/","url":"https:\/\/herniamesh.com\/es\/hernias-inguinales\/mallas-semiabsorbibles-hybridmesh\/","name":"Mallas semiabsorbibles Hybridmesh\u00ae - Herniamesh | Dispositivi medici per l&#039;ernioplastica inguinale ed addominale","isPartOf":{"@id":"https:\/\/herniamesh.com\/#website"},"primaryImageOfPage":{"@id":"https:\/\/herniamesh.com\/es\/hernias-inguinales\/mallas-semiabsorbibles-hybridmesh\/#primaryimage"},"image":{"@id":"https:\/\/herniamesh.com\/es\/hernias-inguinales\/mallas-semiabsorbibles-hybridmesh\/#primaryimage"},"thumbnailUrl":"https:\/\/herniamesh.com\/wp-content\/uploads\/2022\/02\/Herniamesh_0001_CF097_foto.jpg","datePublished":"2022-02-15T15:58:32+00:00","dateModified":"2022-07-15T09:56:53+00:00","breadcrumb":{"@id":"https:\/\/herniamesh.com\/es\/hernias-inguinales\/mallas-semiabsorbibles-hybridmesh\/#breadcrumb"},"inLanguage":"es","potentialAction":[{"@type":"ReadAction","target":["https:\/\/herniamesh.com\/es\/hernias-inguinales\/mallas-semiabsorbibles-hybridmesh\/"]}]},{"@type":"ImageObject","inLanguage":"es","@id":"https:\/\/herniamesh.com\/es\/hernias-inguinales\/mallas-semiabsorbibles-hybridmesh\/#primaryimage","url":"https:\/\/herniamesh.com\/wp-content\/uploads\/2022\/02\/Herniamesh_0001_CF097_foto.jpg","contentUrl":"https:\/\/herniamesh.com\/wp-content\/uploads\/2022\/02\/Herniamesh_0001_CF097_foto.jpg","width":1080,"height":1080},{"@type":"BreadcrumbList","@id":"https:\/\/herniamesh.com\/es\/hernias-inguinales\/mallas-semiabsorbibles-hybridmesh\/#breadcrumb","itemListElement":[{"@type":"ListItem","position":1,"name":"Home","item":"https:\/\/herniamesh.com\/es\/"},{"@type":"ListItem","position":2,"name":"Shop","item":"https:\/\/herniamesh.com\/negozio\/"},{"@type":"ListItem","position":3,"name":"Mallas semiabsorbibles Hybridmesh\u00ae"}]},{"@type":"WebSite","@id":"https:\/\/herniamesh.com\/#website","url":"https:\/\/herniamesh.com\/","name":"Herniamesh | Dispositivi medici per l&#039;ernioplastica inguinale ed addominale","description":"Tecnologia al servizio della salute","potentialAction":[{"@type":"SearchAction","target":{"@type":"EntryPoint","urlTemplate":"https:\/\/herniamesh.com\/?s={search_term_string}"},"query-input":{"@type":"PropertyValueSpecification","valueRequired":true,"valueName":"search_term_string"}}],"inLanguage":"es"}]}},"_links":{"self":[{"href":"https:\/\/herniamesh.com\/es\/wp-json\/wp\/v2\/product\/258105","targetHints":{"allow":["GET"]}}],"collection":[{"href":"https:\/\/herniamesh.com\/es\/wp-json\/wp\/v2\/product"}],"about":[{"href":"https:\/\/herniamesh.com\/es\/wp-json\/wp\/v2\/types\/product"}],"wp:featuredmedia":[{"embeddable":true,"href":"https:\/\/herniamesh.com\/es\/wp-json\/wp\/v2\/media\/257966"}],"wp:attachment":[{"href":"https:\/\/herniamesh.com\/es\/wp-json\/wp\/v2\/media?parent=258105"}],"wp:term":[{"taxonomy":"product_brand","embeddable":true,"href":"https:\/\/herniamesh.com\/es\/wp-json\/wp\/v2\/product_brand?post=258105"},{"taxonomy":"product_cat","embeddable":true,"href":"https:\/\/herniamesh.com\/es\/wp-json\/wp\/v2\/product_cat?post=258105"},{"taxonomy":"product_tag","embeddable":true,"href":"https:\/\/herniamesh.com\/es\/wp-json\/wp\/v2\/product_tag?post=258105"}],"curies":[{"name":"wp","href":"https:\/\/api.w.org\/{rel}","templated":true}]}}