{"id":258140,"date":"2022-02-14T12:00:11","date_gmt":"2022-02-14T11:00:11","guid":{"rendered":"https:\/\/herniamesh.com\/prodotto\/mallas-preformadas-de-monofilamento-de-polipropileno-rigidas-y-semirigidas-hertra-1-2-2a\/"},"modified":"2022-07-05T14:24:49","modified_gmt":"2022-07-05T12:24:49","slug":"mallas-preformadas-de-monofilamento-de-polipropileno-rigidas-y-semirigidas-hertra-1-2-2a","status":"publish","type":"product","link":"https:\/\/herniamesh.com\/es\/hernias-inguinales\/mallas-preformadas-de-monofilamento-de-polipropileno-rigidas-y-semirigidas-hertra-1-2-2a\/","title":{"rendered":"Mallas preformadas, de monofilamento de Polipropileno, r\u00edgidas y semir\u00edgidas, <br><b>Hertra\u00ae 1, 2, 2A<\/b><\/br>"},"content":{"rendered":"","protected":false},"excerpt":{"rendered":"<p>Las mallas preformadas r\u00edgidas y semirr\u00edgidas <strong>Hertra\u00ae 1, 2 y 2A<\/strong> se utilizan para la reparaci\u00f3n de las hernias inguinales en cirug\u00eda \u00ababierta\u00bb, siendo de f\u00e1cil e inmediata colocaci\u00f3n gracias a su rigidez y memoria de forma. Por esta raz\u00f3n, las mallas Hertra 1, 2 y 2A tambi\u00e9n se pueden insertar sin suturas u otro m\u00e9todo de fijaci\u00f3n y son las originales para la reparaci\u00f3n de la hernia inguinal sin tensi\u00f3n, seg\u00fan Trabucco, es decir sin suturas (\u00absutureless\u00bb).<\/p>\n<p>Las mallas<strong> Hertra 1 y 2<\/strong> est\u00e1n indicadas para la reparaci\u00f3n de las hernias inguinales masculinas: el orificio exc\u00e9ntrico se encuentra en la posici\u00f3n anat\u00f3micamente correcta para el paso del cord\u00f3n esperm\u00e1tico, mientras que el dise\u00f1o de la pr\u00f3tesis es fruto de cientos de mediciones del canal inguinal, efectuadas por el Prof. Trabucco.<br \/>\nLa malla<strong> Hertra\u00ae 2A<\/strong> se utiliza para las hernias inguinales femeninas.<\/p>\n","protected":false},"featured_media":257959,"template":"","meta":{"_et_pb_use_builder":"off","_et_pb_old_content":"","_et_gb_content_width":""},"product_brand":[],"product_cat":[57,58],"product_tag":[],"class_list":{"0":"post-258140","1":"product","2":"type-product","3":"status-publish","4":"has-post-thumbnail","6":"product_cat-hernioplastia-inguinal","7":"product_cat-hernias-inguinales","9":"first","10":"instock","11":"shipping-taxable","12":"product-type-simple"},"yoast_head":"<!-- This site is optimized with the Yoast SEO plugin v26.5 - https:\/\/yoast.com\/wordpress\/plugins\/seo\/ -->\n<title>Mallas preformadas, de monofilamento de Polipropileno, r\u00edgidas y semir\u00edgidas, Hertra\u00ae 1, 2, 2A - Herniamesh | Dispositivi medici per l&#039;ernioplastica inguinale ed addominale<\/title>\n<meta name=\"robots\" content=\"index, follow, max-snippet:-1, max-image-preview:large, max-video-preview:-1\" \/>\n<link rel=\"canonical\" href=\"https:\/\/herniamesh.com\/es\/hernias-inguinales\/mallas-preformadas-de-monofilamento-de-polipropileno-rigidas-y-semirigidas-hertra-1-2-2a\/\" \/>\n<meta property=\"og:locale\" content=\"es_ES\" \/>\n<meta property=\"og:type\" content=\"article\" \/>\n<meta property=\"og:title\" content=\"Mallas preformadas, de monofilamento de Polipropileno, r\u00edgidas y semir\u00edgidas, Hertra\u00ae 1, 2, 2A - Herniamesh | Dispositivi medici per l&#039;ernioplastica inguinale ed addominale\" \/>\n<meta property=\"og:description\" content=\"Las mallas preformadas r\u00edgidas y semirr\u00edgidas Hertra\u00ae 1, 2 y 2A se utilizan para la reparaci\u00f3n de las hernias inguinales en cirug\u00eda &quot;abierta&quot;, siendo de f\u00e1cil e inmediata colocaci\u00f3n gracias a su rigidez y memoria de forma. Por esta raz\u00f3n, las mallas Hertra 1, 2 y 2A tambi\u00e9n se pueden insertar sin suturas u otro m\u00e9todo de fijaci\u00f3n y son las originales para la reparaci\u00f3n de la hernia inguinal sin tensi\u00f3n, seg\u00fan Trabucco, es decir sin suturas (&quot;sutureless&quot;).  Las mallas Hertra 1 y 2 est\u00e1n indicadas para la reparaci\u00f3n de las hernias inguinales masculinas: el orificio exc\u00e9ntrico se encuentra en la posici\u00f3n anat\u00f3micamente correcta para el paso del cord\u00f3n esperm\u00e1tico, mientras que el dise\u00f1o de la pr\u00f3tesis es fruto de cientos de mediciones del canal inguinal, efectuadas por el Prof. Trabucco. La malla Hertra\u00ae 2A se utiliza para las hernias inguinales femeninas.\" \/>\n<meta property=\"og:url\" content=\"https:\/\/herniamesh.com\/es\/hernias-inguinales\/mallas-preformadas-de-monofilamento-de-polipropileno-rigidas-y-semirigidas-hertra-1-2-2a\/\" \/>\n<meta property=\"og:site_name\" content=\"Herniamesh | Dispositivi medici per l&#039;ernioplastica inguinale ed addominale\" \/>\n<meta property=\"article:modified_time\" content=\"2022-07-05T12:24:49+00:00\" \/>\n<meta property=\"og:image\" content=\"https:\/\/herniamesh.com\/wp-content\/uploads\/2022\/02\/Herniamesh-reti-per-ernie-hertra.jpg\" \/>\n\t<meta property=\"og:image:width\" content=\"1080\" \/>\n\t<meta property=\"og:image:height\" content=\"1080\" \/>\n\t<meta property=\"og:image:type\" content=\"image\/jpeg\" \/>\n<meta name=\"twitter:card\" content=\"summary_large_image\" \/>\n<script type=\"application\/ld+json\" class=\"yoast-schema-graph\">{\"@context\":\"https:\/\/schema.org\",\"@graph\":[{\"@type\":\"WebPage\",\"@id\":\"https:\/\/herniamesh.com\/es\/hernias-inguinales\/mallas-preformadas-de-monofilamento-de-polipropileno-rigidas-y-semirigidas-hertra-1-2-2a\/\",\"url\":\"https:\/\/herniamesh.com\/es\/hernias-inguinales\/mallas-preformadas-de-monofilamento-de-polipropileno-rigidas-y-semirigidas-hertra-1-2-2a\/\",\"name\":\"Mallas preformadas, de monofilamento de Polipropileno, r\u00edgidas y semir\u00edgidas, Hertra\u00ae 1, 2, 2A - Herniamesh | Dispositivi medici per l&#039;ernioplastica inguinale ed addominale\",\"isPartOf\":{\"@id\":\"https:\/\/herniamesh.com\/#website\"},\"primaryImageOfPage\":{\"@id\":\"https:\/\/herniamesh.com\/es\/hernias-inguinales\/mallas-preformadas-de-monofilamento-de-polipropileno-rigidas-y-semirigidas-hertra-1-2-2a\/#primaryimage\"},\"image\":{\"@id\":\"https:\/\/herniamesh.com\/es\/hernias-inguinales\/mallas-preformadas-de-monofilamento-de-polipropileno-rigidas-y-semirigidas-hertra-1-2-2a\/#primaryimage\"},\"thumbnailUrl\":\"https:\/\/herniamesh.com\/wp-content\/uploads\/2022\/02\/Herniamesh-reti-per-ernie-hertra.jpg\",\"datePublished\":\"2022-02-14T11:00:11+00:00\",\"dateModified\":\"2022-07-05T12:24:49+00:00\",\"breadcrumb\":{\"@id\":\"https:\/\/herniamesh.com\/es\/hernias-inguinales\/mallas-preformadas-de-monofilamento-de-polipropileno-rigidas-y-semirigidas-hertra-1-2-2a\/#breadcrumb\"},\"inLanguage\":\"es\",\"potentialAction\":[{\"@type\":\"ReadAction\",\"target\":[\"https:\/\/herniamesh.com\/es\/hernias-inguinales\/mallas-preformadas-de-monofilamento-de-polipropileno-rigidas-y-semirigidas-hertra-1-2-2a\/\"]}]},{\"@type\":\"ImageObject\",\"inLanguage\":\"es\",\"@id\":\"https:\/\/herniamesh.com\/es\/hernias-inguinales\/mallas-preformadas-de-monofilamento-de-polipropileno-rigidas-y-semirigidas-hertra-1-2-2a\/#primaryimage\",\"url\":\"https:\/\/herniamesh.com\/wp-content\/uploads\/2022\/02\/Herniamesh-reti-per-ernie-hertra.jpg\",\"contentUrl\":\"https:\/\/herniamesh.com\/wp-content\/uploads\/2022\/02\/Herniamesh-reti-per-ernie-hertra.jpg\",\"width\":1080,\"height\":1080},{\"@type\":\"BreadcrumbList\",\"@id\":\"https:\/\/herniamesh.com\/es\/hernias-inguinales\/mallas-preformadas-de-monofilamento-de-polipropileno-rigidas-y-semirigidas-hertra-1-2-2a\/#breadcrumb\",\"itemListElement\":[{\"@type\":\"ListItem\",\"position\":1,\"name\":\"Home\",\"item\":\"https:\/\/herniamesh.com\/es\/\"},{\"@type\":\"ListItem\",\"position\":2,\"name\":\"Shop\",\"item\":\"https:\/\/herniamesh.com\/negozio\/\"},{\"@type\":\"ListItem\",\"position\":3,\"name\":\"Mallas preformadas, de monofilamento de Polipropileno, r\u00edgidas y semir\u00edgidas, Hertra\u00ae 1, 2, 2A\"}]},{\"@type\":\"WebSite\",\"@id\":\"https:\/\/herniamesh.com\/#website\",\"url\":\"https:\/\/herniamesh.com\/\",\"name\":\"Herniamesh | Dispositivi medici per l&#039;ernioplastica inguinale ed addominale\",\"description\":\"Tecnologia al servizio della salute\",\"potentialAction\":[{\"@type\":\"SearchAction\",\"target\":{\"@type\":\"EntryPoint\",\"urlTemplate\":\"https:\/\/herniamesh.com\/?s={search_term_string}\"},\"query-input\":{\"@type\":\"PropertyValueSpecification\",\"valueRequired\":true,\"valueName\":\"search_term_string\"}}],\"inLanguage\":\"es\"}]}<\/script>\n<!-- \/ Yoast SEO plugin. -->","yoast_head_json":{"title":"Mallas preformadas, de monofilamento de Polipropileno, r\u00edgidas y semir\u00edgidas, Hertra\u00ae 1, 2, 2A - Herniamesh | Dispositivi medici per l&#039;ernioplastica inguinale ed addominale","robots":{"index":"index","follow":"follow","max-snippet":"max-snippet:-1","max-image-preview":"max-image-preview:large","max-video-preview":"max-video-preview:-1"},"canonical":"https:\/\/herniamesh.com\/es\/hernias-inguinales\/mallas-preformadas-de-monofilamento-de-polipropileno-rigidas-y-semirigidas-hertra-1-2-2a\/","og_locale":"es_ES","og_type":"article","og_title":"Mallas preformadas, de monofilamento de Polipropileno, r\u00edgidas y semir\u00edgidas, Hertra\u00ae 1, 2, 2A - Herniamesh | Dispositivi medici per l&#039;ernioplastica inguinale ed addominale","og_description":"Las mallas preformadas r\u00edgidas y semirr\u00edgidas Hertra\u00ae 1, 2 y 2A se utilizan para la reparaci\u00f3n de las hernias inguinales en cirug\u00eda \"abierta\", siendo de f\u00e1cil e inmediata colocaci\u00f3n gracias a su rigidez y memoria de forma. Por esta raz\u00f3n, las mallas Hertra 1, 2 y 2A tambi\u00e9n se pueden insertar sin suturas u otro m\u00e9todo de fijaci\u00f3n y son las originales para la reparaci\u00f3n de la hernia inguinal sin tensi\u00f3n, seg\u00fan Trabucco, es decir sin suturas (\"sutureless\").  Las mallas Hertra 1 y 2 est\u00e1n indicadas para la reparaci\u00f3n de las hernias inguinales masculinas: el orificio exc\u00e9ntrico se encuentra en la posici\u00f3n anat\u00f3micamente correcta para el paso del cord\u00f3n esperm\u00e1tico, mientras que el dise\u00f1o de la pr\u00f3tesis es fruto de cientos de mediciones del canal inguinal, efectuadas por el Prof. Trabucco. La malla Hertra\u00ae 2A se utiliza para las hernias inguinales femeninas.","og_url":"https:\/\/herniamesh.com\/es\/hernias-inguinales\/mallas-preformadas-de-monofilamento-de-polipropileno-rigidas-y-semirigidas-hertra-1-2-2a\/","og_site_name":"Herniamesh | Dispositivi medici per l&#039;ernioplastica inguinale ed addominale","article_modified_time":"2022-07-05T12:24:49+00:00","og_image":[{"width":1080,"height":1080,"url":"https:\/\/herniamesh.com\/wp-content\/uploads\/2022\/02\/Herniamesh-reti-per-ernie-hertra.jpg","type":"image\/jpeg"}],"twitter_card":"summary_large_image","schema":{"@context":"https:\/\/schema.org","@graph":[{"@type":"WebPage","@id":"https:\/\/herniamesh.com\/es\/hernias-inguinales\/mallas-preformadas-de-monofilamento-de-polipropileno-rigidas-y-semirigidas-hertra-1-2-2a\/","url":"https:\/\/herniamesh.com\/es\/hernias-inguinales\/mallas-preformadas-de-monofilamento-de-polipropileno-rigidas-y-semirigidas-hertra-1-2-2a\/","name":"Mallas preformadas, de monofilamento de Polipropileno, r\u00edgidas y semir\u00edgidas, Hertra\u00ae 1, 2, 2A - Herniamesh | Dispositivi medici per l&#039;ernioplastica inguinale ed addominale","isPartOf":{"@id":"https:\/\/herniamesh.com\/#website"},"primaryImageOfPage":{"@id":"https:\/\/herniamesh.com\/es\/hernias-inguinales\/mallas-preformadas-de-monofilamento-de-polipropileno-rigidas-y-semirigidas-hertra-1-2-2a\/#primaryimage"},"image":{"@id":"https:\/\/herniamesh.com\/es\/hernias-inguinales\/mallas-preformadas-de-monofilamento-de-polipropileno-rigidas-y-semirigidas-hertra-1-2-2a\/#primaryimage"},"thumbnailUrl":"https:\/\/herniamesh.com\/wp-content\/uploads\/2022\/02\/Herniamesh-reti-per-ernie-hertra.jpg","datePublished":"2022-02-14T11:00:11+00:00","dateModified":"2022-07-05T12:24:49+00:00","breadcrumb":{"@id":"https:\/\/herniamesh.com\/es\/hernias-inguinales\/mallas-preformadas-de-monofilamento-de-polipropileno-rigidas-y-semirigidas-hertra-1-2-2a\/#breadcrumb"},"inLanguage":"es","potentialAction":[{"@type":"ReadAction","target":["https:\/\/herniamesh.com\/es\/hernias-inguinales\/mallas-preformadas-de-monofilamento-de-polipropileno-rigidas-y-semirigidas-hertra-1-2-2a\/"]}]},{"@type":"ImageObject","inLanguage":"es","@id":"https:\/\/herniamesh.com\/es\/hernias-inguinales\/mallas-preformadas-de-monofilamento-de-polipropileno-rigidas-y-semirigidas-hertra-1-2-2a\/#primaryimage","url":"https:\/\/herniamesh.com\/wp-content\/uploads\/2022\/02\/Herniamesh-reti-per-ernie-hertra.jpg","contentUrl":"https:\/\/herniamesh.com\/wp-content\/uploads\/2022\/02\/Herniamesh-reti-per-ernie-hertra.jpg","width":1080,"height":1080},{"@type":"BreadcrumbList","@id":"https:\/\/herniamesh.com\/es\/hernias-inguinales\/mallas-preformadas-de-monofilamento-de-polipropileno-rigidas-y-semirigidas-hertra-1-2-2a\/#breadcrumb","itemListElement":[{"@type":"ListItem","position":1,"name":"Home","item":"https:\/\/herniamesh.com\/es\/"},{"@type":"ListItem","position":2,"name":"Shop","item":"https:\/\/herniamesh.com\/negozio\/"},{"@type":"ListItem","position":3,"name":"Mallas preformadas, de monofilamento de Polipropileno, r\u00edgidas y semir\u00edgidas, Hertra\u00ae 1, 2, 2A"}]},{"@type":"WebSite","@id":"https:\/\/herniamesh.com\/#website","url":"https:\/\/herniamesh.com\/","name":"Herniamesh | Dispositivi medici per l&#039;ernioplastica inguinale ed addominale","description":"Tecnologia al servizio della salute","potentialAction":[{"@type":"SearchAction","target":{"@type":"EntryPoint","urlTemplate":"https:\/\/herniamesh.com\/?s={search_term_string}"},"query-input":{"@type":"PropertyValueSpecification","valueRequired":true,"valueName":"search_term_string"}}],"inLanguage":"es"}]}},"_links":{"self":[{"href":"https:\/\/herniamesh.com\/es\/wp-json\/wp\/v2\/product\/258140","targetHints":{"allow":["GET"]}}],"collection":[{"href":"https:\/\/herniamesh.com\/es\/wp-json\/wp\/v2\/product"}],"about":[{"href":"https:\/\/herniamesh.com\/es\/wp-json\/wp\/v2\/types\/product"}],"wp:featuredmedia":[{"embeddable":true,"href":"https:\/\/herniamesh.com\/es\/wp-json\/wp\/v2\/media\/257959"}],"wp:attachment":[{"href":"https:\/\/herniamesh.com\/es\/wp-json\/wp\/v2\/media?parent=258140"}],"wp:term":[{"taxonomy":"product_brand","embeddable":true,"href":"https:\/\/herniamesh.com\/es\/wp-json\/wp\/v2\/product_brand?post=258140"},{"taxonomy":"product_cat","embeddable":true,"href":"https:\/\/herniamesh.com\/es\/wp-json\/wp\/v2\/product_cat?post=258140"},{"taxonomy":"product_tag","embeddable":true,"href":"https:\/\/herniamesh.com\/es\/wp-json\/wp\/v2\/product_tag?post=258140"}],"curies":[{"name":"wp","href":"https:\/\/api.w.org\/{rel}","templated":true}]}}