{"id":258143,"date":"2022-02-14T12:18:15","date_gmt":"2022-02-14T11:18:15","guid":{"rendered":"https:\/\/herniamesh.com\/prodotto\/mallas-de-dos-materiales-relimesh\/"},"modified":"2024-01-19T14:59:22","modified_gmt":"2024-01-19T13:59:22","slug":"mallas-de-dos-materiales-relimesh","status":"publish","type":"product","link":"https:\/\/herniamesh.com\/es\/hernias-abdominales\/mallas-de-dos-materiales-relimesh\/","title":{"rendered":"Mallas de dos materiales <br><b>Relimesh\u00ae<\/b><\/br>"},"content":{"rendered":"","protected":false},"excerpt":{"rendered":"<p>Mallas utilizadas para el tratamiento de hernias ventrales con cirug\u00eda tanto laparosc\u00f3pica como abierta.<br \/>\nLa estructura de doble capa hace que el dispositivo est\u00e9 especialmente indicado para uso intra-peritoneal: el lado microporoso de ePTFE, destinado al contacto visceral, minimiza las adherencias, mientras que el lado macroporoso de monofilamento de Polipropileno, destinado al contacto parietal, favorece el crecimiento tisular.<br \/>\nRelimesh\u00ae puede:<br \/>\n\u2022 cortarse seg\u00fan la forma y las medidas necesarias;<br \/>\n\u2022 envolverse f\u00e1cilmente para introducirse en la cavidad abdominal mediante trocar;<br \/>\n\u2022 distenderse f\u00e1cilmente en el enclave anat\u00f3mico.<br \/>\nLa malla <strong>Relimesh\u00ae<\/strong> se encuentra disponible de forma ovalada, redonda y cuadrada, con marcadores de posicionamiento.<\/p>\n","protected":false},"featured_media":257972,"template":"","meta":{"_et_pb_use_builder":"","_et_pb_old_content":"","_et_gb_content_width":""},"product_brand":[],"product_cat":[57,59],"product_tag":[],"class_list":{"0":"post-258143","1":"product","2":"type-product","3":"status-publish","4":"has-post-thumbnail","6":"product_cat-hernioplastia-inguinal","7":"product_cat-hernias-abdominales","9":"first","10":"instock","11":"shipping-taxable","12":"product-type-simple"},"yoast_head":"<!-- This site is optimized with the Yoast SEO plugin v26.5 - https:\/\/yoast.com\/wordpress\/plugins\/seo\/ -->\n<title>Mallas de dos materiales Relimesh\u00ae - Herniamesh | Dispositivi medici per l&#039;ernioplastica inguinale ed addominale<\/title>\n<meta name=\"robots\" content=\"index, follow, max-snippet:-1, max-image-preview:large, max-video-preview:-1\" \/>\n<link rel=\"canonical\" href=\"https:\/\/herniamesh.com\/ernie-addominali\/reti-in-bimateriale-relimesh\/\" \/>\n<meta property=\"og:locale\" content=\"es_ES\" \/>\n<meta property=\"og:type\" content=\"article\" \/>\n<meta property=\"og:title\" content=\"Mallas de dos materiales Relimesh\u00ae - Herniamesh | Dispositivi medici per l&#039;ernioplastica inguinale ed addominale\" \/>\n<meta property=\"og:description\" content=\"Mallas utilizadas para el tratamiento de hernias ventrales con cirug\u00eda tanto laparosc\u00f3pica como abierta. La estructura de doble capa hace que el dispositivo est\u00e9 especialmente indicado para uso intra-peritoneal: el lado microporoso de ePTFE, destinado al contacto visceral, minimiza las adherencias, mientras que el lado macroporoso de monofilamento de Polipropileno, destinado al contacto parietal, favorece el crecimiento tisular. Relimesh\u00ae puede: \u2022 cortarse seg\u00fan la forma y las medidas necesarias; \u2022 envolverse f\u00e1cilmente para introducirse en la cavidad abdominal mediante trocar; \u2022 distenderse f\u00e1cilmente en el enclave anat\u00f3mico. La malla Relimesh\u00ae se encuentra disponible de forma ovalada, redonda y cuadrada, con marcadores de posicionamiento.\" \/>\n<meta property=\"og:url\" content=\"https:\/\/herniamesh.com\/ernie-addominali\/reti-in-bimateriale-relimesh\/\" \/>\n<meta property=\"og:site_name\" content=\"Herniamesh | Dispositivi medici per l&#039;ernioplastica inguinale ed addominale\" \/>\n<meta property=\"article:modified_time\" content=\"2024-01-19T13:59:22+00:00\" \/>\n<meta property=\"og:image\" content=\"https:\/\/herniamesh.com\/wp-content\/uploads\/2022\/02\/Herniamesh-reti-per-ernie-foto-hybridmesh_0005_cop-rete-ePTFE_sito_1.jpg\" \/>\n\t<meta property=\"og:image:width\" content=\"1080\" \/>\n\t<meta property=\"og:image:height\" content=\"1080\" \/>\n\t<meta property=\"og:image:type\" content=\"image\/jpeg\" \/>\n<meta name=\"twitter:card\" content=\"summary_large_image\" \/>\n<script type=\"application\/ld+json\" class=\"yoast-schema-graph\">{\"@context\":\"https:\/\/schema.org\",\"@graph\":[{\"@type\":\"WebPage\",\"@id\":\"https:\/\/herniamesh.com\/ernie-addominali\/reti-in-bimateriale-relimesh\/\",\"url\":\"https:\/\/herniamesh.com\/ernie-addominali\/reti-in-bimateriale-relimesh\/\",\"name\":\"Mallas de dos materiales Relimesh\u00ae - Herniamesh | Dispositivi medici per l&#039;ernioplastica inguinale ed addominale\",\"isPartOf\":{\"@id\":\"https:\/\/herniamesh.com\/#website\"},\"primaryImageOfPage\":{\"@id\":\"https:\/\/herniamesh.com\/ernie-addominali\/reti-in-bimateriale-relimesh\/#primaryimage\"},\"image\":{\"@id\":\"https:\/\/herniamesh.com\/ernie-addominali\/reti-in-bimateriale-relimesh\/#primaryimage\"},\"thumbnailUrl\":\"https:\/\/herniamesh.com\/wp-content\/uploads\/2022\/02\/Herniamesh-reti-per-ernie-foto-hybridmesh_0005_cop-rete-ePTFE_sito_1.jpg\",\"datePublished\":\"2022-02-14T11:18:15+00:00\",\"dateModified\":\"2024-01-19T13:59:22+00:00\",\"breadcrumb\":{\"@id\":\"https:\/\/herniamesh.com\/ernie-addominali\/reti-in-bimateriale-relimesh\/#breadcrumb\"},\"inLanguage\":\"es\",\"potentialAction\":[{\"@type\":\"ReadAction\",\"target\":[\"https:\/\/herniamesh.com\/ernie-addominali\/reti-in-bimateriale-relimesh\/\"]}]},{\"@type\":\"ImageObject\",\"inLanguage\":\"es\",\"@id\":\"https:\/\/herniamesh.com\/ernie-addominali\/reti-in-bimateriale-relimesh\/#primaryimage\",\"url\":\"https:\/\/herniamesh.com\/wp-content\/uploads\/2022\/02\/Herniamesh-reti-per-ernie-foto-hybridmesh_0005_cop-rete-ePTFE_sito_1.jpg\",\"contentUrl\":\"https:\/\/herniamesh.com\/wp-content\/uploads\/2022\/02\/Herniamesh-reti-per-ernie-foto-hybridmesh_0005_cop-rete-ePTFE_sito_1.jpg\",\"width\":1080,\"height\":1080},{\"@type\":\"BreadcrumbList\",\"@id\":\"https:\/\/herniamesh.com\/ernie-addominali\/reti-in-bimateriale-relimesh\/#breadcrumb\",\"itemListElement\":[{\"@type\":\"ListItem\",\"position\":1,\"name\":\"Home\",\"item\":\"https:\/\/herniamesh.com\/es\/\"},{\"@type\":\"ListItem\",\"position\":2,\"name\":\"Shop\",\"item\":\"https:\/\/herniamesh.com\/negozio\/\"},{\"@type\":\"ListItem\",\"position\":3,\"name\":\"Mallas de dos materiales Relimesh\u00ae\"}]},{\"@type\":\"WebSite\",\"@id\":\"https:\/\/herniamesh.com\/#website\",\"url\":\"https:\/\/herniamesh.com\/\",\"name\":\"Herniamesh | Dispositivi medici per l&#039;ernioplastica inguinale ed addominale\",\"description\":\"Tecnologia al servizio della salute\",\"potentialAction\":[{\"@type\":\"SearchAction\",\"target\":{\"@type\":\"EntryPoint\",\"urlTemplate\":\"https:\/\/herniamesh.com\/?s={search_term_string}\"},\"query-input\":{\"@type\":\"PropertyValueSpecification\",\"valueRequired\":true,\"valueName\":\"search_term_string\"}}],\"inLanguage\":\"es\"}]}<\/script>\n<!-- \/ Yoast SEO plugin. -->","yoast_head_json":{"title":"Mallas de dos materiales Relimesh\u00ae - Herniamesh | Dispositivi medici per l&#039;ernioplastica inguinale ed addominale","robots":{"index":"index","follow":"follow","max-snippet":"max-snippet:-1","max-image-preview":"max-image-preview:large","max-video-preview":"max-video-preview:-1"},"canonical":"https:\/\/herniamesh.com\/ernie-addominali\/reti-in-bimateriale-relimesh\/","og_locale":"es_ES","og_type":"article","og_title":"Mallas de dos materiales Relimesh\u00ae - Herniamesh | Dispositivi medici per l&#039;ernioplastica inguinale ed addominale","og_description":"Mallas utilizadas para el tratamiento de hernias ventrales con cirug\u00eda tanto laparosc\u00f3pica como abierta. La estructura de doble capa hace que el dispositivo est\u00e9 especialmente indicado para uso intra-peritoneal: el lado microporoso de ePTFE, destinado al contacto visceral, minimiza las adherencias, mientras que el lado macroporoso de monofilamento de Polipropileno, destinado al contacto parietal, favorece el crecimiento tisular. Relimesh\u00ae puede: \u2022 cortarse seg\u00fan la forma y las medidas necesarias; \u2022 envolverse f\u00e1cilmente para introducirse en la cavidad abdominal mediante trocar; \u2022 distenderse f\u00e1cilmente en el enclave anat\u00f3mico. La malla Relimesh\u00ae se encuentra disponible de forma ovalada, redonda y cuadrada, con marcadores de posicionamiento.","og_url":"https:\/\/herniamesh.com\/ernie-addominali\/reti-in-bimateriale-relimesh\/","og_site_name":"Herniamesh | Dispositivi medici per l&#039;ernioplastica inguinale ed addominale","article_modified_time":"2024-01-19T13:59:22+00:00","og_image":[{"width":1080,"height":1080,"url":"https:\/\/herniamesh.com\/wp-content\/uploads\/2022\/02\/Herniamesh-reti-per-ernie-foto-hybridmesh_0005_cop-rete-ePTFE_sito_1.jpg","type":"image\/jpeg"}],"twitter_card":"summary_large_image","schema":{"@context":"https:\/\/schema.org","@graph":[{"@type":"WebPage","@id":"https:\/\/herniamesh.com\/ernie-addominali\/reti-in-bimateriale-relimesh\/","url":"https:\/\/herniamesh.com\/ernie-addominali\/reti-in-bimateriale-relimesh\/","name":"Mallas de dos materiales Relimesh\u00ae - Herniamesh | Dispositivi medici per l&#039;ernioplastica inguinale ed addominale","isPartOf":{"@id":"https:\/\/herniamesh.com\/#website"},"primaryImageOfPage":{"@id":"https:\/\/herniamesh.com\/ernie-addominali\/reti-in-bimateriale-relimesh\/#primaryimage"},"image":{"@id":"https:\/\/herniamesh.com\/ernie-addominali\/reti-in-bimateriale-relimesh\/#primaryimage"},"thumbnailUrl":"https:\/\/herniamesh.com\/wp-content\/uploads\/2022\/02\/Herniamesh-reti-per-ernie-foto-hybridmesh_0005_cop-rete-ePTFE_sito_1.jpg","datePublished":"2022-02-14T11:18:15+00:00","dateModified":"2024-01-19T13:59:22+00:00","breadcrumb":{"@id":"https:\/\/herniamesh.com\/ernie-addominali\/reti-in-bimateriale-relimesh\/#breadcrumb"},"inLanguage":"es","potentialAction":[{"@type":"ReadAction","target":["https:\/\/herniamesh.com\/ernie-addominali\/reti-in-bimateriale-relimesh\/"]}]},{"@type":"ImageObject","inLanguage":"es","@id":"https:\/\/herniamesh.com\/ernie-addominali\/reti-in-bimateriale-relimesh\/#primaryimage","url":"https:\/\/herniamesh.com\/wp-content\/uploads\/2022\/02\/Herniamesh-reti-per-ernie-foto-hybridmesh_0005_cop-rete-ePTFE_sito_1.jpg","contentUrl":"https:\/\/herniamesh.com\/wp-content\/uploads\/2022\/02\/Herniamesh-reti-per-ernie-foto-hybridmesh_0005_cop-rete-ePTFE_sito_1.jpg","width":1080,"height":1080},{"@type":"BreadcrumbList","@id":"https:\/\/herniamesh.com\/ernie-addominali\/reti-in-bimateriale-relimesh\/#breadcrumb","itemListElement":[{"@type":"ListItem","position":1,"name":"Home","item":"https:\/\/herniamesh.com\/es\/"},{"@type":"ListItem","position":2,"name":"Shop","item":"https:\/\/herniamesh.com\/negozio\/"},{"@type":"ListItem","position":3,"name":"Mallas de dos materiales Relimesh\u00ae"}]},{"@type":"WebSite","@id":"https:\/\/herniamesh.com\/#website","url":"https:\/\/herniamesh.com\/","name":"Herniamesh | Dispositivi medici per l&#039;ernioplastica inguinale ed addominale","description":"Tecnologia al servizio della salute","potentialAction":[{"@type":"SearchAction","target":{"@type":"EntryPoint","urlTemplate":"https:\/\/herniamesh.com\/?s={search_term_string}"},"query-input":{"@type":"PropertyValueSpecification","valueRequired":true,"valueName":"search_term_string"}}],"inLanguage":"es"}]}},"_links":{"self":[{"href":"https:\/\/herniamesh.com\/es\/wp-json\/wp\/v2\/product\/258143","targetHints":{"allow":["GET"]}}],"collection":[{"href":"https:\/\/herniamesh.com\/es\/wp-json\/wp\/v2\/product"}],"about":[{"href":"https:\/\/herniamesh.com\/es\/wp-json\/wp\/v2\/types\/product"}],"wp:featuredmedia":[{"embeddable":true,"href":"https:\/\/herniamesh.com\/es\/wp-json\/wp\/v2\/media\/257972"}],"wp:attachment":[{"href":"https:\/\/herniamesh.com\/es\/wp-json\/wp\/v2\/media?parent=258143"}],"wp:term":[{"taxonomy":"product_brand","embeddable":true,"href":"https:\/\/herniamesh.com\/es\/wp-json\/wp\/v2\/product_brand?post=258143"},{"taxonomy":"product_cat","embeddable":true,"href":"https:\/\/herniamesh.com\/es\/wp-json\/wp\/v2\/product_cat?post=258143"},{"taxonomy":"product_tag","embeddable":true,"href":"https:\/\/herniamesh.com\/es\/wp-json\/wp\/v2\/product_tag?post=258143"}],"curies":[{"name":"wp","href":"https:\/\/api.w.org\/{rel}","templated":true}]}}