{"id":258145,"date":"2022-02-15T17:08:41","date_gmt":"2022-02-15T16:08:41","guid":{"rendered":"https:\/\/herniamesh.com\/prodotto\/malla-preformada-no-absorbible-de-monofilamento-de-polipropileno-plug-t4\/"},"modified":"2024-02-09T09:37:14","modified_gmt":"2024-02-09T08:37:14","slug":"mallas-preformadas-de-monofilamento-de-polipropileno-no-reabsorbibles-plug-t4","status":"publish","type":"product","link":"https:\/\/herniamesh.com\/es\/hernias-inguinales\/mallas-preformadas-de-monofilamento-de-polipropileno-no-reabsorbibles-plug-t4\/","title":{"rendered":"Mallas preformadas de monofilamento de polipropileno, no reabsorbibles, <br><b>Plug T\u00ae4<\/b><\/br>"},"content":{"rendered":"","protected":false},"excerpt":{"rendered":"<p>Mallas redondas preformadas (5 cm de di\u00e1metro), con orificio exc\u00e9ntrico. Est\u00e1n indicadas para el tratamiento de las hernias inguinales masculinas mediante la t\u00e9cnica abierta. La malla <strong>Plug T\u00ae4<\/strong>, que se coloca bajo la fascia transversalis, se combina con la malla preformada Hertra<strong>\u00ae<\/strong>, que se coloca sobre la fascia. El tap\u00f3n plano <strong>Plug T\u00ae4<\/strong> est\u00e1 disponible en versi\u00f3n semirr\u00edgida y en tejido cuadriaxial.<\/p>\n","protected":false},"featured_media":261446,"template":"","meta":{"_et_pb_use_builder":"","_et_pb_old_content":"","_et_gb_content_width":""},"product_brand":[],"product_cat":[57,58],"product_tag":[],"class_list":{"0":"post-258145","1":"product","2":"type-product","3":"status-publish","4":"has-post-thumbnail","6":"product_cat-hernioplastia-inguinal","7":"product_cat-hernias-inguinales","9":"first","10":"instock","11":"shipping-taxable","12":"product-type-simple"},"yoast_head":"<!-- This site is optimized with the Yoast SEO plugin v26.5 - https:\/\/yoast.com\/wordpress\/plugins\/seo\/ -->\n<title>Mallas preformadas de monofilamento de polipropileno, no reabsorbibles, Plug T\u00ae4 - Herniamesh | Dispositivi medici per l&#039;ernioplastica inguinale ed addominale<\/title>\n<meta name=\"robots\" content=\"index, follow, max-snippet:-1, max-image-preview:large, max-video-preview:-1\" \/>\n<link rel=\"canonical\" href=\"https:\/\/herniamesh.com\/ernie-inguinali\/reti-presagomate-non-assorbibili-in-monofilamento-di-polipropilene-plug-t4\/\" \/>\n<meta property=\"og:locale\" content=\"es_ES\" \/>\n<meta property=\"og:type\" content=\"article\" \/>\n<meta property=\"og:title\" content=\"Mallas preformadas de monofilamento de polipropileno, no reabsorbibles, Plug T\u00ae4 - Herniamesh | Dispositivi medici per l&#039;ernioplastica inguinale ed addominale\" \/>\n<meta property=\"og:description\" content=\"Mallas redondas preformadas (5 cm de di\u00e1metro), con orificio exc\u00e9ntrico. Est\u00e1n indicadas para el tratamiento de las hernias inguinales masculinas mediante la t\u00e9cnica abierta. La malla Plug T\u00ae4, que se coloca bajo la fascia transversalis, se combina con la malla preformada Hertra\u00ae, que se coloca sobre la fascia. El tap\u00f3n plano Plug T\u00ae4 est\u00e1 disponible en versi\u00f3n semirr\u00edgida y en tejido cuadriaxial.\" \/>\n<meta property=\"og:url\" content=\"https:\/\/herniamesh.com\/ernie-inguinali\/reti-presagomate-non-assorbibili-in-monofilamento-di-polipropilene-plug-t4\/\" \/>\n<meta property=\"og:site_name\" content=\"Herniamesh | Dispositivi medici per l&#039;ernioplastica inguinale ed addominale\" \/>\n<meta property=\"article:modified_time\" content=\"2024-02-09T08:37:14+00:00\" \/>\n<meta property=\"og:image\" content=\"https:\/\/herniamesh.com\/wp-content\/uploads\/2024\/02\/Plug-T\u00ae4_monofilamento-di-Polipropilene_new.jpg\" \/>\n\t<meta property=\"og:image:width\" content=\"1080\" \/>\n\t<meta property=\"og:image:height\" content=\"1080\" \/>\n\t<meta property=\"og:image:type\" content=\"image\/jpeg\" \/>\n<meta name=\"twitter:card\" content=\"summary_large_image\" \/>\n<meta name=\"twitter:label1\" content=\"Tiempo de lectura\" \/>\n\t<meta name=\"twitter:data1\" content=\"1 minuto\" \/>\n<script type=\"application\/ld+json\" class=\"yoast-schema-graph\">{\"@context\":\"https:\/\/schema.org\",\"@graph\":[{\"@type\":\"WebPage\",\"@id\":\"https:\/\/herniamesh.com\/ernie-inguinali\/reti-presagomate-non-assorbibili-in-monofilamento-di-polipropilene-plug-t4\/\",\"url\":\"https:\/\/herniamesh.com\/ernie-inguinali\/reti-presagomate-non-assorbibili-in-monofilamento-di-polipropilene-plug-t4\/\",\"name\":\"Mallas preformadas de monofilamento de polipropileno, no reabsorbibles, Plug T\u00ae4 - Herniamesh | Dispositivi medici per l&#039;ernioplastica inguinale ed addominale\",\"isPartOf\":{\"@id\":\"https:\/\/herniamesh.com\/#website\"},\"primaryImageOfPage\":{\"@id\":\"https:\/\/herniamesh.com\/ernie-inguinali\/reti-presagomate-non-assorbibili-in-monofilamento-di-polipropilene-plug-t4\/#primaryimage\"},\"image\":{\"@id\":\"https:\/\/herniamesh.com\/ernie-inguinali\/reti-presagomate-non-assorbibili-in-monofilamento-di-polipropilene-plug-t4\/#primaryimage\"},\"thumbnailUrl\":\"https:\/\/herniamesh.com\/wp-content\/uploads\/2024\/02\/Plug-T\u00ae4_monofilamento-di-Polipropilene_new.jpg\",\"datePublished\":\"2022-02-15T16:08:41+00:00\",\"dateModified\":\"2024-02-09T08:37:14+00:00\",\"breadcrumb\":{\"@id\":\"https:\/\/herniamesh.com\/ernie-inguinali\/reti-presagomate-non-assorbibili-in-monofilamento-di-polipropilene-plug-t4\/#breadcrumb\"},\"inLanguage\":\"es\",\"potentialAction\":[{\"@type\":\"ReadAction\",\"target\":[\"https:\/\/herniamesh.com\/ernie-inguinali\/reti-presagomate-non-assorbibili-in-monofilamento-di-polipropilene-plug-t4\/\"]}]},{\"@type\":\"ImageObject\",\"inLanguage\":\"es\",\"@id\":\"https:\/\/herniamesh.com\/ernie-inguinali\/reti-presagomate-non-assorbibili-in-monofilamento-di-polipropilene-plug-t4\/#primaryimage\",\"url\":\"https:\/\/herniamesh.com\/wp-content\/uploads\/2024\/02\/Plug-T\u00ae4_monofilamento-di-Polipropilene_new.jpg\",\"contentUrl\":\"https:\/\/herniamesh.com\/wp-content\/uploads\/2024\/02\/Plug-T\u00ae4_monofilamento-di-Polipropilene_new.jpg\",\"width\":1080,\"height\":1080},{\"@type\":\"BreadcrumbList\",\"@id\":\"https:\/\/herniamesh.com\/ernie-inguinali\/reti-presagomate-non-assorbibili-in-monofilamento-di-polipropilene-plug-t4\/#breadcrumb\",\"itemListElement\":[{\"@type\":\"ListItem\",\"position\":1,\"name\":\"Home\",\"item\":\"https:\/\/herniamesh.com\/es\/\"},{\"@type\":\"ListItem\",\"position\":2,\"name\":\"Shop\",\"item\":\"https:\/\/herniamesh.com\/negozio\/\"},{\"@type\":\"ListItem\",\"position\":3,\"name\":\"Mallas preformadas de monofilamento de polipropileno, no reabsorbibles, Plug T\u00ae4\"}]},{\"@type\":\"WebSite\",\"@id\":\"https:\/\/herniamesh.com\/#website\",\"url\":\"https:\/\/herniamesh.com\/\",\"name\":\"Herniamesh | Dispositivi medici per l&#039;ernioplastica inguinale ed addominale\",\"description\":\"Tecnologia al servizio della salute\",\"potentialAction\":[{\"@type\":\"SearchAction\",\"target\":{\"@type\":\"EntryPoint\",\"urlTemplate\":\"https:\/\/herniamesh.com\/?s={search_term_string}\"},\"query-input\":{\"@type\":\"PropertyValueSpecification\",\"valueRequired\":true,\"valueName\":\"search_term_string\"}}],\"inLanguage\":\"es\"}]}<\/script>\n<!-- \/ Yoast SEO plugin. -->","yoast_head_json":{"title":"Mallas preformadas de monofilamento de polipropileno, no reabsorbibles, Plug T\u00ae4 - Herniamesh | Dispositivi medici per l&#039;ernioplastica inguinale ed addominale","robots":{"index":"index","follow":"follow","max-snippet":"max-snippet:-1","max-image-preview":"max-image-preview:large","max-video-preview":"max-video-preview:-1"},"canonical":"https:\/\/herniamesh.com\/ernie-inguinali\/reti-presagomate-non-assorbibili-in-monofilamento-di-polipropilene-plug-t4\/","og_locale":"es_ES","og_type":"article","og_title":"Mallas preformadas de monofilamento de polipropileno, no reabsorbibles, Plug T\u00ae4 - Herniamesh | Dispositivi medici per l&#039;ernioplastica inguinale ed addominale","og_description":"Mallas redondas preformadas (5 cm de di\u00e1metro), con orificio exc\u00e9ntrico. Est\u00e1n indicadas para el tratamiento de las hernias inguinales masculinas mediante la t\u00e9cnica abierta. La malla Plug T\u00ae4, que se coloca bajo la fascia transversalis, se combina con la malla preformada Hertra\u00ae, que se coloca sobre la fascia. El tap\u00f3n plano Plug T\u00ae4 est\u00e1 disponible en versi\u00f3n semirr\u00edgida y en tejido cuadriaxial.","og_url":"https:\/\/herniamesh.com\/ernie-inguinali\/reti-presagomate-non-assorbibili-in-monofilamento-di-polipropilene-plug-t4\/","og_site_name":"Herniamesh | Dispositivi medici per l&#039;ernioplastica inguinale ed addominale","article_modified_time":"2024-02-09T08:37:14+00:00","og_image":[{"width":1080,"height":1080,"url":"https:\/\/herniamesh.com\/wp-content\/uploads\/2024\/02\/Plug-T\u00ae4_monofilamento-di-Polipropilene_new.jpg","type":"image\/jpeg"}],"twitter_card":"summary_large_image","twitter_misc":{"Tiempo de lectura":"1 minuto"},"schema":{"@context":"https:\/\/schema.org","@graph":[{"@type":"WebPage","@id":"https:\/\/herniamesh.com\/ernie-inguinali\/reti-presagomate-non-assorbibili-in-monofilamento-di-polipropilene-plug-t4\/","url":"https:\/\/herniamesh.com\/ernie-inguinali\/reti-presagomate-non-assorbibili-in-monofilamento-di-polipropilene-plug-t4\/","name":"Mallas preformadas de monofilamento de polipropileno, no reabsorbibles, Plug T\u00ae4 - Herniamesh | Dispositivi medici per l&#039;ernioplastica inguinale ed addominale","isPartOf":{"@id":"https:\/\/herniamesh.com\/#website"},"primaryImageOfPage":{"@id":"https:\/\/herniamesh.com\/ernie-inguinali\/reti-presagomate-non-assorbibili-in-monofilamento-di-polipropilene-plug-t4\/#primaryimage"},"image":{"@id":"https:\/\/herniamesh.com\/ernie-inguinali\/reti-presagomate-non-assorbibili-in-monofilamento-di-polipropilene-plug-t4\/#primaryimage"},"thumbnailUrl":"https:\/\/herniamesh.com\/wp-content\/uploads\/2024\/02\/Plug-T\u00ae4_monofilamento-di-Polipropilene_new.jpg","datePublished":"2022-02-15T16:08:41+00:00","dateModified":"2024-02-09T08:37:14+00:00","breadcrumb":{"@id":"https:\/\/herniamesh.com\/ernie-inguinali\/reti-presagomate-non-assorbibili-in-monofilamento-di-polipropilene-plug-t4\/#breadcrumb"},"inLanguage":"es","potentialAction":[{"@type":"ReadAction","target":["https:\/\/herniamesh.com\/ernie-inguinali\/reti-presagomate-non-assorbibili-in-monofilamento-di-polipropilene-plug-t4\/"]}]},{"@type":"ImageObject","inLanguage":"es","@id":"https:\/\/herniamesh.com\/ernie-inguinali\/reti-presagomate-non-assorbibili-in-monofilamento-di-polipropilene-plug-t4\/#primaryimage","url":"https:\/\/herniamesh.com\/wp-content\/uploads\/2024\/02\/Plug-T\u00ae4_monofilamento-di-Polipropilene_new.jpg","contentUrl":"https:\/\/herniamesh.com\/wp-content\/uploads\/2024\/02\/Plug-T\u00ae4_monofilamento-di-Polipropilene_new.jpg","width":1080,"height":1080},{"@type":"BreadcrumbList","@id":"https:\/\/herniamesh.com\/ernie-inguinali\/reti-presagomate-non-assorbibili-in-monofilamento-di-polipropilene-plug-t4\/#breadcrumb","itemListElement":[{"@type":"ListItem","position":1,"name":"Home","item":"https:\/\/herniamesh.com\/es\/"},{"@type":"ListItem","position":2,"name":"Shop","item":"https:\/\/herniamesh.com\/negozio\/"},{"@type":"ListItem","position":3,"name":"Mallas preformadas de monofilamento de polipropileno, no reabsorbibles, Plug T\u00ae4"}]},{"@type":"WebSite","@id":"https:\/\/herniamesh.com\/#website","url":"https:\/\/herniamesh.com\/","name":"Herniamesh | Dispositivi medici per l&#039;ernioplastica inguinale ed addominale","description":"Tecnologia al servizio della salute","potentialAction":[{"@type":"SearchAction","target":{"@type":"EntryPoint","urlTemplate":"https:\/\/herniamesh.com\/?s={search_term_string}"},"query-input":{"@type":"PropertyValueSpecification","valueRequired":true,"valueName":"search_term_string"}}],"inLanguage":"es"}]}},"_links":{"self":[{"href":"https:\/\/herniamesh.com\/es\/wp-json\/wp\/v2\/product\/258145","targetHints":{"allow":["GET"]}}],"collection":[{"href":"https:\/\/herniamesh.com\/es\/wp-json\/wp\/v2\/product"}],"about":[{"href":"https:\/\/herniamesh.com\/es\/wp-json\/wp\/v2\/types\/product"}],"wp:featuredmedia":[{"embeddable":true,"href":"https:\/\/herniamesh.com\/es\/wp-json\/wp\/v2\/media\/261446"}],"wp:attachment":[{"href":"https:\/\/herniamesh.com\/es\/wp-json\/wp\/v2\/media?parent=258145"}],"wp:term":[{"taxonomy":"product_brand","embeddable":true,"href":"https:\/\/herniamesh.com\/es\/wp-json\/wp\/v2\/product_brand?post=258145"},{"taxonomy":"product_cat","embeddable":true,"href":"https:\/\/herniamesh.com\/es\/wp-json\/wp\/v2\/product_cat?post=258145"},{"taxonomy":"product_tag","embeddable":true,"href":"https:\/\/herniamesh.com\/es\/wp-json\/wp\/v2\/product_tag?post=258145"}],"curies":[{"name":"wp","href":"https:\/\/api.w.org\/{rel}","templated":true}]}}