{"id":258146,"date":"2022-03-16T09:48:35","date_gmt":"2022-03-16T08:48:35","guid":{"rendered":"https:\/\/herniamesh.com\/prodotto\/malla-no-absorbible-de-monofilamento-de-polipropileno-preformada-plug-t5\/"},"modified":"2022-03-16T09:48:35","modified_gmt":"2022-03-16T08:48:35","slug":"malla-no-absorbible-de-monofilamento-de-polipropileno-preformada-plug-t5","status":"publish","type":"product","link":"https:\/\/herniamesh.com\/es\/hernias-inguinales\/malla-no-absorbible-de-monofilamento-de-polipropileno-preformada-plug-t5\/","title":{"rendered":"Malla no absorbible de monofilamento de Polipropileno, preformada <br><b>Plug T\u00ae5<\/b><\/br>"},"content":{"rendered":"","protected":false},"excerpt":{"rendered":"<p>Malla preformada r\u00edgida con orificio exc\u00e9ntrico, que se utiliza en los defectos herniarios inguinales masculinos.<br \/>\nEsta malla se utiliza combinada con la malla preformada Hertra\u00ae en presencia de una destrucci\u00f3n significativa o debilidad de la pared posterior.<\/p>\n<p>La<strong> malla T5<\/strong> se coloca bajo la fascia trasversalis, pudi\u00e9ndose adaptar la distancia entre la pr\u00f3tesis T5 y la preformada Hertra\u00ae del modo anat\u00f3mico m\u00e1s adecuado, gracias al sistema de suturas pasantes ideado por el Prof. Trabucco.<\/p>\n","protected":false},"featured_media":258035,"template":"","meta":{"_et_pb_use_builder":"","_et_pb_old_content":"","_et_gb_content_width":""},"product_brand":[],"product_cat":[57,58],"product_tag":[],"class_list":{"0":"post-258146","1":"product","2":"type-product","3":"status-publish","4":"has-post-thumbnail","6":"product_cat-hernioplastia-inguinal","7":"product_cat-hernias-inguinales","9":"first","10":"instock","11":"shipping-taxable","12":"product-type-simple"},"yoast_head":"<!-- This site is optimized with the Yoast SEO plugin v26.5 - https:\/\/yoast.com\/wordpress\/plugins\/seo\/ -->\n<title>Malla no absorbible de monofilamento de Polipropileno, preformada Plug T\u00ae5 - Herniamesh | Dispositivi medici per l&#039;ernioplastica inguinale ed addominale<\/title>\n<meta name=\"robots\" content=\"index, follow, max-snippet:-1, max-image-preview:large, max-video-preview:-1\" \/>\n<link rel=\"canonical\" href=\"https:\/\/herniamesh.com\/es\/hernias-inguinales\/malla-no-absorbible-de-monofilamento-de-polipropileno-preformada-plug-t5\/\" \/>\n<meta property=\"og:locale\" content=\"es_ES\" \/>\n<meta property=\"og:type\" content=\"article\" \/>\n<meta property=\"og:title\" content=\"Malla no absorbible de monofilamento de Polipropileno, preformada Plug T\u00ae5 - Herniamesh | Dispositivi medici per l&#039;ernioplastica inguinale ed addominale\" \/>\n<meta property=\"og:description\" content=\"Malla preformada r\u00edgida con orificio exc\u00e9ntrico, que se utiliza en los defectos herniarios inguinales masculinos. Esta malla se utiliza combinada con la malla preformada Hertra\u00ae en presencia de una destrucci\u00f3n significativa o debilidad de la pared posterior.  La malla T5 se coloca bajo la fascia trasversalis, pudi\u00e9ndose adaptar la distancia entre la pr\u00f3tesis T5 y la preformada Hertra\u00ae del modo anat\u00f3mico m\u00e1s adecuado, gracias al sistema de suturas pasantes ideado por el Prof. Trabucco.\" \/>\n<meta property=\"og:url\" content=\"https:\/\/herniamesh.com\/es\/hernias-inguinales\/malla-no-absorbible-de-monofilamento-de-polipropileno-preformada-plug-t5\/\" \/>\n<meta property=\"og:site_name\" content=\"Herniamesh | Dispositivi medici per l&#039;ernioplastica inguinale ed addominale\" \/>\n<meta property=\"og:image\" content=\"https:\/\/herniamesh.com\/wp-content\/uploads\/2022\/03\/Herniamesh_0001_pt50.jpg\" \/>\n\t<meta property=\"og:image:width\" content=\"1080\" \/>\n\t<meta property=\"og:image:height\" content=\"1080\" \/>\n\t<meta property=\"og:image:type\" content=\"image\/jpeg\" \/>\n<meta name=\"twitter:card\" content=\"summary_large_image\" \/>\n<script type=\"application\/ld+json\" class=\"yoast-schema-graph\">{\"@context\":\"https:\/\/schema.org\",\"@graph\":[{\"@type\":\"WebPage\",\"@id\":\"https:\/\/herniamesh.com\/es\/hernias-inguinales\/malla-no-absorbible-de-monofilamento-de-polipropileno-preformada-plug-t5\/\",\"url\":\"https:\/\/herniamesh.com\/es\/hernias-inguinales\/malla-no-absorbible-de-monofilamento-de-polipropileno-preformada-plug-t5\/\",\"name\":\"Malla no absorbible de monofilamento de Polipropileno, preformada Plug T\u00ae5 - Herniamesh | Dispositivi medici per l&#039;ernioplastica inguinale ed addominale\",\"isPartOf\":{\"@id\":\"https:\/\/herniamesh.com\/#website\"},\"primaryImageOfPage\":{\"@id\":\"https:\/\/herniamesh.com\/es\/hernias-inguinales\/malla-no-absorbible-de-monofilamento-de-polipropileno-preformada-plug-t5\/#primaryimage\"},\"image\":{\"@id\":\"https:\/\/herniamesh.com\/es\/hernias-inguinales\/malla-no-absorbible-de-monofilamento-de-polipropileno-preformada-plug-t5\/#primaryimage\"},\"thumbnailUrl\":\"https:\/\/herniamesh.com\/wp-content\/uploads\/2022\/03\/Herniamesh_0001_pt50.jpg\",\"datePublished\":\"2022-03-16T08:48:35+00:00\",\"breadcrumb\":{\"@id\":\"https:\/\/herniamesh.com\/es\/hernias-inguinales\/malla-no-absorbible-de-monofilamento-de-polipropileno-preformada-plug-t5\/#breadcrumb\"},\"inLanguage\":\"es\",\"potentialAction\":[{\"@type\":\"ReadAction\",\"target\":[\"https:\/\/herniamesh.com\/es\/hernias-inguinales\/malla-no-absorbible-de-monofilamento-de-polipropileno-preformada-plug-t5\/\"]}]},{\"@type\":\"ImageObject\",\"inLanguage\":\"es\",\"@id\":\"https:\/\/herniamesh.com\/es\/hernias-inguinales\/malla-no-absorbible-de-monofilamento-de-polipropileno-preformada-plug-t5\/#primaryimage\",\"url\":\"https:\/\/herniamesh.com\/wp-content\/uploads\/2022\/03\/Herniamesh_0001_pt50.jpg\",\"contentUrl\":\"https:\/\/herniamesh.com\/wp-content\/uploads\/2022\/03\/Herniamesh_0001_pt50.jpg\",\"width\":1080,\"height\":1080},{\"@type\":\"BreadcrumbList\",\"@id\":\"https:\/\/herniamesh.com\/es\/hernias-inguinales\/malla-no-absorbible-de-monofilamento-de-polipropileno-preformada-plug-t5\/#breadcrumb\",\"itemListElement\":[{\"@type\":\"ListItem\",\"position\":1,\"name\":\"Home\",\"item\":\"https:\/\/herniamesh.com\/es\/\"},{\"@type\":\"ListItem\",\"position\":2,\"name\":\"Shop\",\"item\":\"https:\/\/herniamesh.com\/negozio\/\"},{\"@type\":\"ListItem\",\"position\":3,\"name\":\"Malla no absorbible de monofilamento de Polipropileno, preformada Plug T\u00ae5\"}]},{\"@type\":\"WebSite\",\"@id\":\"https:\/\/herniamesh.com\/#website\",\"url\":\"https:\/\/herniamesh.com\/\",\"name\":\"Herniamesh | Dispositivi medici per l&#039;ernioplastica inguinale ed addominale\",\"description\":\"Tecnologia al servizio della salute\",\"potentialAction\":[{\"@type\":\"SearchAction\",\"target\":{\"@type\":\"EntryPoint\",\"urlTemplate\":\"https:\/\/herniamesh.com\/?s={search_term_string}\"},\"query-input\":{\"@type\":\"PropertyValueSpecification\",\"valueRequired\":true,\"valueName\":\"search_term_string\"}}],\"inLanguage\":\"es\"}]}<\/script>\n<!-- \/ Yoast SEO plugin. -->","yoast_head_json":{"title":"Malla no absorbible de monofilamento de Polipropileno, preformada Plug T\u00ae5 - Herniamesh | Dispositivi medici per l&#039;ernioplastica inguinale ed addominale","robots":{"index":"index","follow":"follow","max-snippet":"max-snippet:-1","max-image-preview":"max-image-preview:large","max-video-preview":"max-video-preview:-1"},"canonical":"https:\/\/herniamesh.com\/es\/hernias-inguinales\/malla-no-absorbible-de-monofilamento-de-polipropileno-preformada-plug-t5\/","og_locale":"es_ES","og_type":"article","og_title":"Malla no absorbible de monofilamento de Polipropileno, preformada Plug T\u00ae5 - Herniamesh | Dispositivi medici per l&#039;ernioplastica inguinale ed addominale","og_description":"Malla preformada r\u00edgida con orificio exc\u00e9ntrico, que se utiliza en los defectos herniarios inguinales masculinos. Esta malla se utiliza combinada con la malla preformada Hertra\u00ae en presencia de una destrucci\u00f3n significativa o debilidad de la pared posterior.  La malla T5 se coloca bajo la fascia trasversalis, pudi\u00e9ndose adaptar la distancia entre la pr\u00f3tesis T5 y la preformada Hertra\u00ae del modo anat\u00f3mico m\u00e1s adecuado, gracias al sistema de suturas pasantes ideado por el Prof. Trabucco.","og_url":"https:\/\/herniamesh.com\/es\/hernias-inguinales\/malla-no-absorbible-de-monofilamento-de-polipropileno-preformada-plug-t5\/","og_site_name":"Herniamesh | Dispositivi medici per l&#039;ernioplastica inguinale ed addominale","og_image":[{"width":1080,"height":1080,"url":"https:\/\/herniamesh.com\/wp-content\/uploads\/2022\/03\/Herniamesh_0001_pt50.jpg","type":"image\/jpeg"}],"twitter_card":"summary_large_image","schema":{"@context":"https:\/\/schema.org","@graph":[{"@type":"WebPage","@id":"https:\/\/herniamesh.com\/es\/hernias-inguinales\/malla-no-absorbible-de-monofilamento-de-polipropileno-preformada-plug-t5\/","url":"https:\/\/herniamesh.com\/es\/hernias-inguinales\/malla-no-absorbible-de-monofilamento-de-polipropileno-preformada-plug-t5\/","name":"Malla no absorbible de monofilamento de Polipropileno, preformada Plug T\u00ae5 - Herniamesh | Dispositivi medici per l&#039;ernioplastica inguinale ed addominale","isPartOf":{"@id":"https:\/\/herniamesh.com\/#website"},"primaryImageOfPage":{"@id":"https:\/\/herniamesh.com\/es\/hernias-inguinales\/malla-no-absorbible-de-monofilamento-de-polipropileno-preformada-plug-t5\/#primaryimage"},"image":{"@id":"https:\/\/herniamesh.com\/es\/hernias-inguinales\/malla-no-absorbible-de-monofilamento-de-polipropileno-preformada-plug-t5\/#primaryimage"},"thumbnailUrl":"https:\/\/herniamesh.com\/wp-content\/uploads\/2022\/03\/Herniamesh_0001_pt50.jpg","datePublished":"2022-03-16T08:48:35+00:00","breadcrumb":{"@id":"https:\/\/herniamesh.com\/es\/hernias-inguinales\/malla-no-absorbible-de-monofilamento-de-polipropileno-preformada-plug-t5\/#breadcrumb"},"inLanguage":"es","potentialAction":[{"@type":"ReadAction","target":["https:\/\/herniamesh.com\/es\/hernias-inguinales\/malla-no-absorbible-de-monofilamento-de-polipropileno-preformada-plug-t5\/"]}]},{"@type":"ImageObject","inLanguage":"es","@id":"https:\/\/herniamesh.com\/es\/hernias-inguinales\/malla-no-absorbible-de-monofilamento-de-polipropileno-preformada-plug-t5\/#primaryimage","url":"https:\/\/herniamesh.com\/wp-content\/uploads\/2022\/03\/Herniamesh_0001_pt50.jpg","contentUrl":"https:\/\/herniamesh.com\/wp-content\/uploads\/2022\/03\/Herniamesh_0001_pt50.jpg","width":1080,"height":1080},{"@type":"BreadcrumbList","@id":"https:\/\/herniamesh.com\/es\/hernias-inguinales\/malla-no-absorbible-de-monofilamento-de-polipropileno-preformada-plug-t5\/#breadcrumb","itemListElement":[{"@type":"ListItem","position":1,"name":"Home","item":"https:\/\/herniamesh.com\/es\/"},{"@type":"ListItem","position":2,"name":"Shop","item":"https:\/\/herniamesh.com\/negozio\/"},{"@type":"ListItem","position":3,"name":"Malla no absorbible de monofilamento de Polipropileno, preformada Plug T\u00ae5"}]},{"@type":"WebSite","@id":"https:\/\/herniamesh.com\/#website","url":"https:\/\/herniamesh.com\/","name":"Herniamesh | Dispositivi medici per l&#039;ernioplastica inguinale ed addominale","description":"Tecnologia al servizio della salute","potentialAction":[{"@type":"SearchAction","target":{"@type":"EntryPoint","urlTemplate":"https:\/\/herniamesh.com\/?s={search_term_string}"},"query-input":{"@type":"PropertyValueSpecification","valueRequired":true,"valueName":"search_term_string"}}],"inLanguage":"es"}]}},"_links":{"self":[{"href":"https:\/\/herniamesh.com\/es\/wp-json\/wp\/v2\/product\/258146","targetHints":{"allow":["GET"]}}],"collection":[{"href":"https:\/\/herniamesh.com\/es\/wp-json\/wp\/v2\/product"}],"about":[{"href":"https:\/\/herniamesh.com\/es\/wp-json\/wp\/v2\/types\/product"}],"wp:featuredmedia":[{"embeddable":true,"href":"https:\/\/herniamesh.com\/es\/wp-json\/wp\/v2\/media\/258035"}],"wp:attachment":[{"href":"https:\/\/herniamesh.com\/es\/wp-json\/wp\/v2\/media?parent=258146"}],"wp:term":[{"taxonomy":"product_brand","embeddable":true,"href":"https:\/\/herniamesh.com\/es\/wp-json\/wp\/v2\/product_brand?post=258146"},{"taxonomy":"product_cat","embeddable":true,"href":"https:\/\/herniamesh.com\/es\/wp-json\/wp\/v2\/product_cat?post=258146"},{"taxonomy":"product_tag","embeddable":true,"href":"https:\/\/herniamesh.com\/es\/wp-json\/wp\/v2\/product_tag?post=258146"}],"curies":[{"name":"wp","href":"https:\/\/api.w.org\/{rel}","templated":true}]}}