{"id":258147,"date":"2022-03-03T15:04:07","date_gmt":"2022-03-03T14:04:07","guid":{"rendered":"https:\/\/herniamesh.com\/prodotto\/tapones-tridimensionales-no-absorbibles-en-monofilamento-de-polipropileno-plug-t2\/"},"modified":"2022-03-03T15:04:07","modified_gmt":"2022-03-03T14:04:07","slug":"tapones-tridimensionales-no-absorbibles-en-monofilamento-de-polipropileno-plug-t2","status":"publish","type":"product","link":"https:\/\/herniamesh.com\/es\/hernias-inguinales\/tapones-tridimensionales-no-absorbibles-en-monofilamento-de-polipropileno-plug-t2\/","title":{"rendered":"Tapones tridimensionales no absorbibles en monofilamento de Polipropileno <br><b>Plug T\u00ae2<\/b><\/br>"},"content":{"rendered":"","protected":false},"excerpt":{"rendered":"<p>Ideales para la reparaci\u00f3n de hernias inguinales y femorales con cirug\u00eda \u00ababierta\u00bb, los <strong>tapones Plug T\u00ae2<\/strong> ofrecen ventajas significativas:<br \/>\n\u2013 la punta del tap\u00f3n Plug T\u00ae2, de forma redondeada, no produce compresi\u00f3n de los vasos y se adapta a cualquier tama\u00f1o del defecto de herniaci\u00f3n;<br \/>\n\u2013 la punta se une a la base a lo largo de todo el per\u00edmetro;<br \/>\n\u2013 la base refuerza los tejidos que rodean el defecto y, al estar suturada, ayuda a prevenir las recidivas que derivan de la posible migraci\u00f3n del propio tap\u00f3n.<\/p>\n<p>El tap\u00f3n PlugT\u00ae2 tambi\u00e9n se encuentra disponible con punta blanda.<\/p>\n","protected":false},"featured_media":257991,"template":"","meta":{"_et_pb_use_builder":"","_et_pb_old_content":"","_et_gb_content_width":""},"product_brand":[],"product_cat":[58,57],"product_tag":[],"class_list":{"0":"post-258147","1":"product","2":"type-product","3":"status-publish","4":"has-post-thumbnail","6":"product_cat-hernias-inguinales","7":"product_cat-hernioplastia-inguinal","9":"first","10":"instock","11":"shipping-taxable","12":"product-type-simple"},"yoast_head":"<!-- This site is optimized with the Yoast SEO plugin v26.5 - https:\/\/yoast.com\/wordpress\/plugins\/seo\/ -->\n<title>Tapones tridimensionales no absorbibles en monofilamento de Polipropileno Plug T\u00ae2 - Herniamesh | Dispositivi medici per l&#039;ernioplastica inguinale ed addominale<\/title>\n<meta name=\"robots\" content=\"index, follow, max-snippet:-1, max-image-preview:large, max-video-preview:-1\" \/>\n<link rel=\"canonical\" href=\"https:\/\/herniamesh.com\/es\/hernias-inguinales\/tapones-tridimensionales-no-absorbibles-en-monofilamento-de-polipropileno-plug-t2\/\" \/>\n<meta property=\"og:locale\" content=\"es_ES\" \/>\n<meta property=\"og:type\" content=\"article\" \/>\n<meta property=\"og:title\" content=\"Tapones tridimensionales no absorbibles en monofilamento de Polipropileno Plug T\u00ae2 - Herniamesh | Dispositivi medici per l&#039;ernioplastica inguinale ed addominale\" \/>\n<meta property=\"og:description\" content=\"Ideales para la reparaci\u00f3n de hernias inguinales y femorales con cirug\u00eda \u00ababierta\u00bb, los tapones Plug T\u00ae2 ofrecen ventajas significativas: \u2013 la punta del tap\u00f3n Plug T\u00ae2, de forma redondeada, no produce compresi\u00f3n de los vasos y se adapta a cualquier tama\u00f1o del defecto de herniaci\u00f3n; \u2013 la punta se une a la base a lo largo de todo el per\u00edmetro; \u2013 la base refuerza los tejidos que rodean el defecto y, al estar suturada, ayuda a prevenir las recidivas que derivan de la posible migraci\u00f3n del propio tap\u00f3n.  El tap\u00f3n PlugT\u00ae2 tambi\u00e9n se encuentra disponible con punta blanda.\" \/>\n<meta property=\"og:url\" content=\"https:\/\/herniamesh.com\/es\/hernias-inguinales\/tapones-tridimensionales-no-absorbibles-en-monofilamento-de-polipropileno-plug-t2\/\" \/>\n<meta property=\"og:site_name\" content=\"Herniamesh | Dispositivi medici per l&#039;ernioplastica inguinale ed addominale\" \/>\n<meta property=\"og:image\" content=\"https:\/\/herniamesh.com\/wp-content\/uploads\/2022\/03\/Herniamesh-reti-per-ernie-PT2.jpg\" \/>\n\t<meta property=\"og:image:width\" content=\"1080\" \/>\n\t<meta property=\"og:image:height\" content=\"1080\" \/>\n\t<meta property=\"og:image:type\" content=\"image\/jpeg\" \/>\n<meta name=\"twitter:card\" content=\"summary_large_image\" \/>\n<script type=\"application\/ld+json\" class=\"yoast-schema-graph\">{\"@context\":\"https:\/\/schema.org\",\"@graph\":[{\"@type\":\"WebPage\",\"@id\":\"https:\/\/herniamesh.com\/es\/hernias-inguinales\/tapones-tridimensionales-no-absorbibles-en-monofilamento-de-polipropileno-plug-t2\/\",\"url\":\"https:\/\/herniamesh.com\/es\/hernias-inguinales\/tapones-tridimensionales-no-absorbibles-en-monofilamento-de-polipropileno-plug-t2\/\",\"name\":\"Tapones tridimensionales no absorbibles en monofilamento de Polipropileno Plug T\u00ae2 - Herniamesh | Dispositivi medici per l&#039;ernioplastica inguinale ed addominale\",\"isPartOf\":{\"@id\":\"https:\/\/herniamesh.com\/#website\"},\"primaryImageOfPage\":{\"@id\":\"https:\/\/herniamesh.com\/es\/hernias-inguinales\/tapones-tridimensionales-no-absorbibles-en-monofilamento-de-polipropileno-plug-t2\/#primaryimage\"},\"image\":{\"@id\":\"https:\/\/herniamesh.com\/es\/hernias-inguinales\/tapones-tridimensionales-no-absorbibles-en-monofilamento-de-polipropileno-plug-t2\/#primaryimage\"},\"thumbnailUrl\":\"https:\/\/herniamesh.com\/wp-content\/uploads\/2022\/03\/Herniamesh-reti-per-ernie-PT2.jpg\",\"datePublished\":\"2022-03-03T14:04:07+00:00\",\"breadcrumb\":{\"@id\":\"https:\/\/herniamesh.com\/es\/hernias-inguinales\/tapones-tridimensionales-no-absorbibles-en-monofilamento-de-polipropileno-plug-t2\/#breadcrumb\"},\"inLanguage\":\"es\",\"potentialAction\":[{\"@type\":\"ReadAction\",\"target\":[\"https:\/\/herniamesh.com\/es\/hernias-inguinales\/tapones-tridimensionales-no-absorbibles-en-monofilamento-de-polipropileno-plug-t2\/\"]}]},{\"@type\":\"ImageObject\",\"inLanguage\":\"es\",\"@id\":\"https:\/\/herniamesh.com\/es\/hernias-inguinales\/tapones-tridimensionales-no-absorbibles-en-monofilamento-de-polipropileno-plug-t2\/#primaryimage\",\"url\":\"https:\/\/herniamesh.com\/wp-content\/uploads\/2022\/03\/Herniamesh-reti-per-ernie-PT2.jpg\",\"contentUrl\":\"https:\/\/herniamesh.com\/wp-content\/uploads\/2022\/03\/Herniamesh-reti-per-ernie-PT2.jpg\",\"width\":1080,\"height\":1080},{\"@type\":\"BreadcrumbList\",\"@id\":\"https:\/\/herniamesh.com\/es\/hernias-inguinales\/tapones-tridimensionales-no-absorbibles-en-monofilamento-de-polipropileno-plug-t2\/#breadcrumb\",\"itemListElement\":[{\"@type\":\"ListItem\",\"position\":1,\"name\":\"Home\",\"item\":\"https:\/\/herniamesh.com\/es\/\"},{\"@type\":\"ListItem\",\"position\":2,\"name\":\"Shop\",\"item\":\"https:\/\/herniamesh.com\/negozio\/\"},{\"@type\":\"ListItem\",\"position\":3,\"name\":\"Tapones tridimensionales no absorbibles en monofilamento de Polipropileno Plug T\u00ae2\"}]},{\"@type\":\"WebSite\",\"@id\":\"https:\/\/herniamesh.com\/#website\",\"url\":\"https:\/\/herniamesh.com\/\",\"name\":\"Herniamesh | Dispositivi medici per l&#039;ernioplastica inguinale ed addominale\",\"description\":\"Tecnologia al servizio della salute\",\"potentialAction\":[{\"@type\":\"SearchAction\",\"target\":{\"@type\":\"EntryPoint\",\"urlTemplate\":\"https:\/\/herniamesh.com\/?s={search_term_string}\"},\"query-input\":{\"@type\":\"PropertyValueSpecification\",\"valueRequired\":true,\"valueName\":\"search_term_string\"}}],\"inLanguage\":\"es\"}]}<\/script>\n<!-- \/ Yoast SEO plugin. -->","yoast_head_json":{"title":"Tapones tridimensionales no absorbibles en monofilamento de Polipropileno Plug T\u00ae2 - Herniamesh | Dispositivi medici per l&#039;ernioplastica inguinale ed addominale","robots":{"index":"index","follow":"follow","max-snippet":"max-snippet:-1","max-image-preview":"max-image-preview:large","max-video-preview":"max-video-preview:-1"},"canonical":"https:\/\/herniamesh.com\/es\/hernias-inguinales\/tapones-tridimensionales-no-absorbibles-en-monofilamento-de-polipropileno-plug-t2\/","og_locale":"es_ES","og_type":"article","og_title":"Tapones tridimensionales no absorbibles en monofilamento de Polipropileno Plug T\u00ae2 - Herniamesh | Dispositivi medici per l&#039;ernioplastica inguinale ed addominale","og_description":"Ideales para la reparaci\u00f3n de hernias inguinales y femorales con cirug\u00eda \u00ababierta\u00bb, los tapones Plug T\u00ae2 ofrecen ventajas significativas: \u2013 la punta del tap\u00f3n Plug T\u00ae2, de forma redondeada, no produce compresi\u00f3n de los vasos y se adapta a cualquier tama\u00f1o del defecto de herniaci\u00f3n; \u2013 la punta se une a la base a lo largo de todo el per\u00edmetro; \u2013 la base refuerza los tejidos que rodean el defecto y, al estar suturada, ayuda a prevenir las recidivas que derivan de la posible migraci\u00f3n del propio tap\u00f3n.  El tap\u00f3n PlugT\u00ae2 tambi\u00e9n se encuentra disponible con punta blanda.","og_url":"https:\/\/herniamesh.com\/es\/hernias-inguinales\/tapones-tridimensionales-no-absorbibles-en-monofilamento-de-polipropileno-plug-t2\/","og_site_name":"Herniamesh | Dispositivi medici per l&#039;ernioplastica inguinale ed addominale","og_image":[{"width":1080,"height":1080,"url":"https:\/\/herniamesh.com\/wp-content\/uploads\/2022\/03\/Herniamesh-reti-per-ernie-PT2.jpg","type":"image\/jpeg"}],"twitter_card":"summary_large_image","schema":{"@context":"https:\/\/schema.org","@graph":[{"@type":"WebPage","@id":"https:\/\/herniamesh.com\/es\/hernias-inguinales\/tapones-tridimensionales-no-absorbibles-en-monofilamento-de-polipropileno-plug-t2\/","url":"https:\/\/herniamesh.com\/es\/hernias-inguinales\/tapones-tridimensionales-no-absorbibles-en-monofilamento-de-polipropileno-plug-t2\/","name":"Tapones tridimensionales no absorbibles en monofilamento de Polipropileno Plug T\u00ae2 - Herniamesh | Dispositivi medici per l&#039;ernioplastica inguinale ed addominale","isPartOf":{"@id":"https:\/\/herniamesh.com\/#website"},"primaryImageOfPage":{"@id":"https:\/\/herniamesh.com\/es\/hernias-inguinales\/tapones-tridimensionales-no-absorbibles-en-monofilamento-de-polipropileno-plug-t2\/#primaryimage"},"image":{"@id":"https:\/\/herniamesh.com\/es\/hernias-inguinales\/tapones-tridimensionales-no-absorbibles-en-monofilamento-de-polipropileno-plug-t2\/#primaryimage"},"thumbnailUrl":"https:\/\/herniamesh.com\/wp-content\/uploads\/2022\/03\/Herniamesh-reti-per-ernie-PT2.jpg","datePublished":"2022-03-03T14:04:07+00:00","breadcrumb":{"@id":"https:\/\/herniamesh.com\/es\/hernias-inguinales\/tapones-tridimensionales-no-absorbibles-en-monofilamento-de-polipropileno-plug-t2\/#breadcrumb"},"inLanguage":"es","potentialAction":[{"@type":"ReadAction","target":["https:\/\/herniamesh.com\/es\/hernias-inguinales\/tapones-tridimensionales-no-absorbibles-en-monofilamento-de-polipropileno-plug-t2\/"]}]},{"@type":"ImageObject","inLanguage":"es","@id":"https:\/\/herniamesh.com\/es\/hernias-inguinales\/tapones-tridimensionales-no-absorbibles-en-monofilamento-de-polipropileno-plug-t2\/#primaryimage","url":"https:\/\/herniamesh.com\/wp-content\/uploads\/2022\/03\/Herniamesh-reti-per-ernie-PT2.jpg","contentUrl":"https:\/\/herniamesh.com\/wp-content\/uploads\/2022\/03\/Herniamesh-reti-per-ernie-PT2.jpg","width":1080,"height":1080},{"@type":"BreadcrumbList","@id":"https:\/\/herniamesh.com\/es\/hernias-inguinales\/tapones-tridimensionales-no-absorbibles-en-monofilamento-de-polipropileno-plug-t2\/#breadcrumb","itemListElement":[{"@type":"ListItem","position":1,"name":"Home","item":"https:\/\/herniamesh.com\/es\/"},{"@type":"ListItem","position":2,"name":"Shop","item":"https:\/\/herniamesh.com\/negozio\/"},{"@type":"ListItem","position":3,"name":"Tapones tridimensionales no absorbibles en monofilamento de Polipropileno Plug T\u00ae2"}]},{"@type":"WebSite","@id":"https:\/\/herniamesh.com\/#website","url":"https:\/\/herniamesh.com\/","name":"Herniamesh | Dispositivi medici per l&#039;ernioplastica inguinale ed addominale","description":"Tecnologia al servizio della salute","potentialAction":[{"@type":"SearchAction","target":{"@type":"EntryPoint","urlTemplate":"https:\/\/herniamesh.com\/?s={search_term_string}"},"query-input":{"@type":"PropertyValueSpecification","valueRequired":true,"valueName":"search_term_string"}}],"inLanguage":"es"}]}},"_links":{"self":[{"href":"https:\/\/herniamesh.com\/es\/wp-json\/wp\/v2\/product\/258147","targetHints":{"allow":["GET"]}}],"collection":[{"href":"https:\/\/herniamesh.com\/es\/wp-json\/wp\/v2\/product"}],"about":[{"href":"https:\/\/herniamesh.com\/es\/wp-json\/wp\/v2\/types\/product"}],"wp:featuredmedia":[{"embeddable":true,"href":"https:\/\/herniamesh.com\/es\/wp-json\/wp\/v2\/media\/257991"}],"wp:attachment":[{"href":"https:\/\/herniamesh.com\/es\/wp-json\/wp\/v2\/media?parent=258147"}],"wp:term":[{"taxonomy":"product_brand","embeddable":true,"href":"https:\/\/herniamesh.com\/es\/wp-json\/wp\/v2\/product_brand?post=258147"},{"taxonomy":"product_cat","embeddable":true,"href":"https:\/\/herniamesh.com\/es\/wp-json\/wp\/v2\/product_cat?post=258147"},{"taxonomy":"product_tag","embeddable":true,"href":"https:\/\/herniamesh.com\/es\/wp-json\/wp\/v2\/product_tag?post=258147"}],"curies":[{"name":"wp","href":"https:\/\/api.w.org\/{rel}","templated":true}]}}