{"id":258148,"date":"2022-03-04T11:39:44","date_gmt":"2022-03-04T10:39:44","guid":{"rendered":"https:\/\/herniamesh.com\/prodotto\/protesis-net-plug-patch\/"},"modified":"2022-03-04T11:39:44","modified_gmt":"2022-03-04T10:39:44","slug":"protesis-net-plug-patch","status":"publish","type":"product","link":"https:\/\/herniamesh.com\/es\/hernias-inguinales\/protesis-net-plug-patch\/","title":{"rendered":"Pr\u00f3tesis <br><b>Net Plug &#038; Patch<\/b><\/br>"},"content":{"rendered":"","protected":false},"excerpt":{"rendered":"<p>La pr\u00f3tesis <strong>Net Plug &amp; Patch<\/strong> es una malla preformada de forma sim\u00e9trica, de 6 cm de ancho y 11 cm de longitud, tejida con monofilamento de Polipropileno no absorbible.<br \/>\nLa pr\u00f3tesis presenta un orificio de 1,5 cm de di\u00e1metro, localizado a 7 cm de la punta, que por extrusi\u00f3n configura un tap\u00f3n blando y macroporoso de 2,5 cm de di\u00e1metro.<br \/>\nGracias a este tap\u00f3n extruido desde la propia malla, la pr\u00f3tesis NeT Plug &amp; Patch se puede considerar un dispositivo \u00aball-in-one\u00bb [todo en uno], que elimina completamente el riesgo de migraci\u00f3n del tap\u00f3n.<br \/>\nNeT Plug &amp; Patch resulta ideal para la reparaci\u00f3n de la hernia inguinal con t\u00e9cnica abierta.<br \/>\nLa fijaci\u00f3n de la pr\u00f3tesis NeT Plug &amp; Patch se realiza con adhesivo de fibrina o adhesivo sint\u00e9tico, teniendo cuidado previamente de adherir bien los bordes de la extrusi\u00f3n alrededor de los bordes del defecto y despu\u00e9s el resto de la pr\u00f3tesis. Tambi\u00e9n disponible NeT Plug con base redonda.<\/p>\n","protected":false},"featured_media":257997,"template":"","meta":{"_et_pb_use_builder":"","_et_pb_old_content":"","_et_gb_content_width":""},"product_brand":[],"product_cat":[57,58],"product_tag":[],"class_list":{"0":"post-258148","1":"product","2":"type-product","3":"status-publish","4":"has-post-thumbnail","6":"product_cat-hernioplastia-inguinal","7":"product_cat-hernias-inguinales","9":"first","10":"instock","11":"shipping-taxable","12":"product-type-simple"},"yoast_head":"<!-- This site is optimized with the Yoast SEO plugin v26.5 - https:\/\/yoast.com\/wordpress\/plugins\/seo\/ -->\n<title>Pr\u00f3tesis Net Plug &amp; Patch - Herniamesh | Dispositivi medici per l&#039;ernioplastica inguinale ed addominale<\/title>\n<meta name=\"robots\" content=\"index, follow, max-snippet:-1, max-image-preview:large, max-video-preview:-1\" \/>\n<link rel=\"canonical\" href=\"https:\/\/herniamesh.com\/es\/hernias-inguinales\/protesis-net-plug-patch\/\" \/>\n<meta property=\"og:locale\" content=\"es_ES\" \/>\n<meta property=\"og:type\" content=\"article\" \/>\n<meta property=\"og:title\" content=\"Pr\u00f3tesis Net Plug &amp; Patch - Herniamesh | Dispositivi medici per l&#039;ernioplastica inguinale ed addominale\" \/>\n<meta property=\"og:description\" content=\"La pr\u00f3tesis Net Plug &amp; Patch es una malla preformada de forma sim\u00e9trica, de 6 cm de ancho y 11 cm de longitud, tejida con monofilamento de Polipropileno no absorbible. La pr\u00f3tesis presenta un orificio de 1,5 cm de di\u00e1metro, localizado a 7 cm de la punta, que por extrusi\u00f3n configura un tap\u00f3n blando y macroporoso de 2,5 cm de di\u00e1metro. Gracias a este tap\u00f3n extruido desde la propia malla, la pr\u00f3tesis NeT Plug &amp; Patch se puede considerar un dispositivo \u00aball-in-one\u00bb [todo en uno], que elimina completamente el riesgo de migraci\u00f3n del tap\u00f3n. NeT Plug &amp; Patch resulta ideal para la reparaci\u00f3n de la hernia inguinal con t\u00e9cnica abierta. La fijaci\u00f3n de la pr\u00f3tesis NeT Plug &amp; Patch se realiza con adhesivo de fibrina o adhesivo sint\u00e9tico, teniendo cuidado previamente de adherir bien los bordes de la extrusi\u00f3n alrededor de los bordes del defecto y despu\u00e9s el resto de la pr\u00f3tesis. Tambi\u00e9n disponible NeT Plug con base redonda.\" \/>\n<meta property=\"og:url\" content=\"https:\/\/herniamesh.com\/es\/hernias-inguinales\/protesis-net-plug-patch\/\" \/>\n<meta property=\"og:site_name\" content=\"Herniamesh | Dispositivi medici per l&#039;ernioplastica inguinale ed addominale\" \/>\n<meta property=\"og:image\" content=\"https:\/\/herniamesh.com\/wp-content\/uploads\/2022\/03\/Herniamesh-reti-per-ernie-PT3H3PS-P.jpg\" \/>\n\t<meta property=\"og:image:width\" content=\"1080\" \/>\n\t<meta property=\"og:image:height\" content=\"1080\" \/>\n\t<meta property=\"og:image:type\" content=\"image\/jpeg\" \/>\n<meta name=\"twitter:card\" content=\"summary_large_image\" \/>\n<script type=\"application\/ld+json\" class=\"yoast-schema-graph\">{\"@context\":\"https:\/\/schema.org\",\"@graph\":[{\"@type\":\"WebPage\",\"@id\":\"https:\/\/herniamesh.com\/es\/hernias-inguinales\/protesis-net-plug-patch\/\",\"url\":\"https:\/\/herniamesh.com\/es\/hernias-inguinales\/protesis-net-plug-patch\/\",\"name\":\"Pr\u00f3tesis Net Plug & Patch - Herniamesh | Dispositivi medici per l&#039;ernioplastica inguinale ed addominale\",\"isPartOf\":{\"@id\":\"https:\/\/herniamesh.com\/#website\"},\"primaryImageOfPage\":{\"@id\":\"https:\/\/herniamesh.com\/es\/hernias-inguinales\/protesis-net-plug-patch\/#primaryimage\"},\"image\":{\"@id\":\"https:\/\/herniamesh.com\/es\/hernias-inguinales\/protesis-net-plug-patch\/#primaryimage\"},\"thumbnailUrl\":\"https:\/\/herniamesh.com\/wp-content\/uploads\/2022\/03\/Herniamesh-reti-per-ernie-PT3H3PS-P.jpg\",\"datePublished\":\"2022-03-04T10:39:44+00:00\",\"breadcrumb\":{\"@id\":\"https:\/\/herniamesh.com\/es\/hernias-inguinales\/protesis-net-plug-patch\/#breadcrumb\"},\"inLanguage\":\"es\",\"potentialAction\":[{\"@type\":\"ReadAction\",\"target\":[\"https:\/\/herniamesh.com\/es\/hernias-inguinales\/protesis-net-plug-patch\/\"]}]},{\"@type\":\"ImageObject\",\"inLanguage\":\"es\",\"@id\":\"https:\/\/herniamesh.com\/es\/hernias-inguinales\/protesis-net-plug-patch\/#primaryimage\",\"url\":\"https:\/\/herniamesh.com\/wp-content\/uploads\/2022\/03\/Herniamesh-reti-per-ernie-PT3H3PS-P.jpg\",\"contentUrl\":\"https:\/\/herniamesh.com\/wp-content\/uploads\/2022\/03\/Herniamesh-reti-per-ernie-PT3H3PS-P.jpg\",\"width\":1080,\"height\":1080},{\"@type\":\"BreadcrumbList\",\"@id\":\"https:\/\/herniamesh.com\/es\/hernias-inguinales\/protesis-net-plug-patch\/#breadcrumb\",\"itemListElement\":[{\"@type\":\"ListItem\",\"position\":1,\"name\":\"Home\",\"item\":\"https:\/\/herniamesh.com\/es\/\"},{\"@type\":\"ListItem\",\"position\":2,\"name\":\"Shop\",\"item\":\"https:\/\/herniamesh.com\/negozio\/\"},{\"@type\":\"ListItem\",\"position\":3,\"name\":\"Pr\u00f3tesis Net Plug &#038; Patch\"}]},{\"@type\":\"WebSite\",\"@id\":\"https:\/\/herniamesh.com\/#website\",\"url\":\"https:\/\/herniamesh.com\/\",\"name\":\"Herniamesh | Dispositivi medici per l&#039;ernioplastica inguinale ed addominale\",\"description\":\"Tecnologia al servizio della salute\",\"potentialAction\":[{\"@type\":\"SearchAction\",\"target\":{\"@type\":\"EntryPoint\",\"urlTemplate\":\"https:\/\/herniamesh.com\/?s={search_term_string}\"},\"query-input\":{\"@type\":\"PropertyValueSpecification\",\"valueRequired\":true,\"valueName\":\"search_term_string\"}}],\"inLanguage\":\"es\"}]}<\/script>\n<!-- \/ Yoast SEO plugin. -->","yoast_head_json":{"title":"Pr\u00f3tesis Net Plug & Patch - Herniamesh | Dispositivi medici per l&#039;ernioplastica inguinale ed addominale","robots":{"index":"index","follow":"follow","max-snippet":"max-snippet:-1","max-image-preview":"max-image-preview:large","max-video-preview":"max-video-preview:-1"},"canonical":"https:\/\/herniamesh.com\/es\/hernias-inguinales\/protesis-net-plug-patch\/","og_locale":"es_ES","og_type":"article","og_title":"Pr\u00f3tesis Net Plug & Patch - Herniamesh | Dispositivi medici per l&#039;ernioplastica inguinale ed addominale","og_description":"La pr\u00f3tesis Net Plug &amp; Patch es una malla preformada de forma sim\u00e9trica, de 6 cm de ancho y 11 cm de longitud, tejida con monofilamento de Polipropileno no absorbible. La pr\u00f3tesis presenta un orificio de 1,5 cm de di\u00e1metro, localizado a 7 cm de la punta, que por extrusi\u00f3n configura un tap\u00f3n blando y macroporoso de 2,5 cm de di\u00e1metro. Gracias a este tap\u00f3n extruido desde la propia malla, la pr\u00f3tesis NeT Plug &amp; Patch se puede considerar un dispositivo \u00aball-in-one\u00bb [todo en uno], que elimina completamente el riesgo de migraci\u00f3n del tap\u00f3n. NeT Plug &amp; Patch resulta ideal para la reparaci\u00f3n de la hernia inguinal con t\u00e9cnica abierta. La fijaci\u00f3n de la pr\u00f3tesis NeT Plug &amp; Patch se realiza con adhesivo de fibrina o adhesivo sint\u00e9tico, teniendo cuidado previamente de adherir bien los bordes de la extrusi\u00f3n alrededor de los bordes del defecto y despu\u00e9s el resto de la pr\u00f3tesis. Tambi\u00e9n disponible NeT Plug con base redonda.","og_url":"https:\/\/herniamesh.com\/es\/hernias-inguinales\/protesis-net-plug-patch\/","og_site_name":"Herniamesh | Dispositivi medici per l&#039;ernioplastica inguinale ed addominale","og_image":[{"width":1080,"height":1080,"url":"https:\/\/herniamesh.com\/wp-content\/uploads\/2022\/03\/Herniamesh-reti-per-ernie-PT3H3PS-P.jpg","type":"image\/jpeg"}],"twitter_card":"summary_large_image","schema":{"@context":"https:\/\/schema.org","@graph":[{"@type":"WebPage","@id":"https:\/\/herniamesh.com\/es\/hernias-inguinales\/protesis-net-plug-patch\/","url":"https:\/\/herniamesh.com\/es\/hernias-inguinales\/protesis-net-plug-patch\/","name":"Pr\u00f3tesis Net Plug & Patch - Herniamesh | Dispositivi medici per l&#039;ernioplastica inguinale ed addominale","isPartOf":{"@id":"https:\/\/herniamesh.com\/#website"},"primaryImageOfPage":{"@id":"https:\/\/herniamesh.com\/es\/hernias-inguinales\/protesis-net-plug-patch\/#primaryimage"},"image":{"@id":"https:\/\/herniamesh.com\/es\/hernias-inguinales\/protesis-net-plug-patch\/#primaryimage"},"thumbnailUrl":"https:\/\/herniamesh.com\/wp-content\/uploads\/2022\/03\/Herniamesh-reti-per-ernie-PT3H3PS-P.jpg","datePublished":"2022-03-04T10:39:44+00:00","breadcrumb":{"@id":"https:\/\/herniamesh.com\/es\/hernias-inguinales\/protesis-net-plug-patch\/#breadcrumb"},"inLanguage":"es","potentialAction":[{"@type":"ReadAction","target":["https:\/\/herniamesh.com\/es\/hernias-inguinales\/protesis-net-plug-patch\/"]}]},{"@type":"ImageObject","inLanguage":"es","@id":"https:\/\/herniamesh.com\/es\/hernias-inguinales\/protesis-net-plug-patch\/#primaryimage","url":"https:\/\/herniamesh.com\/wp-content\/uploads\/2022\/03\/Herniamesh-reti-per-ernie-PT3H3PS-P.jpg","contentUrl":"https:\/\/herniamesh.com\/wp-content\/uploads\/2022\/03\/Herniamesh-reti-per-ernie-PT3H3PS-P.jpg","width":1080,"height":1080},{"@type":"BreadcrumbList","@id":"https:\/\/herniamesh.com\/es\/hernias-inguinales\/protesis-net-plug-patch\/#breadcrumb","itemListElement":[{"@type":"ListItem","position":1,"name":"Home","item":"https:\/\/herniamesh.com\/es\/"},{"@type":"ListItem","position":2,"name":"Shop","item":"https:\/\/herniamesh.com\/negozio\/"},{"@type":"ListItem","position":3,"name":"Pr\u00f3tesis Net Plug &#038; Patch"}]},{"@type":"WebSite","@id":"https:\/\/herniamesh.com\/#website","url":"https:\/\/herniamesh.com\/","name":"Herniamesh | Dispositivi medici per l&#039;ernioplastica inguinale ed addominale","description":"Tecnologia al servizio della salute","potentialAction":[{"@type":"SearchAction","target":{"@type":"EntryPoint","urlTemplate":"https:\/\/herniamesh.com\/?s={search_term_string}"},"query-input":{"@type":"PropertyValueSpecification","valueRequired":true,"valueName":"search_term_string"}}],"inLanguage":"es"}]}},"_links":{"self":[{"href":"https:\/\/herniamesh.com\/es\/wp-json\/wp\/v2\/product\/258148","targetHints":{"allow":["GET"]}}],"collection":[{"href":"https:\/\/herniamesh.com\/es\/wp-json\/wp\/v2\/product"}],"about":[{"href":"https:\/\/herniamesh.com\/es\/wp-json\/wp\/v2\/types\/product"}],"wp:featuredmedia":[{"embeddable":true,"href":"https:\/\/herniamesh.com\/es\/wp-json\/wp\/v2\/media\/257997"}],"wp:attachment":[{"href":"https:\/\/herniamesh.com\/es\/wp-json\/wp\/v2\/media?parent=258148"}],"wp:term":[{"taxonomy":"product_brand","embeddable":true,"href":"https:\/\/herniamesh.com\/es\/wp-json\/wp\/v2\/product_brand?post=258148"},{"taxonomy":"product_cat","embeddable":true,"href":"https:\/\/herniamesh.com\/es\/wp-json\/wp\/v2\/product_cat?post=258148"},{"taxonomy":"product_tag","embeddable":true,"href":"https:\/\/herniamesh.com\/es\/wp-json\/wp\/v2\/product_tag?post=258148"}],"curies":[{"name":"wp","href":"https:\/\/api.w.org\/{rel}","templated":true}]}}