{"id":258153,"date":"2022-03-08T08:46:16","date_gmt":"2022-03-08T07:46:16","guid":{"rendered":"https:\/\/herniamesh.com\/prodotto\/mallas-planas-rectangulares-y-cuadradas-de-monofilamento-de-polipropileno-no-absorbible-hertra-0\/"},"modified":"2022-07-22T10:19:20","modified_gmt":"2022-07-22T08:19:20","slug":"mallas-planas-rectangulares-y-cuadradas-de-monofilamento-de-polipropileno-no-absorbible-hertra-0","status":"publish","type":"product","link":"https:\/\/herniamesh.com\/es\/hernias-abdominales\/mallas-planas-rectangulares-y-cuadradas-de-monofilamento-de-polipropileno-no-absorbible-hertra-0\/","title":{"rendered":"Mallas planas rectangulares y cuadradas, de monofilamento de Polipropileno no absorbible, <br><b>Hertra\u00ae 0<\/b><\/br>"},"content":{"rendered":"","protected":false},"excerpt":{"rendered":"<p>Las mallas planas brindan al cirujano la posibilidad de personalizar las pr\u00f3tesis, recort\u00e1ndolas y model\u00e1ndolas seg\u00fan las medidas de la hernia y el \u00e1rea a reforzar, ofreciendo versatilidad y flexibilidad m\u00e1ximas.<br \/>\nLos diferentes tipos de mallas disponibles son el resultado de combinaciones de entramados, espesores y pesos diferentes.<br \/>\nLa malla <strong>Hertra\u00ae 0<\/strong>, gracias a su rigidez y memoria de forma, es ideal para el tratamiento de hernias ventrales, con t\u00e9cnica abierta. Gracias a sus caracter\u00edsticas, es particularmente adecuada para la t\u00e9cnica \u00abSin tensi\u00f3n, sin suturas\u00bb seg\u00fan Trabucco.<\/p>\n","protected":false},"featured_media":258037,"template":"","meta":{"_et_pb_use_builder":"","_et_pb_old_content":"","_et_gb_content_width":""},"product_brand":[],"product_cat":[57,59],"product_tag":[],"class_list":{"0":"post-258153","1":"product","2":"type-product","3":"status-publish","4":"has-post-thumbnail","6":"product_cat-hernioplastia-inguinal","7":"product_cat-hernias-abdominales","9":"first","10":"instock","11":"shipping-taxable","12":"product-type-simple"},"yoast_head":"<!-- This site is optimized with the Yoast SEO plugin v26.5 - https:\/\/yoast.com\/wordpress\/plugins\/seo\/ -->\n<title>Mallas planas rectangulares y cuadradas, de monofilamento de Polipropileno no absorbible, Hertra\u00ae 0 - Herniamesh | Dispositivi medici per l&#039;ernioplastica inguinale ed addominale<\/title>\n<meta name=\"robots\" content=\"index, follow, max-snippet:-1, max-image-preview:large, max-video-preview:-1\" \/>\n<link rel=\"canonical\" href=\"https:\/\/herniamesh.com\/ernie-addominali\/reti-piane-rettangolari-e-quadrate-in-monofilamento-non-assorbibile-di-polipropilene-hertra-0\/\" \/>\n<meta property=\"og:locale\" content=\"es_ES\" \/>\n<meta property=\"og:type\" content=\"article\" \/>\n<meta property=\"og:title\" content=\"Mallas planas rectangulares y cuadradas, de monofilamento de Polipropileno no absorbible, Hertra\u00ae 0 - Herniamesh | Dispositivi medici per l&#039;ernioplastica inguinale ed addominale\" \/>\n<meta property=\"og:description\" content=\"Las mallas planas brindan al cirujano la posibilidad de personalizar las pr\u00f3tesis, recort\u00e1ndolas y model\u00e1ndolas seg\u00fan las medidas de la hernia y el \u00e1rea a reforzar, ofreciendo versatilidad y flexibilidad m\u00e1ximas. Los diferentes tipos de mallas disponibles son el resultado de combinaciones de entramados, espesores y pesos diferentes. La malla Hertra\u00ae 0, gracias a su rigidez y memoria de forma, es ideal para el tratamiento de hernias ventrales, con t\u00e9cnica abierta. Gracias a sus caracter\u00edsticas, es particularmente adecuada para la t\u00e9cnica \u00abSin tensi\u00f3n, sin suturas\u00bb seg\u00fan Trabucco.\" \/>\n<meta property=\"og:url\" content=\"https:\/\/herniamesh.com\/ernie-addominali\/reti-piane-rettangolari-e-quadrate-in-monofilamento-non-assorbibile-di-polipropilene-hertra-0\/\" \/>\n<meta property=\"og:site_name\" content=\"Herniamesh | Dispositivi medici per l&#039;ernioplastica inguinale ed addominale\" \/>\n<meta property=\"article:modified_time\" content=\"2022-07-22T08:19:20+00:00\" \/>\n<meta property=\"og:image\" content=\"https:\/\/herniamesh.com\/wp-content\/uploads\/2022\/03\/Herniamesh_0003_Hertra0.jpg\" \/>\n\t<meta property=\"og:image:width\" content=\"1080\" \/>\n\t<meta property=\"og:image:height\" content=\"1080\" \/>\n\t<meta property=\"og:image:type\" content=\"image\/jpeg\" \/>\n<meta name=\"twitter:card\" content=\"summary_large_image\" \/>\n<script type=\"application\/ld+json\" class=\"yoast-schema-graph\">{\"@context\":\"https:\/\/schema.org\",\"@graph\":[{\"@type\":\"WebPage\",\"@id\":\"https:\/\/herniamesh.com\/ernie-addominali\/reti-piane-rettangolari-e-quadrate-in-monofilamento-non-assorbibile-di-polipropilene-hertra-0\/\",\"url\":\"https:\/\/herniamesh.com\/ernie-addominali\/reti-piane-rettangolari-e-quadrate-in-monofilamento-non-assorbibile-di-polipropilene-hertra-0\/\",\"name\":\"Mallas planas rectangulares y cuadradas, de monofilamento de Polipropileno no absorbible, Hertra\u00ae 0 - Herniamesh | Dispositivi medici per l&#039;ernioplastica inguinale ed addominale\",\"isPartOf\":{\"@id\":\"https:\/\/herniamesh.com\/#website\"},\"primaryImageOfPage\":{\"@id\":\"https:\/\/herniamesh.com\/ernie-addominali\/reti-piane-rettangolari-e-quadrate-in-monofilamento-non-assorbibile-di-polipropilene-hertra-0\/#primaryimage\"},\"image\":{\"@id\":\"https:\/\/herniamesh.com\/ernie-addominali\/reti-piane-rettangolari-e-quadrate-in-monofilamento-non-assorbibile-di-polipropilene-hertra-0\/#primaryimage\"},\"thumbnailUrl\":\"https:\/\/herniamesh.com\/wp-content\/uploads\/2022\/03\/Herniamesh_0003_Hertra0.jpg\",\"datePublished\":\"2022-03-08T07:46:16+00:00\",\"dateModified\":\"2022-07-22T08:19:20+00:00\",\"breadcrumb\":{\"@id\":\"https:\/\/herniamesh.com\/ernie-addominali\/reti-piane-rettangolari-e-quadrate-in-monofilamento-non-assorbibile-di-polipropilene-hertra-0\/#breadcrumb\"},\"inLanguage\":\"es\",\"potentialAction\":[{\"@type\":\"ReadAction\",\"target\":[\"https:\/\/herniamesh.com\/ernie-addominali\/reti-piane-rettangolari-e-quadrate-in-monofilamento-non-assorbibile-di-polipropilene-hertra-0\/\"]}]},{\"@type\":\"ImageObject\",\"inLanguage\":\"es\",\"@id\":\"https:\/\/herniamesh.com\/ernie-addominali\/reti-piane-rettangolari-e-quadrate-in-monofilamento-non-assorbibile-di-polipropilene-hertra-0\/#primaryimage\",\"url\":\"https:\/\/herniamesh.com\/wp-content\/uploads\/2022\/03\/Herniamesh_0003_Hertra0.jpg\",\"contentUrl\":\"https:\/\/herniamesh.com\/wp-content\/uploads\/2022\/03\/Herniamesh_0003_Hertra0.jpg\",\"width\":1080,\"height\":1080},{\"@type\":\"BreadcrumbList\",\"@id\":\"https:\/\/herniamesh.com\/ernie-addominali\/reti-piane-rettangolari-e-quadrate-in-monofilamento-non-assorbibile-di-polipropilene-hertra-0\/#breadcrumb\",\"itemListElement\":[{\"@type\":\"ListItem\",\"position\":1,\"name\":\"Home\",\"item\":\"https:\/\/herniamesh.com\/es\/\"},{\"@type\":\"ListItem\",\"position\":2,\"name\":\"Shop\",\"item\":\"https:\/\/herniamesh.com\/negozio\/\"},{\"@type\":\"ListItem\",\"position\":3,\"name\":\"Mallas planas rectangulares y cuadradas, de monofilamento de Polipropileno no absorbible, Hertra\u00ae 0\"}]},{\"@type\":\"WebSite\",\"@id\":\"https:\/\/herniamesh.com\/#website\",\"url\":\"https:\/\/herniamesh.com\/\",\"name\":\"Herniamesh | Dispositivi medici per l&#039;ernioplastica inguinale ed addominale\",\"description\":\"Tecnologia al servizio della salute\",\"potentialAction\":[{\"@type\":\"SearchAction\",\"target\":{\"@type\":\"EntryPoint\",\"urlTemplate\":\"https:\/\/herniamesh.com\/?s={search_term_string}\"},\"query-input\":{\"@type\":\"PropertyValueSpecification\",\"valueRequired\":true,\"valueName\":\"search_term_string\"}}],\"inLanguage\":\"es\"}]}<\/script>\n<!-- \/ Yoast SEO plugin. -->","yoast_head_json":{"title":"Mallas planas rectangulares y cuadradas, de monofilamento de Polipropileno no absorbible, Hertra\u00ae 0 - Herniamesh | Dispositivi medici per l&#039;ernioplastica inguinale ed addominale","robots":{"index":"index","follow":"follow","max-snippet":"max-snippet:-1","max-image-preview":"max-image-preview:large","max-video-preview":"max-video-preview:-1"},"canonical":"https:\/\/herniamesh.com\/ernie-addominali\/reti-piane-rettangolari-e-quadrate-in-monofilamento-non-assorbibile-di-polipropilene-hertra-0\/","og_locale":"es_ES","og_type":"article","og_title":"Mallas planas rectangulares y cuadradas, de monofilamento de Polipropileno no absorbible, Hertra\u00ae 0 - Herniamesh | Dispositivi medici per l&#039;ernioplastica inguinale ed addominale","og_description":"Las mallas planas brindan al cirujano la posibilidad de personalizar las pr\u00f3tesis, recort\u00e1ndolas y model\u00e1ndolas seg\u00fan las medidas de la hernia y el \u00e1rea a reforzar, ofreciendo versatilidad y flexibilidad m\u00e1ximas. Los diferentes tipos de mallas disponibles son el resultado de combinaciones de entramados, espesores y pesos diferentes. La malla Hertra\u00ae 0, gracias a su rigidez y memoria de forma, es ideal para el tratamiento de hernias ventrales, con t\u00e9cnica abierta. Gracias a sus caracter\u00edsticas, es particularmente adecuada para la t\u00e9cnica \u00abSin tensi\u00f3n, sin suturas\u00bb seg\u00fan Trabucco.","og_url":"https:\/\/herniamesh.com\/ernie-addominali\/reti-piane-rettangolari-e-quadrate-in-monofilamento-non-assorbibile-di-polipropilene-hertra-0\/","og_site_name":"Herniamesh | Dispositivi medici per l&#039;ernioplastica inguinale ed addominale","article_modified_time":"2022-07-22T08:19:20+00:00","og_image":[{"width":1080,"height":1080,"url":"https:\/\/herniamesh.com\/wp-content\/uploads\/2022\/03\/Herniamesh_0003_Hertra0.jpg","type":"image\/jpeg"}],"twitter_card":"summary_large_image","schema":{"@context":"https:\/\/schema.org","@graph":[{"@type":"WebPage","@id":"https:\/\/herniamesh.com\/ernie-addominali\/reti-piane-rettangolari-e-quadrate-in-monofilamento-non-assorbibile-di-polipropilene-hertra-0\/","url":"https:\/\/herniamesh.com\/ernie-addominali\/reti-piane-rettangolari-e-quadrate-in-monofilamento-non-assorbibile-di-polipropilene-hertra-0\/","name":"Mallas planas rectangulares y cuadradas, de monofilamento de Polipropileno no absorbible, Hertra\u00ae 0 - Herniamesh | Dispositivi medici per l&#039;ernioplastica inguinale ed addominale","isPartOf":{"@id":"https:\/\/herniamesh.com\/#website"},"primaryImageOfPage":{"@id":"https:\/\/herniamesh.com\/ernie-addominali\/reti-piane-rettangolari-e-quadrate-in-monofilamento-non-assorbibile-di-polipropilene-hertra-0\/#primaryimage"},"image":{"@id":"https:\/\/herniamesh.com\/ernie-addominali\/reti-piane-rettangolari-e-quadrate-in-monofilamento-non-assorbibile-di-polipropilene-hertra-0\/#primaryimage"},"thumbnailUrl":"https:\/\/herniamesh.com\/wp-content\/uploads\/2022\/03\/Herniamesh_0003_Hertra0.jpg","datePublished":"2022-03-08T07:46:16+00:00","dateModified":"2022-07-22T08:19:20+00:00","breadcrumb":{"@id":"https:\/\/herniamesh.com\/ernie-addominali\/reti-piane-rettangolari-e-quadrate-in-monofilamento-non-assorbibile-di-polipropilene-hertra-0\/#breadcrumb"},"inLanguage":"es","potentialAction":[{"@type":"ReadAction","target":["https:\/\/herniamesh.com\/ernie-addominali\/reti-piane-rettangolari-e-quadrate-in-monofilamento-non-assorbibile-di-polipropilene-hertra-0\/"]}]},{"@type":"ImageObject","inLanguage":"es","@id":"https:\/\/herniamesh.com\/ernie-addominali\/reti-piane-rettangolari-e-quadrate-in-monofilamento-non-assorbibile-di-polipropilene-hertra-0\/#primaryimage","url":"https:\/\/herniamesh.com\/wp-content\/uploads\/2022\/03\/Herniamesh_0003_Hertra0.jpg","contentUrl":"https:\/\/herniamesh.com\/wp-content\/uploads\/2022\/03\/Herniamesh_0003_Hertra0.jpg","width":1080,"height":1080},{"@type":"BreadcrumbList","@id":"https:\/\/herniamesh.com\/ernie-addominali\/reti-piane-rettangolari-e-quadrate-in-monofilamento-non-assorbibile-di-polipropilene-hertra-0\/#breadcrumb","itemListElement":[{"@type":"ListItem","position":1,"name":"Home","item":"https:\/\/herniamesh.com\/es\/"},{"@type":"ListItem","position":2,"name":"Shop","item":"https:\/\/herniamesh.com\/negozio\/"},{"@type":"ListItem","position":3,"name":"Mallas planas rectangulares y cuadradas, de monofilamento de Polipropileno no absorbible, Hertra\u00ae 0"}]},{"@type":"WebSite","@id":"https:\/\/herniamesh.com\/#website","url":"https:\/\/herniamesh.com\/","name":"Herniamesh | Dispositivi medici per l&#039;ernioplastica inguinale ed addominale","description":"Tecnologia al servizio della salute","potentialAction":[{"@type":"SearchAction","target":{"@type":"EntryPoint","urlTemplate":"https:\/\/herniamesh.com\/?s={search_term_string}"},"query-input":{"@type":"PropertyValueSpecification","valueRequired":true,"valueName":"search_term_string"}}],"inLanguage":"es"}]}},"_links":{"self":[{"href":"https:\/\/herniamesh.com\/es\/wp-json\/wp\/v2\/product\/258153","targetHints":{"allow":["GET"]}}],"collection":[{"href":"https:\/\/herniamesh.com\/es\/wp-json\/wp\/v2\/product"}],"about":[{"href":"https:\/\/herniamesh.com\/es\/wp-json\/wp\/v2\/types\/product"}],"wp:featuredmedia":[{"embeddable":true,"href":"https:\/\/herniamesh.com\/es\/wp-json\/wp\/v2\/media\/258037"}],"wp:attachment":[{"href":"https:\/\/herniamesh.com\/es\/wp-json\/wp\/v2\/media?parent=258153"}],"wp:term":[{"taxonomy":"product_brand","embeddable":true,"href":"https:\/\/herniamesh.com\/es\/wp-json\/wp\/v2\/product_brand?post=258153"},{"taxonomy":"product_cat","embeddable":true,"href":"https:\/\/herniamesh.com\/es\/wp-json\/wp\/v2\/product_cat?post=258153"},{"taxonomy":"product_tag","embeddable":true,"href":"https:\/\/herniamesh.com\/es\/wp-json\/wp\/v2\/product_tag?post=258153"}],"curies":[{"name":"wp","href":"https:\/\/api.w.org\/{rel}","templated":true}]}}