{"id":258156,"date":"2022-03-08T09:20:19","date_gmt":"2022-03-08T08:20:19","guid":{"rendered":"https:\/\/herniamesh.com\/prodotto\/mallas-planas-rectangulares-y-cuadradas-en-monofilamento-de-polipropileno-no-absorbible-hermesh-5\/"},"modified":"2024-10-18T16:32:21","modified_gmt":"2024-10-18T14:32:21","slug":"mallas-planas-rectangulares-y-cuadradas-en-monofilamento-de-polipropileno-no-absorbible-hermesh-5","status":"publish","type":"product","link":"https:\/\/herniamesh.com\/es\/hernias-abdominales\/mallas-planas-rectangulares-y-cuadradas-en-monofilamento-de-polipropileno-no-absorbible-hermesh-5\/","title":{"rendered":"Mallas planas rectangulares y cuadradas, en monofilamento de Polipropileno no absorbible <br><b>Hermesh 5<\/b><\/br>"},"content":{"rendered":"","protected":false},"excerpt":{"rendered":"<p>Las mallas planas brindan al cirujano la posibilidad de personalizar las pr\u00f3tesis, recort\u00e1ndolas y model\u00e1ndolas seg\u00fan las medidas de la hernia y el \u00e1rea a reforzar, ofreciendo versatilidad y flexibilidad m\u00e1ximas.<br \/>\nLos diferentes tipos de mallas disponibles son el resultado de combinaciones de entramados, espesores y pesos diferentes.<br \/>\nLas mallas Hermesh son mallas indicadas para la reparaci\u00f3n de hernias inguinales y ventrales con t\u00e9cnica abierta y laparosc\u00f3pica. En detalle, Hermesh 5 es una malla macroporosa blanda.<\/p>\n","protected":false},"featured_media":258031,"template":"","meta":{"_et_pb_use_builder":"off","_et_pb_old_content":"","_et_gb_content_width":""},"product_brand":[],"product_cat":[59,57,58],"product_tag":[],"class_list":{"0":"post-258156","1":"product","2":"type-product","3":"status-publish","4":"has-post-thumbnail","6":"product_cat-hernias-abdominales","7":"product_cat-hernioplastia-inguinal","8":"product_cat-hernias-inguinales","10":"first","11":"instock","12":"shipping-taxable","13":"product-type-simple"},"yoast_head":"<!-- This site is optimized with the Yoast SEO plugin v26.5 - https:\/\/yoast.com\/wordpress\/plugins\/seo\/ -->\n<title>Mallas planas rectangulares y cuadradas, en monofilamento de Polipropileno no absorbible Hermesh 5 - Herniamesh | Dispositivi medici per l&#039;ernioplastica inguinale ed addominale<\/title>\n<meta name=\"robots\" content=\"index, follow, max-snippet:-1, max-image-preview:large, max-video-preview:-1\" \/>\n<link rel=\"canonical\" href=\"https:\/\/herniamesh.com\/ernie-addominali\/reti-piane-rettangolari-e-quadrate-in-monofilamento-non-assorbibile-di-polipropilene-hermesh-5\/\" \/>\n<meta property=\"og:locale\" content=\"es_ES\" \/>\n<meta property=\"og:type\" content=\"article\" \/>\n<meta property=\"og:title\" content=\"Mallas planas rectangulares y cuadradas, en monofilamento de Polipropileno no absorbible Hermesh 5 - Herniamesh | Dispositivi medici per l&#039;ernioplastica inguinale ed addominale\" \/>\n<meta property=\"og:description\" content=\"Las mallas planas brindan al cirujano la posibilidad de personalizar las pr\u00f3tesis, recort\u00e1ndolas y model\u00e1ndolas seg\u00fan las medidas de la hernia y el \u00e1rea a reforzar, ofreciendo versatilidad y flexibilidad m\u00e1ximas. Los diferentes tipos de mallas disponibles son el resultado de combinaciones de entramados, espesores y pesos diferentes. Las mallas Hermesh son mallas indicadas para la reparaci\u00f3n de hernias inguinales y ventrales con t\u00e9cnica abierta y laparosc\u00f3pica. En detalle, Hermesh 5 es una malla macroporosa blanda.\" \/>\n<meta property=\"og:url\" content=\"https:\/\/herniamesh.com\/ernie-addominali\/reti-piane-rettangolari-e-quadrate-in-monofilamento-non-assorbibile-di-polipropilene-hermesh-5\/\" \/>\n<meta property=\"og:site_name\" content=\"Herniamesh | Dispositivi medici per l&#039;ernioplastica inguinale ed addominale\" \/>\n<meta property=\"article:modified_time\" content=\"2024-10-18T14:32:21+00:00\" \/>\n<meta property=\"og:image\" content=\"https:\/\/herniamesh.com\/wp-content\/uploads\/2022\/03\/Herniamesh-reti-per-ernie-hermesh5.jpg\" \/>\n\t<meta property=\"og:image:width\" content=\"1080\" \/>\n\t<meta property=\"og:image:height\" content=\"1080\" \/>\n\t<meta property=\"og:image:type\" content=\"image\/jpeg\" \/>\n<meta name=\"twitter:card\" content=\"summary_large_image\" \/>\n<script type=\"application\/ld+json\" class=\"yoast-schema-graph\">{\"@context\":\"https:\/\/schema.org\",\"@graph\":[{\"@type\":\"WebPage\",\"@id\":\"https:\/\/herniamesh.com\/ernie-addominali\/reti-piane-rettangolari-e-quadrate-in-monofilamento-non-assorbibile-di-polipropilene-hermesh-5\/\",\"url\":\"https:\/\/herniamesh.com\/ernie-addominali\/reti-piane-rettangolari-e-quadrate-in-monofilamento-non-assorbibile-di-polipropilene-hermesh-5\/\",\"name\":\"Mallas planas rectangulares y cuadradas, en monofilamento de Polipropileno no absorbible Hermesh 5 - Herniamesh | Dispositivi medici per l&#039;ernioplastica inguinale ed addominale\",\"isPartOf\":{\"@id\":\"https:\/\/herniamesh.com\/#website\"},\"primaryImageOfPage\":{\"@id\":\"https:\/\/herniamesh.com\/ernie-addominali\/reti-piane-rettangolari-e-quadrate-in-monofilamento-non-assorbibile-di-polipropilene-hermesh-5\/#primaryimage\"},\"image\":{\"@id\":\"https:\/\/herniamesh.com\/ernie-addominali\/reti-piane-rettangolari-e-quadrate-in-monofilamento-non-assorbibile-di-polipropilene-hermesh-5\/#primaryimage\"},\"thumbnailUrl\":\"https:\/\/herniamesh.com\/wp-content\/uploads\/2022\/03\/Herniamesh-reti-per-ernie-hermesh5.jpg\",\"datePublished\":\"2022-03-08T08:20:19+00:00\",\"dateModified\":\"2024-10-18T14:32:21+00:00\",\"breadcrumb\":{\"@id\":\"https:\/\/herniamesh.com\/ernie-addominali\/reti-piane-rettangolari-e-quadrate-in-monofilamento-non-assorbibile-di-polipropilene-hermesh-5\/#breadcrumb\"},\"inLanguage\":\"es\",\"potentialAction\":[{\"@type\":\"ReadAction\",\"target\":[\"https:\/\/herniamesh.com\/ernie-addominali\/reti-piane-rettangolari-e-quadrate-in-monofilamento-non-assorbibile-di-polipropilene-hermesh-5\/\"]}]},{\"@type\":\"ImageObject\",\"inLanguage\":\"es\",\"@id\":\"https:\/\/herniamesh.com\/ernie-addominali\/reti-piane-rettangolari-e-quadrate-in-monofilamento-non-assorbibile-di-polipropilene-hermesh-5\/#primaryimage\",\"url\":\"https:\/\/herniamesh.com\/wp-content\/uploads\/2022\/03\/Herniamesh-reti-per-ernie-hermesh5.jpg\",\"contentUrl\":\"https:\/\/herniamesh.com\/wp-content\/uploads\/2022\/03\/Herniamesh-reti-per-ernie-hermesh5.jpg\",\"width\":1080,\"height\":1080},{\"@type\":\"BreadcrumbList\",\"@id\":\"https:\/\/herniamesh.com\/ernie-addominali\/reti-piane-rettangolari-e-quadrate-in-monofilamento-non-assorbibile-di-polipropilene-hermesh-5\/#breadcrumb\",\"itemListElement\":[{\"@type\":\"ListItem\",\"position\":1,\"name\":\"Home\",\"item\":\"https:\/\/herniamesh.com\/es\/\"},{\"@type\":\"ListItem\",\"position\":2,\"name\":\"Shop\",\"item\":\"https:\/\/herniamesh.com\/negozio\/\"},{\"@type\":\"ListItem\",\"position\":3,\"name\":\"Mallas planas rectangulares y cuadradas, en monofilamento de Polipropileno no absorbible Hermesh 5\"}]},{\"@type\":\"WebSite\",\"@id\":\"https:\/\/herniamesh.com\/#website\",\"url\":\"https:\/\/herniamesh.com\/\",\"name\":\"Herniamesh | Dispositivi medici per l&#039;ernioplastica inguinale ed addominale\",\"description\":\"Tecnologia al servizio della salute\",\"potentialAction\":[{\"@type\":\"SearchAction\",\"target\":{\"@type\":\"EntryPoint\",\"urlTemplate\":\"https:\/\/herniamesh.com\/?s={search_term_string}\"},\"query-input\":{\"@type\":\"PropertyValueSpecification\",\"valueRequired\":true,\"valueName\":\"search_term_string\"}}],\"inLanguage\":\"es\"}]}<\/script>\n<!-- \/ Yoast SEO plugin. -->","yoast_head_json":{"title":"Mallas planas rectangulares y cuadradas, en monofilamento de Polipropileno no absorbible Hermesh 5 - Herniamesh | Dispositivi medici per l&#039;ernioplastica inguinale ed addominale","robots":{"index":"index","follow":"follow","max-snippet":"max-snippet:-1","max-image-preview":"max-image-preview:large","max-video-preview":"max-video-preview:-1"},"canonical":"https:\/\/herniamesh.com\/ernie-addominali\/reti-piane-rettangolari-e-quadrate-in-monofilamento-non-assorbibile-di-polipropilene-hermesh-5\/","og_locale":"es_ES","og_type":"article","og_title":"Mallas planas rectangulares y cuadradas, en monofilamento de Polipropileno no absorbible Hermesh 5 - Herniamesh | Dispositivi medici per l&#039;ernioplastica inguinale ed addominale","og_description":"Las mallas planas brindan al cirujano la posibilidad de personalizar las pr\u00f3tesis, recort\u00e1ndolas y model\u00e1ndolas seg\u00fan las medidas de la hernia y el \u00e1rea a reforzar, ofreciendo versatilidad y flexibilidad m\u00e1ximas. Los diferentes tipos de mallas disponibles son el resultado de combinaciones de entramados, espesores y pesos diferentes. Las mallas Hermesh son mallas indicadas para la reparaci\u00f3n de hernias inguinales y ventrales con t\u00e9cnica abierta y laparosc\u00f3pica. En detalle, Hermesh 5 es una malla macroporosa blanda.","og_url":"https:\/\/herniamesh.com\/ernie-addominali\/reti-piane-rettangolari-e-quadrate-in-monofilamento-non-assorbibile-di-polipropilene-hermesh-5\/","og_site_name":"Herniamesh | Dispositivi medici per l&#039;ernioplastica inguinale ed addominale","article_modified_time":"2024-10-18T14:32:21+00:00","og_image":[{"width":1080,"height":1080,"url":"https:\/\/herniamesh.com\/wp-content\/uploads\/2022\/03\/Herniamesh-reti-per-ernie-hermesh5.jpg","type":"image\/jpeg"}],"twitter_card":"summary_large_image","schema":{"@context":"https:\/\/schema.org","@graph":[{"@type":"WebPage","@id":"https:\/\/herniamesh.com\/ernie-addominali\/reti-piane-rettangolari-e-quadrate-in-monofilamento-non-assorbibile-di-polipropilene-hermesh-5\/","url":"https:\/\/herniamesh.com\/ernie-addominali\/reti-piane-rettangolari-e-quadrate-in-monofilamento-non-assorbibile-di-polipropilene-hermesh-5\/","name":"Mallas planas rectangulares y cuadradas, en monofilamento de Polipropileno no absorbible Hermesh 5 - Herniamesh | Dispositivi medici per l&#039;ernioplastica inguinale ed addominale","isPartOf":{"@id":"https:\/\/herniamesh.com\/#website"},"primaryImageOfPage":{"@id":"https:\/\/herniamesh.com\/ernie-addominali\/reti-piane-rettangolari-e-quadrate-in-monofilamento-non-assorbibile-di-polipropilene-hermesh-5\/#primaryimage"},"image":{"@id":"https:\/\/herniamesh.com\/ernie-addominali\/reti-piane-rettangolari-e-quadrate-in-monofilamento-non-assorbibile-di-polipropilene-hermesh-5\/#primaryimage"},"thumbnailUrl":"https:\/\/herniamesh.com\/wp-content\/uploads\/2022\/03\/Herniamesh-reti-per-ernie-hermesh5.jpg","datePublished":"2022-03-08T08:20:19+00:00","dateModified":"2024-10-18T14:32:21+00:00","breadcrumb":{"@id":"https:\/\/herniamesh.com\/ernie-addominali\/reti-piane-rettangolari-e-quadrate-in-monofilamento-non-assorbibile-di-polipropilene-hermesh-5\/#breadcrumb"},"inLanguage":"es","potentialAction":[{"@type":"ReadAction","target":["https:\/\/herniamesh.com\/ernie-addominali\/reti-piane-rettangolari-e-quadrate-in-monofilamento-non-assorbibile-di-polipropilene-hermesh-5\/"]}]},{"@type":"ImageObject","inLanguage":"es","@id":"https:\/\/herniamesh.com\/ernie-addominali\/reti-piane-rettangolari-e-quadrate-in-monofilamento-non-assorbibile-di-polipropilene-hermesh-5\/#primaryimage","url":"https:\/\/herniamesh.com\/wp-content\/uploads\/2022\/03\/Herniamesh-reti-per-ernie-hermesh5.jpg","contentUrl":"https:\/\/herniamesh.com\/wp-content\/uploads\/2022\/03\/Herniamesh-reti-per-ernie-hermesh5.jpg","width":1080,"height":1080},{"@type":"BreadcrumbList","@id":"https:\/\/herniamesh.com\/ernie-addominali\/reti-piane-rettangolari-e-quadrate-in-monofilamento-non-assorbibile-di-polipropilene-hermesh-5\/#breadcrumb","itemListElement":[{"@type":"ListItem","position":1,"name":"Home","item":"https:\/\/herniamesh.com\/es\/"},{"@type":"ListItem","position":2,"name":"Shop","item":"https:\/\/herniamesh.com\/negozio\/"},{"@type":"ListItem","position":3,"name":"Mallas planas rectangulares y cuadradas, en monofilamento de Polipropileno no absorbible Hermesh 5"}]},{"@type":"WebSite","@id":"https:\/\/herniamesh.com\/#website","url":"https:\/\/herniamesh.com\/","name":"Herniamesh | Dispositivi medici per l&#039;ernioplastica inguinale ed addominale","description":"Tecnologia al servizio della salute","potentialAction":[{"@type":"SearchAction","target":{"@type":"EntryPoint","urlTemplate":"https:\/\/herniamesh.com\/?s={search_term_string}"},"query-input":{"@type":"PropertyValueSpecification","valueRequired":true,"valueName":"search_term_string"}}],"inLanguage":"es"}]}},"_links":{"self":[{"href":"https:\/\/herniamesh.com\/es\/wp-json\/wp\/v2\/product\/258156","targetHints":{"allow":["GET"]}}],"collection":[{"href":"https:\/\/herniamesh.com\/es\/wp-json\/wp\/v2\/product"}],"about":[{"href":"https:\/\/herniamesh.com\/es\/wp-json\/wp\/v2\/types\/product"}],"wp:featuredmedia":[{"embeddable":true,"href":"https:\/\/herniamesh.com\/es\/wp-json\/wp\/v2\/media\/258031"}],"wp:attachment":[{"href":"https:\/\/herniamesh.com\/es\/wp-json\/wp\/v2\/media?parent=258156"}],"wp:term":[{"taxonomy":"product_brand","embeddable":true,"href":"https:\/\/herniamesh.com\/es\/wp-json\/wp\/v2\/product_brand?post=258156"},{"taxonomy":"product_cat","embeddable":true,"href":"https:\/\/herniamesh.com\/es\/wp-json\/wp\/v2\/product_cat?post=258156"},{"taxonomy":"product_tag","embeddable":true,"href":"https:\/\/herniamesh.com\/es\/wp-json\/wp\/v2\/product_tag?post=258156"}],"curies":[{"name":"wp","href":"https:\/\/api.w.org\/{rel}","templated":true}]}}