{"id":258158,"date":"2022-03-04T11:29:04","date_gmt":"2022-03-04T10:29:04","guid":{"rendered":"https:\/\/herniamesh.com\/prodotto\/malla-plana-rectangular-y-cuadrada-de-monofilamento-de-polipropileno-no-absorbible-tejida-con-tecnologia-cuadriaxial-hermesh-8\/"},"modified":"2024-02-02T14:45:10","modified_gmt":"2024-02-02T13:45:10","slug":"malla-plana-rectangular-y-cuadrada-de-monofilamento-de-polipropileno-no-absorbible-tejida-con-tecnologia-cuadriaxial-hermesh-8","status":"publish","type":"product","link":"https:\/\/herniamesh.com\/es\/hernias-inguinales\/malla-plana-rectangular-y-cuadrada-de-monofilamento-de-polipropileno-no-absorbible-tejida-con-tecnologia-cuadriaxial-hermesh-8\/","title":{"rendered":"Mallas planas rectangulares y cuadradas, de monofilamento de polipropileno no absorbible, tejidas con tecnolog\u00eda cuadriaxial <br><b>Hermesh 8<\/b><\/br>"},"content":{"rendered":"","protected":false},"excerpt":{"rendered":"<p>La malla <strong>Hermesh 8<\/strong>, indicada para hernias inguinales con cirug\u00eda laparot\u00f3mica y laparosc\u00f3pica, es una malla macroporosa y ultraliviana tejida con tecnolog\u00eda cuadriaxial.<br \/>\nLa tecnolog\u00eda \u00abcuadriaxial\u00bb es un tipo de tejido patentado por Herniamesh que permite obtener una malla con un m\u00f3dulo el\u00e1stico id\u00e9ntico en todas las direcciones (isotr\u00f3pico), que se deforma menos bajo tensi\u00f3n.<br \/>\nLa malla plana ofrece al cirujano la posibilidad de personalizar la pr\u00f3tesis, cortarla y modelarla de acuerdo con el tama\u00f1o de la hernia y el \u00e1rea a reforzar, ofreciendo la m\u00e1xima versatilidad y flexibilidad.<\/p>\n","protected":false},"featured_media":257995,"template":"","meta":{"_et_pb_use_builder":"","_et_pb_old_content":"","_et_gb_content_width":""},"product_brand":[],"product_cat":[57,58],"product_tag":[],"class_list":{"0":"post-258158","1":"product","2":"type-product","3":"status-publish","4":"has-post-thumbnail","6":"product_cat-hernioplastia-inguinal","7":"product_cat-hernias-inguinales","9":"first","10":"instock","11":"shipping-taxable","12":"product-type-simple"},"yoast_head":"<!-- This site is optimized with the Yoast SEO plugin v26.5 - https:\/\/yoast.com\/wordpress\/plugins\/seo\/ -->\n<title>Mallas planas rectangulares y cuadradas, de monofilamento de polipropileno no absorbible, tejidas con tecnolog\u00eda cuadriaxial Hermesh 8 - Herniamesh | Dispositivi medici per l&#039;ernioplastica inguinale ed addominale<\/title>\n<meta name=\"robots\" content=\"index, follow, max-snippet:-1, max-image-preview:large, max-video-preview:-1\" \/>\n<link rel=\"canonical\" href=\"https:\/\/herniamesh.com\/ernie-inguinali\/reti-piane-rettangolari-e-quadrate-in-monofilamento-non-assorbibile-di-polipropilene-tessute-con-tecnologia-quadriassiale-hermesh-8\/\" \/>\n<meta property=\"og:locale\" content=\"es_ES\" \/>\n<meta property=\"og:type\" content=\"article\" \/>\n<meta property=\"og:title\" content=\"Mallas planas rectangulares y cuadradas, de monofilamento de polipropileno no absorbible, tejidas con tecnolog\u00eda cuadriaxial Hermesh 8 - Herniamesh | Dispositivi medici per l&#039;ernioplastica inguinale ed addominale\" \/>\n<meta property=\"og:description\" content=\"La malla Hermesh 8, indicada para hernias inguinales con cirug\u00eda laparot\u00f3mica y laparosc\u00f3pica, es una malla macroporosa y ultraliviana tejida con tecnolog\u00eda cuadriaxial. La tecnolog\u00eda \u00abcuadriaxial\u00bb es un tipo de tejido patentado por Herniamesh que permite obtener una malla con un m\u00f3dulo el\u00e1stico id\u00e9ntico en todas las direcciones (isotr\u00f3pico), que se deforma menos bajo tensi\u00f3n. La malla plana ofrece al cirujano la posibilidad de personalizar la pr\u00f3tesis, cortarla y modelarla de acuerdo con el tama\u00f1o de la hernia y el \u00e1rea a reforzar, ofreciendo la m\u00e1xima versatilidad y flexibilidad.\" \/>\n<meta property=\"og:url\" content=\"https:\/\/herniamesh.com\/ernie-inguinali\/reti-piane-rettangolari-e-quadrate-in-monofilamento-non-assorbibile-di-polipropilene-tessute-con-tecnologia-quadriassiale-hermesh-8\/\" \/>\n<meta property=\"og:site_name\" content=\"Herniamesh | Dispositivi medici per l&#039;ernioplastica inguinale ed addominale\" \/>\n<meta property=\"article:modified_time\" content=\"2024-02-02T13:45:10+00:00\" \/>\n<meta property=\"og:image\" content=\"https:\/\/herniamesh.com\/wp-content\/uploads\/2022\/03\/Herniamesh-reti-per-ernie-hermesh8.jpg\" \/>\n\t<meta property=\"og:image:width\" content=\"1080\" \/>\n\t<meta property=\"og:image:height\" content=\"1080\" \/>\n\t<meta property=\"og:image:type\" content=\"image\/jpeg\" \/>\n<meta name=\"twitter:card\" content=\"summary_large_image\" \/>\n<script type=\"application\/ld+json\" class=\"yoast-schema-graph\">{\"@context\":\"https:\/\/schema.org\",\"@graph\":[{\"@type\":\"WebPage\",\"@id\":\"https:\/\/herniamesh.com\/ernie-inguinali\/reti-piane-rettangolari-e-quadrate-in-monofilamento-non-assorbibile-di-polipropilene-tessute-con-tecnologia-quadriassiale-hermesh-8\/\",\"url\":\"https:\/\/herniamesh.com\/ernie-inguinali\/reti-piane-rettangolari-e-quadrate-in-monofilamento-non-assorbibile-di-polipropilene-tessute-con-tecnologia-quadriassiale-hermesh-8\/\",\"name\":\"Mallas planas rectangulares y cuadradas, de monofilamento de polipropileno no absorbible, tejidas con tecnolog\u00eda cuadriaxial Hermesh 8 - Herniamesh | Dispositivi medici per l&#039;ernioplastica inguinale ed addominale\",\"isPartOf\":{\"@id\":\"https:\/\/herniamesh.com\/#website\"},\"primaryImageOfPage\":{\"@id\":\"https:\/\/herniamesh.com\/ernie-inguinali\/reti-piane-rettangolari-e-quadrate-in-monofilamento-non-assorbibile-di-polipropilene-tessute-con-tecnologia-quadriassiale-hermesh-8\/#primaryimage\"},\"image\":{\"@id\":\"https:\/\/herniamesh.com\/ernie-inguinali\/reti-piane-rettangolari-e-quadrate-in-monofilamento-non-assorbibile-di-polipropilene-tessute-con-tecnologia-quadriassiale-hermesh-8\/#primaryimage\"},\"thumbnailUrl\":\"https:\/\/herniamesh.com\/wp-content\/uploads\/2022\/03\/Herniamesh-reti-per-ernie-hermesh8.jpg\",\"datePublished\":\"2022-03-04T10:29:04+00:00\",\"dateModified\":\"2024-02-02T13:45:10+00:00\",\"breadcrumb\":{\"@id\":\"https:\/\/herniamesh.com\/ernie-inguinali\/reti-piane-rettangolari-e-quadrate-in-monofilamento-non-assorbibile-di-polipropilene-tessute-con-tecnologia-quadriassiale-hermesh-8\/#breadcrumb\"},\"inLanguage\":\"es\",\"potentialAction\":[{\"@type\":\"ReadAction\",\"target\":[\"https:\/\/herniamesh.com\/ernie-inguinali\/reti-piane-rettangolari-e-quadrate-in-monofilamento-non-assorbibile-di-polipropilene-tessute-con-tecnologia-quadriassiale-hermesh-8\/\"]}]},{\"@type\":\"ImageObject\",\"inLanguage\":\"es\",\"@id\":\"https:\/\/herniamesh.com\/ernie-inguinali\/reti-piane-rettangolari-e-quadrate-in-monofilamento-non-assorbibile-di-polipropilene-tessute-con-tecnologia-quadriassiale-hermesh-8\/#primaryimage\",\"url\":\"https:\/\/herniamesh.com\/wp-content\/uploads\/2022\/03\/Herniamesh-reti-per-ernie-hermesh8.jpg\",\"contentUrl\":\"https:\/\/herniamesh.com\/wp-content\/uploads\/2022\/03\/Herniamesh-reti-per-ernie-hermesh8.jpg\",\"width\":1080,\"height\":1080},{\"@type\":\"BreadcrumbList\",\"@id\":\"https:\/\/herniamesh.com\/ernie-inguinali\/reti-piane-rettangolari-e-quadrate-in-monofilamento-non-assorbibile-di-polipropilene-tessute-con-tecnologia-quadriassiale-hermesh-8\/#breadcrumb\",\"itemListElement\":[{\"@type\":\"ListItem\",\"position\":1,\"name\":\"Home\",\"item\":\"https:\/\/herniamesh.com\/es\/\"},{\"@type\":\"ListItem\",\"position\":2,\"name\":\"Shop\",\"item\":\"https:\/\/herniamesh.com\/negozio\/\"},{\"@type\":\"ListItem\",\"position\":3,\"name\":\"Mallas planas rectangulares y cuadradas, de monofilamento de polipropileno no absorbible, tejidas con tecnolog\u00eda cuadriaxial Hermesh 8\"}]},{\"@type\":\"WebSite\",\"@id\":\"https:\/\/herniamesh.com\/#website\",\"url\":\"https:\/\/herniamesh.com\/\",\"name\":\"Herniamesh | Dispositivi medici per l&#039;ernioplastica inguinale ed addominale\",\"description\":\"Tecnologia al servizio della salute\",\"potentialAction\":[{\"@type\":\"SearchAction\",\"target\":{\"@type\":\"EntryPoint\",\"urlTemplate\":\"https:\/\/herniamesh.com\/?s={search_term_string}\"},\"query-input\":{\"@type\":\"PropertyValueSpecification\",\"valueRequired\":true,\"valueName\":\"search_term_string\"}}],\"inLanguage\":\"es\"}]}<\/script>\n<!-- \/ Yoast SEO plugin. -->","yoast_head_json":{"title":"Mallas planas rectangulares y cuadradas, de monofilamento de polipropileno no absorbible, tejidas con tecnolog\u00eda cuadriaxial Hermesh 8 - Herniamesh | Dispositivi medici per l&#039;ernioplastica inguinale ed addominale","robots":{"index":"index","follow":"follow","max-snippet":"max-snippet:-1","max-image-preview":"max-image-preview:large","max-video-preview":"max-video-preview:-1"},"canonical":"https:\/\/herniamesh.com\/ernie-inguinali\/reti-piane-rettangolari-e-quadrate-in-monofilamento-non-assorbibile-di-polipropilene-tessute-con-tecnologia-quadriassiale-hermesh-8\/","og_locale":"es_ES","og_type":"article","og_title":"Mallas planas rectangulares y cuadradas, de monofilamento de polipropileno no absorbible, tejidas con tecnolog\u00eda cuadriaxial Hermesh 8 - Herniamesh | Dispositivi medici per l&#039;ernioplastica inguinale ed addominale","og_description":"La malla Hermesh 8, indicada para hernias inguinales con cirug\u00eda laparot\u00f3mica y laparosc\u00f3pica, es una malla macroporosa y ultraliviana tejida con tecnolog\u00eda cuadriaxial. La tecnolog\u00eda \u00abcuadriaxial\u00bb es un tipo de tejido patentado por Herniamesh que permite obtener una malla con un m\u00f3dulo el\u00e1stico id\u00e9ntico en todas las direcciones (isotr\u00f3pico), que se deforma menos bajo tensi\u00f3n. La malla plana ofrece al cirujano la posibilidad de personalizar la pr\u00f3tesis, cortarla y modelarla de acuerdo con el tama\u00f1o de la hernia y el \u00e1rea a reforzar, ofreciendo la m\u00e1xima versatilidad y flexibilidad.","og_url":"https:\/\/herniamesh.com\/ernie-inguinali\/reti-piane-rettangolari-e-quadrate-in-monofilamento-non-assorbibile-di-polipropilene-tessute-con-tecnologia-quadriassiale-hermesh-8\/","og_site_name":"Herniamesh | Dispositivi medici per l&#039;ernioplastica inguinale ed addominale","article_modified_time":"2024-02-02T13:45:10+00:00","og_image":[{"width":1080,"height":1080,"url":"https:\/\/herniamesh.com\/wp-content\/uploads\/2022\/03\/Herniamesh-reti-per-ernie-hermesh8.jpg","type":"image\/jpeg"}],"twitter_card":"summary_large_image","schema":{"@context":"https:\/\/schema.org","@graph":[{"@type":"WebPage","@id":"https:\/\/herniamesh.com\/ernie-inguinali\/reti-piane-rettangolari-e-quadrate-in-monofilamento-non-assorbibile-di-polipropilene-tessute-con-tecnologia-quadriassiale-hermesh-8\/","url":"https:\/\/herniamesh.com\/ernie-inguinali\/reti-piane-rettangolari-e-quadrate-in-monofilamento-non-assorbibile-di-polipropilene-tessute-con-tecnologia-quadriassiale-hermesh-8\/","name":"Mallas planas rectangulares y cuadradas, de monofilamento de polipropileno no absorbible, tejidas con tecnolog\u00eda cuadriaxial Hermesh 8 - Herniamesh | Dispositivi medici per l&#039;ernioplastica inguinale ed addominale","isPartOf":{"@id":"https:\/\/herniamesh.com\/#website"},"primaryImageOfPage":{"@id":"https:\/\/herniamesh.com\/ernie-inguinali\/reti-piane-rettangolari-e-quadrate-in-monofilamento-non-assorbibile-di-polipropilene-tessute-con-tecnologia-quadriassiale-hermesh-8\/#primaryimage"},"image":{"@id":"https:\/\/herniamesh.com\/ernie-inguinali\/reti-piane-rettangolari-e-quadrate-in-monofilamento-non-assorbibile-di-polipropilene-tessute-con-tecnologia-quadriassiale-hermesh-8\/#primaryimage"},"thumbnailUrl":"https:\/\/herniamesh.com\/wp-content\/uploads\/2022\/03\/Herniamesh-reti-per-ernie-hermesh8.jpg","datePublished":"2022-03-04T10:29:04+00:00","dateModified":"2024-02-02T13:45:10+00:00","breadcrumb":{"@id":"https:\/\/herniamesh.com\/ernie-inguinali\/reti-piane-rettangolari-e-quadrate-in-monofilamento-non-assorbibile-di-polipropilene-tessute-con-tecnologia-quadriassiale-hermesh-8\/#breadcrumb"},"inLanguage":"es","potentialAction":[{"@type":"ReadAction","target":["https:\/\/herniamesh.com\/ernie-inguinali\/reti-piane-rettangolari-e-quadrate-in-monofilamento-non-assorbibile-di-polipropilene-tessute-con-tecnologia-quadriassiale-hermesh-8\/"]}]},{"@type":"ImageObject","inLanguage":"es","@id":"https:\/\/herniamesh.com\/ernie-inguinali\/reti-piane-rettangolari-e-quadrate-in-monofilamento-non-assorbibile-di-polipropilene-tessute-con-tecnologia-quadriassiale-hermesh-8\/#primaryimage","url":"https:\/\/herniamesh.com\/wp-content\/uploads\/2022\/03\/Herniamesh-reti-per-ernie-hermesh8.jpg","contentUrl":"https:\/\/herniamesh.com\/wp-content\/uploads\/2022\/03\/Herniamesh-reti-per-ernie-hermesh8.jpg","width":1080,"height":1080},{"@type":"BreadcrumbList","@id":"https:\/\/herniamesh.com\/ernie-inguinali\/reti-piane-rettangolari-e-quadrate-in-monofilamento-non-assorbibile-di-polipropilene-tessute-con-tecnologia-quadriassiale-hermesh-8\/#breadcrumb","itemListElement":[{"@type":"ListItem","position":1,"name":"Home","item":"https:\/\/herniamesh.com\/es\/"},{"@type":"ListItem","position":2,"name":"Shop","item":"https:\/\/herniamesh.com\/negozio\/"},{"@type":"ListItem","position":3,"name":"Mallas planas rectangulares y cuadradas, de monofilamento de polipropileno no absorbible, tejidas con tecnolog\u00eda cuadriaxial Hermesh 8"}]},{"@type":"WebSite","@id":"https:\/\/herniamesh.com\/#website","url":"https:\/\/herniamesh.com\/","name":"Herniamesh | Dispositivi medici per l&#039;ernioplastica inguinale ed addominale","description":"Tecnologia al servizio della salute","potentialAction":[{"@type":"SearchAction","target":{"@type":"EntryPoint","urlTemplate":"https:\/\/herniamesh.com\/?s={search_term_string}"},"query-input":{"@type":"PropertyValueSpecification","valueRequired":true,"valueName":"search_term_string"}}],"inLanguage":"es"}]}},"_links":{"self":[{"href":"https:\/\/herniamesh.com\/es\/wp-json\/wp\/v2\/product\/258158","targetHints":{"allow":["GET"]}}],"collection":[{"href":"https:\/\/herniamesh.com\/es\/wp-json\/wp\/v2\/product"}],"about":[{"href":"https:\/\/herniamesh.com\/es\/wp-json\/wp\/v2\/types\/product"}],"wp:featuredmedia":[{"embeddable":true,"href":"https:\/\/herniamesh.com\/es\/wp-json\/wp\/v2\/media\/257995"}],"wp:attachment":[{"href":"https:\/\/herniamesh.com\/es\/wp-json\/wp\/v2\/media?parent=258158"}],"wp:term":[{"taxonomy":"product_brand","embeddable":true,"href":"https:\/\/herniamesh.com\/es\/wp-json\/wp\/v2\/product_brand?post=258158"},{"taxonomy":"product_cat","embeddable":true,"href":"https:\/\/herniamesh.com\/es\/wp-json\/wp\/v2\/product_cat?post=258158"},{"taxonomy":"product_tag","embeddable":true,"href":"https:\/\/herniamesh.com\/es\/wp-json\/wp\/v2\/product_tag?post=258158"}],"curies":[{"name":"wp","href":"https:\/\/api.w.org\/{rel}","templated":true}]}}