{"id":258161,"date":"2022-03-04T13:43:08","date_gmt":"2022-03-04T12:43:08","guid":{"rendered":"https:\/\/herniamesh.com\/prodotto\/t-slingpp\/"},"modified":"2024-06-21T11:10:59","modified_gmt":"2024-06-21T09:10:59","slug":"t-slingpp","status":"publish","type":"product","link":"https:\/\/herniamesh.com\/es\/t-sling-pp-es\/t-slingpp\/","title":{"rendered":"T-Sling\u00aePP"},"content":{"rendered":"","protected":false},"excerpt":{"rendered":"<p>La pr\u00f3tesis<strong>\u00a0T-Sling\u00aePP<\/strong> est\u00e1 indicada para el tratamiento quir\u00fargico de la incontinencia urinaria de esfuerzo (IUE) femenina resultante de la hipermovilidad uretral eventualmente asociada a diferentes grados de deficiencia del esf\u00ednter intr\u00ednseco y puede colocarse mediante abordaje retrop\u00fabico transvaginal o transobturatorio. Las pr\u00f3tesis T-Sling\u00aePP, fabricadas \u00edntegramente en Polipropileno monofilamento no reabsorbible, est\u00e1n provistas de vainas protectoras que facilitan su paso a trav\u00e9s de los tejidos y de hilos de sutura premontados en ojal para insertar en el ojo de la aguja introductora Herniamesh. La pr\u00f3tesis <strong>T-Sling\u00aePP<\/strong> <strong>c\u00f3digo TS06<\/strong> es una malla macroporosa de peso est\u00e1ndar con bordes no traum\u00e1ticos. La caracter\u00edstica de la pr\u00f3tesis <strong>T-Sling\u00aePP c\u00f3digo TS11<\/strong> es que ha sido tejida con tecnolog\u00eda cuadriaxial que brinda a la malla ligereza, macroporosidad y resistencia. En la\u00a0\u00a0pr\u00f3tesis<strong>\u00a0T-Sling\u00aePP c\u00f3digo TS11-R<\/strong>, que tambi\u00e9n \u00e9sta tejida con tecnolog\u00eda cuadriaxial, el marcador facilita al cirujano la identificaci\u00f3n del centro de la pr\u00f3tesis.<\/p>\n","protected":false},"featured_media":258835,"template":"","meta":{"_et_pb_use_builder":"off","_et_pb_old_content":"","_et_gb_content_width":""},"product_brand":[],"product_cat":[60,61],"product_tag":[],"class_list":{"0":"post-258161","1":"product","2":"type-product","3":"status-publish","4":"has-post-thumbnail","6":"product_cat-incontinencia-urinaria-femenina-y-prolapso-del-suelo-pelvico","7":"product_cat-t-sling-pp-es","9":"first","10":"instock","11":"shipping-taxable","12":"product-type-simple"},"yoast_head":"<!-- This site is optimized with the Yoast SEO plugin v26.5 - https:\/\/yoast.com\/wordpress\/plugins\/seo\/ -->\n<title>T-Sling\u00aePP - Herniamesh | Dispositivi medici per l&#039;ernioplastica inguinale ed addominale<\/title>\n<meta name=\"robots\" content=\"index, follow, max-snippet:-1, max-image-preview:large, max-video-preview:-1\" \/>\n<link rel=\"canonical\" href=\"https:\/\/herniamesh.com\/t-slig-pp\/t-slingpp\/\" \/>\n<meta property=\"og:locale\" content=\"es_ES\" \/>\n<meta property=\"og:type\" content=\"article\" \/>\n<meta property=\"og:title\" content=\"T-Sling\u00aePP - Herniamesh | Dispositivi medici per l&#039;ernioplastica inguinale ed addominale\" \/>\n<meta property=\"og:description\" content=\"La pr\u00f3tesis\u00a0T-Sling\u00aePP est\u00e1 indicada para el tratamiento quir\u00fargico de la incontinencia urinaria de esfuerzo (IUE) femenina resultante de la hipermovilidad uretral eventualmente asociada a diferentes grados de deficiencia del esf\u00ednter intr\u00ednseco y puede colocarse mediante abordaje retrop\u00fabico transvaginal o transobturatorio. Las pr\u00f3tesis T-Sling\u00aePP, fabricadas \u00edntegramente en Polipropileno monofilamento no reabsorbible, est\u00e1n provistas de vainas protectoras que facilitan su paso a trav\u00e9s de los tejidos y de hilos de sutura premontados en ojal para insertar en el ojo de la aguja introductora Herniamesh. La pr\u00f3tesis T-Sling\u00aePP c\u00f3digo TS06 es una malla macroporosa de peso est\u00e1ndar con bordes no traum\u00e1ticos. La caracter\u00edstica de la pr\u00f3tesis T-Sling\u00aePP c\u00f3digo TS11 es que ha sido tejida con tecnolog\u00eda cuadriaxial que brinda a la malla ligereza, macroporosidad y resistencia. En la\u00a0\u00a0pr\u00f3tesis\u00a0T-Sling\u00aePP c\u00f3digo TS11-R, que tambi\u00e9n \u00e9sta tejida con tecnolog\u00eda cuadriaxial, el marcador facilita al cirujano la identificaci\u00f3n del centro de la pr\u00f3tesis.\" \/>\n<meta property=\"og:url\" content=\"https:\/\/herniamesh.com\/t-slig-pp\/t-slingpp\/\" \/>\n<meta property=\"og:site_name\" content=\"Herniamesh | Dispositivi medici per l&#039;ernioplastica inguinale ed addominale\" \/>\n<meta property=\"article:modified_time\" content=\"2024-06-21T09:10:59+00:00\" \/>\n<meta property=\"og:image\" content=\"https:\/\/herniamesh.com\/wp-content\/uploads\/2022\/03\/T-Sling-PP_1.jpg\" \/>\n\t<meta property=\"og:image:width\" content=\"1080\" \/>\n\t<meta property=\"og:image:height\" content=\"1080\" \/>\n\t<meta property=\"og:image:type\" content=\"image\/jpeg\" \/>\n<meta name=\"twitter:card\" content=\"summary_large_image\" \/>\n<meta name=\"twitter:label1\" content=\"Tiempo de lectura\" \/>\n\t<meta name=\"twitter:data1\" content=\"1 minuto\" \/>\n<script type=\"application\/ld+json\" class=\"yoast-schema-graph\">{\"@context\":\"https:\/\/schema.org\",\"@graph\":[{\"@type\":\"WebPage\",\"@id\":\"https:\/\/herniamesh.com\/t-slig-pp\/t-slingpp\/\",\"url\":\"https:\/\/herniamesh.com\/t-slig-pp\/t-slingpp\/\",\"name\":\"T-Sling\u00aePP - Herniamesh | Dispositivi medici per l&#039;ernioplastica inguinale ed addominale\",\"isPartOf\":{\"@id\":\"https:\/\/herniamesh.com\/#website\"},\"primaryImageOfPage\":{\"@id\":\"https:\/\/herniamesh.com\/t-slig-pp\/t-slingpp\/#primaryimage\"},\"image\":{\"@id\":\"https:\/\/herniamesh.com\/t-slig-pp\/t-slingpp\/#primaryimage\"},\"thumbnailUrl\":\"https:\/\/herniamesh.com\/wp-content\/uploads\/2022\/03\/T-Sling-PP_1.jpg\",\"datePublished\":\"2022-03-04T12:43:08+00:00\",\"dateModified\":\"2024-06-21T09:10:59+00:00\",\"breadcrumb\":{\"@id\":\"https:\/\/herniamesh.com\/t-slig-pp\/t-slingpp\/#breadcrumb\"},\"inLanguage\":\"es\",\"potentialAction\":[{\"@type\":\"ReadAction\",\"target\":[\"https:\/\/herniamesh.com\/t-slig-pp\/t-slingpp\/\"]}]},{\"@type\":\"ImageObject\",\"inLanguage\":\"es\",\"@id\":\"https:\/\/herniamesh.com\/t-slig-pp\/t-slingpp\/#primaryimage\",\"url\":\"https:\/\/herniamesh.com\/wp-content\/uploads\/2022\/03\/T-Sling-PP_1.jpg\",\"contentUrl\":\"https:\/\/herniamesh.com\/wp-content\/uploads\/2022\/03\/T-Sling-PP_1.jpg\",\"width\":1080,\"height\":1080},{\"@type\":\"BreadcrumbList\",\"@id\":\"https:\/\/herniamesh.com\/t-slig-pp\/t-slingpp\/#breadcrumb\",\"itemListElement\":[{\"@type\":\"ListItem\",\"position\":1,\"name\":\"Home\",\"item\":\"https:\/\/herniamesh.com\/es\/\"},{\"@type\":\"ListItem\",\"position\":2,\"name\":\"Shop\",\"item\":\"https:\/\/herniamesh.com\/negozio\/\"},{\"@type\":\"ListItem\",\"position\":3,\"name\":\"T-Sling\u00aePP\"}]},{\"@type\":\"WebSite\",\"@id\":\"https:\/\/herniamesh.com\/#website\",\"url\":\"https:\/\/herniamesh.com\/\",\"name\":\"Herniamesh | Dispositivi medici per l&#039;ernioplastica inguinale ed addominale\",\"description\":\"Tecnologia al servizio della salute\",\"potentialAction\":[{\"@type\":\"SearchAction\",\"target\":{\"@type\":\"EntryPoint\",\"urlTemplate\":\"https:\/\/herniamesh.com\/?s={search_term_string}\"},\"query-input\":{\"@type\":\"PropertyValueSpecification\",\"valueRequired\":true,\"valueName\":\"search_term_string\"}}],\"inLanguage\":\"es\"}]}<\/script>\n<!-- \/ Yoast SEO plugin. -->","yoast_head_json":{"title":"T-Sling\u00aePP - Herniamesh | Dispositivi medici per l&#039;ernioplastica inguinale ed addominale","robots":{"index":"index","follow":"follow","max-snippet":"max-snippet:-1","max-image-preview":"max-image-preview:large","max-video-preview":"max-video-preview:-1"},"canonical":"https:\/\/herniamesh.com\/t-slig-pp\/t-slingpp\/","og_locale":"es_ES","og_type":"article","og_title":"T-Sling\u00aePP - Herniamesh | Dispositivi medici per l&#039;ernioplastica inguinale ed addominale","og_description":"La pr\u00f3tesis\u00a0T-Sling\u00aePP est\u00e1 indicada para el tratamiento quir\u00fargico de la incontinencia urinaria de esfuerzo (IUE) femenina resultante de la hipermovilidad uretral eventualmente asociada a diferentes grados de deficiencia del esf\u00ednter intr\u00ednseco y puede colocarse mediante abordaje retrop\u00fabico transvaginal o transobturatorio. Las pr\u00f3tesis T-Sling\u00aePP, fabricadas \u00edntegramente en Polipropileno monofilamento no reabsorbible, est\u00e1n provistas de vainas protectoras que facilitan su paso a trav\u00e9s de los tejidos y de hilos de sutura premontados en ojal para insertar en el ojo de la aguja introductora Herniamesh. La pr\u00f3tesis T-Sling\u00aePP c\u00f3digo TS06 es una malla macroporosa de peso est\u00e1ndar con bordes no traum\u00e1ticos. La caracter\u00edstica de la pr\u00f3tesis T-Sling\u00aePP c\u00f3digo TS11 es que ha sido tejida con tecnolog\u00eda cuadriaxial que brinda a la malla ligereza, macroporosidad y resistencia. En la\u00a0\u00a0pr\u00f3tesis\u00a0T-Sling\u00aePP c\u00f3digo TS11-R, que tambi\u00e9n \u00e9sta tejida con tecnolog\u00eda cuadriaxial, el marcador facilita al cirujano la identificaci\u00f3n del centro de la pr\u00f3tesis.","og_url":"https:\/\/herniamesh.com\/t-slig-pp\/t-slingpp\/","og_site_name":"Herniamesh | Dispositivi medici per l&#039;ernioplastica inguinale ed addominale","article_modified_time":"2024-06-21T09:10:59+00:00","og_image":[{"width":1080,"height":1080,"url":"https:\/\/herniamesh.com\/wp-content\/uploads\/2022\/03\/T-Sling-PP_1.jpg","type":"image\/jpeg"}],"twitter_card":"summary_large_image","twitter_misc":{"Tiempo de lectura":"1 minuto"},"schema":{"@context":"https:\/\/schema.org","@graph":[{"@type":"WebPage","@id":"https:\/\/herniamesh.com\/t-slig-pp\/t-slingpp\/","url":"https:\/\/herniamesh.com\/t-slig-pp\/t-slingpp\/","name":"T-Sling\u00aePP - Herniamesh | Dispositivi medici per l&#039;ernioplastica inguinale ed addominale","isPartOf":{"@id":"https:\/\/herniamesh.com\/#website"},"primaryImageOfPage":{"@id":"https:\/\/herniamesh.com\/t-slig-pp\/t-slingpp\/#primaryimage"},"image":{"@id":"https:\/\/herniamesh.com\/t-slig-pp\/t-slingpp\/#primaryimage"},"thumbnailUrl":"https:\/\/herniamesh.com\/wp-content\/uploads\/2022\/03\/T-Sling-PP_1.jpg","datePublished":"2022-03-04T12:43:08+00:00","dateModified":"2024-06-21T09:10:59+00:00","breadcrumb":{"@id":"https:\/\/herniamesh.com\/t-slig-pp\/t-slingpp\/#breadcrumb"},"inLanguage":"es","potentialAction":[{"@type":"ReadAction","target":["https:\/\/herniamesh.com\/t-slig-pp\/t-slingpp\/"]}]},{"@type":"ImageObject","inLanguage":"es","@id":"https:\/\/herniamesh.com\/t-slig-pp\/t-slingpp\/#primaryimage","url":"https:\/\/herniamesh.com\/wp-content\/uploads\/2022\/03\/T-Sling-PP_1.jpg","contentUrl":"https:\/\/herniamesh.com\/wp-content\/uploads\/2022\/03\/T-Sling-PP_1.jpg","width":1080,"height":1080},{"@type":"BreadcrumbList","@id":"https:\/\/herniamesh.com\/t-slig-pp\/t-slingpp\/#breadcrumb","itemListElement":[{"@type":"ListItem","position":1,"name":"Home","item":"https:\/\/herniamesh.com\/es\/"},{"@type":"ListItem","position":2,"name":"Shop","item":"https:\/\/herniamesh.com\/negozio\/"},{"@type":"ListItem","position":3,"name":"T-Sling\u00aePP"}]},{"@type":"WebSite","@id":"https:\/\/herniamesh.com\/#website","url":"https:\/\/herniamesh.com\/","name":"Herniamesh | Dispositivi medici per l&#039;ernioplastica inguinale ed addominale","description":"Tecnologia al servizio della salute","potentialAction":[{"@type":"SearchAction","target":{"@type":"EntryPoint","urlTemplate":"https:\/\/herniamesh.com\/?s={search_term_string}"},"query-input":{"@type":"PropertyValueSpecification","valueRequired":true,"valueName":"search_term_string"}}],"inLanguage":"es"}]}},"_links":{"self":[{"href":"https:\/\/herniamesh.com\/es\/wp-json\/wp\/v2\/product\/258161","targetHints":{"allow":["GET"]}}],"collection":[{"href":"https:\/\/herniamesh.com\/es\/wp-json\/wp\/v2\/product"}],"about":[{"href":"https:\/\/herniamesh.com\/es\/wp-json\/wp\/v2\/types\/product"}],"wp:featuredmedia":[{"embeddable":true,"href":"https:\/\/herniamesh.com\/es\/wp-json\/wp\/v2\/media\/258835"}],"wp:attachment":[{"href":"https:\/\/herniamesh.com\/es\/wp-json\/wp\/v2\/media?parent=258161"}],"wp:term":[{"taxonomy":"product_brand","embeddable":true,"href":"https:\/\/herniamesh.com\/es\/wp-json\/wp\/v2\/product_brand?post=258161"},{"taxonomy":"product_cat","embeddable":true,"href":"https:\/\/herniamesh.com\/es\/wp-json\/wp\/v2\/product_cat?post=258161"},{"taxonomy":"product_tag","embeddable":true,"href":"https:\/\/herniamesh.com\/es\/wp-json\/wp\/v2\/product_tag?post=258161"}],"curies":[{"name":"wp","href":"https:\/\/api.w.org\/{rel}","templated":true}]}}