{"id":258162,"date":"2022-03-04T14:17:16","date_gmt":"2022-03-04T13:17:16","guid":{"rendered":"https:\/\/herniamesh.com\/prodotto\/agujas-transobturadoras-helicoidales-y-de-gancho\/"},"modified":"2025-03-19T23:39:28","modified_gmt":"2025-03-19T22:39:28","slug":"agujas-transobturadoras-helicoidales-y-de-gancho","status":"publish","type":"product","link":"https:\/\/herniamesh.com\/es\/agujas-introductoras\/agujas-transobturadoras-helicoidales-y-de-gancho\/","title":{"rendered":"Agujas transobturadoras helicoidales y de gancho"},"content":{"rendered":"","protected":false},"excerpt":{"rendered":"<p>Se utilizan en las intervenciones quir\u00fargicas para colocar las pr\u00f3tesis anteriores Herniamesh <strong>T-Sling\u00ae PP<\/strong> y <strong>Pelvimesh\u00ae anterior<\/strong>.<\/p>\n<p>Fabricadas en acero inoxidable, con un mango ergon\u00f3mico de aluminio, tienen un ojo cerrado para fijar las suturas premontadas a la pr\u00f3tesis.<\/p>\n<p>Vendido no esterilizado; esterilizable en autoclave, vapor u \u00f3xido de Etileno.<\/p>\n","protected":false},"featured_media":258074,"template":"","meta":{"_et_pb_use_builder":"","_et_pb_old_content":"","_et_gb_content_width":""},"product_brand":[],"product_cat":[60,62],"product_tag":[],"class_list":{"0":"post-258162","1":"product","2":"type-product","3":"status-publish","4":"has-post-thumbnail","6":"product_cat-incontinencia-urinaria-femenina-y-prolapso-del-suelo-pelvico","7":"product_cat-agujas-introductoras","9":"first","10":"instock","11":"shipping-taxable","12":"product-type-simple"},"yoast_head":"<!-- This site is optimized with the Yoast SEO plugin v26.5 - https:\/\/yoast.com\/wordpress\/plugins\/seo\/ -->\n<title>Agujas transobturadoras helicoidales y de gancho - Herniamesh | Dispositivi medici per l&#039;ernioplastica inguinale ed addominale<\/title>\n<meta name=\"robots\" content=\"index, follow, max-snippet:-1, max-image-preview:large, max-video-preview:-1\" \/>\n<link rel=\"canonical\" href=\"https:\/\/herniamesh.com\/aghi-introduttori\/aghi-transotturatori-elicoidali-e-ad-uncino\/\" \/>\n<meta property=\"og:locale\" content=\"es_ES\" \/>\n<meta property=\"og:type\" content=\"article\" \/>\n<meta property=\"og:title\" content=\"Agujas transobturadoras helicoidales y de gancho - Herniamesh | Dispositivi medici per l&#039;ernioplastica inguinale ed addominale\" \/>\n<meta property=\"og:description\" content=\"Se utilizan en las intervenciones quir\u00fargicas para colocar las pr\u00f3tesis anteriores Herniamesh T-Sling\u00ae PP y Pelvimesh\u00ae anterior.  Fabricadas en acero inoxidable, con un mango ergon\u00f3mico de aluminio, tienen un ojo cerrado para fijar las suturas premontadas a la pr\u00f3tesis.  Vendido no esterilizado; esterilizable en autoclave, vapor u \u00f3xido de Etileno.\" \/>\n<meta property=\"og:url\" content=\"https:\/\/herniamesh.com\/aghi-introduttori\/aghi-transotturatori-elicoidali-e-ad-uncino\/\" \/>\n<meta property=\"og:site_name\" content=\"Herniamesh | Dispositivi medici per l&#039;ernioplastica inguinale ed addominale\" \/>\n<meta property=\"article:modified_time\" content=\"2025-03-19T22:39:28+00:00\" \/>\n<meta property=\"og:image\" content=\"https:\/\/herniamesh.com\/wp-content\/uploads\/2022\/03\/Herniamesh_0000_Elicoid_modif_con-sfondo.jpg\" \/>\n\t<meta property=\"og:image:width\" content=\"1080\" \/>\n\t<meta property=\"og:image:height\" content=\"1080\" \/>\n\t<meta property=\"og:image:type\" content=\"image\/jpeg\" \/>\n<meta name=\"twitter:card\" content=\"summary_large_image\" \/>\n<meta name=\"twitter:label1\" content=\"Tiempo de lectura\" \/>\n\t<meta name=\"twitter:data1\" content=\"1 minuto\" \/>\n<script type=\"application\/ld+json\" class=\"yoast-schema-graph\">{\"@context\":\"https:\/\/schema.org\",\"@graph\":[{\"@type\":\"WebPage\",\"@id\":\"https:\/\/herniamesh.com\/aghi-introduttori\/aghi-transotturatori-elicoidali-e-ad-uncino\/\",\"url\":\"https:\/\/herniamesh.com\/aghi-introduttori\/aghi-transotturatori-elicoidali-e-ad-uncino\/\",\"name\":\"Agujas transobturadoras helicoidales y de gancho - Herniamesh | Dispositivi medici per l&#039;ernioplastica inguinale ed addominale\",\"isPartOf\":{\"@id\":\"https:\/\/herniamesh.com\/#website\"},\"primaryImageOfPage\":{\"@id\":\"https:\/\/herniamesh.com\/aghi-introduttori\/aghi-transotturatori-elicoidali-e-ad-uncino\/#primaryimage\"},\"image\":{\"@id\":\"https:\/\/herniamesh.com\/aghi-introduttori\/aghi-transotturatori-elicoidali-e-ad-uncino\/#primaryimage\"},\"thumbnailUrl\":\"https:\/\/herniamesh.com\/wp-content\/uploads\/2022\/03\/Herniamesh_0000_Elicoid_modif_con-sfondo.jpg\",\"datePublished\":\"2022-03-04T13:17:16+00:00\",\"dateModified\":\"2025-03-19T22:39:28+00:00\",\"breadcrumb\":{\"@id\":\"https:\/\/herniamesh.com\/aghi-introduttori\/aghi-transotturatori-elicoidali-e-ad-uncino\/#breadcrumb\"},\"inLanguage\":\"es\",\"potentialAction\":[{\"@type\":\"ReadAction\",\"target\":[\"https:\/\/herniamesh.com\/aghi-introduttori\/aghi-transotturatori-elicoidali-e-ad-uncino\/\"]}]},{\"@type\":\"ImageObject\",\"inLanguage\":\"es\",\"@id\":\"https:\/\/herniamesh.com\/aghi-introduttori\/aghi-transotturatori-elicoidali-e-ad-uncino\/#primaryimage\",\"url\":\"https:\/\/herniamesh.com\/wp-content\/uploads\/2022\/03\/Herniamesh_0000_Elicoid_modif_con-sfondo.jpg\",\"contentUrl\":\"https:\/\/herniamesh.com\/wp-content\/uploads\/2022\/03\/Herniamesh_0000_Elicoid_modif_con-sfondo.jpg\",\"width\":1080,\"height\":1080},{\"@type\":\"BreadcrumbList\",\"@id\":\"https:\/\/herniamesh.com\/aghi-introduttori\/aghi-transotturatori-elicoidali-e-ad-uncino\/#breadcrumb\",\"itemListElement\":[{\"@type\":\"ListItem\",\"position\":1,\"name\":\"Home\",\"item\":\"https:\/\/herniamesh.com\/es\/\"},{\"@type\":\"ListItem\",\"position\":2,\"name\":\"Shop\",\"item\":\"https:\/\/herniamesh.com\/negozio\/\"},{\"@type\":\"ListItem\",\"position\":3,\"name\":\"Agujas transobturadoras helicoidales y de gancho\"}]},{\"@type\":\"WebSite\",\"@id\":\"https:\/\/herniamesh.com\/#website\",\"url\":\"https:\/\/herniamesh.com\/\",\"name\":\"Herniamesh | Dispositivi medici per l&#039;ernioplastica inguinale ed addominale\",\"description\":\"Tecnologia al servizio della salute\",\"potentialAction\":[{\"@type\":\"SearchAction\",\"target\":{\"@type\":\"EntryPoint\",\"urlTemplate\":\"https:\/\/herniamesh.com\/?s={search_term_string}\"},\"query-input\":{\"@type\":\"PropertyValueSpecification\",\"valueRequired\":true,\"valueName\":\"search_term_string\"}}],\"inLanguage\":\"es\"}]}<\/script>\n<!-- \/ Yoast SEO plugin. -->","yoast_head_json":{"title":"Agujas transobturadoras helicoidales y de gancho - Herniamesh | Dispositivi medici per l&#039;ernioplastica inguinale ed addominale","robots":{"index":"index","follow":"follow","max-snippet":"max-snippet:-1","max-image-preview":"max-image-preview:large","max-video-preview":"max-video-preview:-1"},"canonical":"https:\/\/herniamesh.com\/aghi-introduttori\/aghi-transotturatori-elicoidali-e-ad-uncino\/","og_locale":"es_ES","og_type":"article","og_title":"Agujas transobturadoras helicoidales y de gancho - Herniamesh | Dispositivi medici per l&#039;ernioplastica inguinale ed addominale","og_description":"Se utilizan en las intervenciones quir\u00fargicas para colocar las pr\u00f3tesis anteriores Herniamesh T-Sling\u00ae PP y Pelvimesh\u00ae anterior.  Fabricadas en acero inoxidable, con un mango ergon\u00f3mico de aluminio, tienen un ojo cerrado para fijar las suturas premontadas a la pr\u00f3tesis.  Vendido no esterilizado; esterilizable en autoclave, vapor u \u00f3xido de Etileno.","og_url":"https:\/\/herniamesh.com\/aghi-introduttori\/aghi-transotturatori-elicoidali-e-ad-uncino\/","og_site_name":"Herniamesh | Dispositivi medici per l&#039;ernioplastica inguinale ed addominale","article_modified_time":"2025-03-19T22:39:28+00:00","og_image":[{"width":1080,"height":1080,"url":"https:\/\/herniamesh.com\/wp-content\/uploads\/2022\/03\/Herniamesh_0000_Elicoid_modif_con-sfondo.jpg","type":"image\/jpeg"}],"twitter_card":"summary_large_image","twitter_misc":{"Tiempo de lectura":"1 minuto"},"schema":{"@context":"https:\/\/schema.org","@graph":[{"@type":"WebPage","@id":"https:\/\/herniamesh.com\/aghi-introduttori\/aghi-transotturatori-elicoidali-e-ad-uncino\/","url":"https:\/\/herniamesh.com\/aghi-introduttori\/aghi-transotturatori-elicoidali-e-ad-uncino\/","name":"Agujas transobturadoras helicoidales y de gancho - Herniamesh | Dispositivi medici per l&#039;ernioplastica inguinale ed addominale","isPartOf":{"@id":"https:\/\/herniamesh.com\/#website"},"primaryImageOfPage":{"@id":"https:\/\/herniamesh.com\/aghi-introduttori\/aghi-transotturatori-elicoidali-e-ad-uncino\/#primaryimage"},"image":{"@id":"https:\/\/herniamesh.com\/aghi-introduttori\/aghi-transotturatori-elicoidali-e-ad-uncino\/#primaryimage"},"thumbnailUrl":"https:\/\/herniamesh.com\/wp-content\/uploads\/2022\/03\/Herniamesh_0000_Elicoid_modif_con-sfondo.jpg","datePublished":"2022-03-04T13:17:16+00:00","dateModified":"2025-03-19T22:39:28+00:00","breadcrumb":{"@id":"https:\/\/herniamesh.com\/aghi-introduttori\/aghi-transotturatori-elicoidali-e-ad-uncino\/#breadcrumb"},"inLanguage":"es","potentialAction":[{"@type":"ReadAction","target":["https:\/\/herniamesh.com\/aghi-introduttori\/aghi-transotturatori-elicoidali-e-ad-uncino\/"]}]},{"@type":"ImageObject","inLanguage":"es","@id":"https:\/\/herniamesh.com\/aghi-introduttori\/aghi-transotturatori-elicoidali-e-ad-uncino\/#primaryimage","url":"https:\/\/herniamesh.com\/wp-content\/uploads\/2022\/03\/Herniamesh_0000_Elicoid_modif_con-sfondo.jpg","contentUrl":"https:\/\/herniamesh.com\/wp-content\/uploads\/2022\/03\/Herniamesh_0000_Elicoid_modif_con-sfondo.jpg","width":1080,"height":1080},{"@type":"BreadcrumbList","@id":"https:\/\/herniamesh.com\/aghi-introduttori\/aghi-transotturatori-elicoidali-e-ad-uncino\/#breadcrumb","itemListElement":[{"@type":"ListItem","position":1,"name":"Home","item":"https:\/\/herniamesh.com\/es\/"},{"@type":"ListItem","position":2,"name":"Shop","item":"https:\/\/herniamesh.com\/negozio\/"},{"@type":"ListItem","position":3,"name":"Agujas transobturadoras helicoidales y de gancho"}]},{"@type":"WebSite","@id":"https:\/\/herniamesh.com\/#website","url":"https:\/\/herniamesh.com\/","name":"Herniamesh | Dispositivi medici per l&#039;ernioplastica inguinale ed addominale","description":"Tecnologia al servizio della salute","potentialAction":[{"@type":"SearchAction","target":{"@type":"EntryPoint","urlTemplate":"https:\/\/herniamesh.com\/?s={search_term_string}"},"query-input":{"@type":"PropertyValueSpecification","valueRequired":true,"valueName":"search_term_string"}}],"inLanguage":"es"}]}},"_links":{"self":[{"href":"https:\/\/herniamesh.com\/es\/wp-json\/wp\/v2\/product\/258162","targetHints":{"allow":["GET"]}}],"collection":[{"href":"https:\/\/herniamesh.com\/es\/wp-json\/wp\/v2\/product"}],"about":[{"href":"https:\/\/herniamesh.com\/es\/wp-json\/wp\/v2\/types\/product"}],"wp:featuredmedia":[{"embeddable":true,"href":"https:\/\/herniamesh.com\/es\/wp-json\/wp\/v2\/media\/258074"}],"wp:attachment":[{"href":"https:\/\/herniamesh.com\/es\/wp-json\/wp\/v2\/media?parent=258162"}],"wp:term":[{"taxonomy":"product_brand","embeddable":true,"href":"https:\/\/herniamesh.com\/es\/wp-json\/wp\/v2\/product_brand?post=258162"},{"taxonomy":"product_cat","embeddable":true,"href":"https:\/\/herniamesh.com\/es\/wp-json\/wp\/v2\/product_cat?post=258162"},{"taxonomy":"product_tag","embeddable":true,"href":"https:\/\/herniamesh.com\/es\/wp-json\/wp\/v2\/product_tag?post=258162"}],"curies":[{"name":"wp","href":"https:\/\/api.w.org\/{rel}","templated":true}]}}