{"id":258163,"date":"2022-03-04T14:26:55","date_gmt":"2022-03-04T13:26:55","guid":{"rendered":"https:\/\/herniamesh.com\/prodotto\/aguja-transvaginal\/"},"modified":"2024-07-02T11:16:03","modified_gmt":"2024-07-02T09:16:03","slug":"aguja-transvaginal","status":"publish","type":"product","link":"https:\/\/herniamesh.com\/es\/agujas-introductoras\/aguja-transvaginal\/","title":{"rendered":"Aguja transvaginal"},"content":{"rendered":"","protected":false},"excerpt":{"rendered":"<p>Se utiliza, en intervenciones quir\u00fargicas, para colocar las pr\u00f3tesis <strong>T-Sling\u00aePP<\/strong>, con abordaje transvaginal, es decir, desde la incisi\u00f3n vaginal hasta la pared abdominal.<\/p>\n<p>Fabricadas con Acero inoxidable, con mango ergon\u00f3mico de Aluminio, est\u00e1n provistas de ojo cerrado para el enganche de las suturas premontadas en la pr\u00f3tesis.<\/p>\n<p>Vendido no esterilizado; esterilizable en autoclave, vapor u \u00f3xido de Etileno.<\/p>\n","protected":false},"featured_media":258027,"template":"","meta":{"_et_pb_use_builder":"","_et_pb_old_content":"","_et_gb_content_width":""},"product_brand":[],"product_cat":[60,62],"product_tag":[],"class_list":{"0":"post-258163","1":"product","2":"type-product","3":"status-publish","4":"has-post-thumbnail","6":"product_cat-incontinencia-urinaria-femenina-y-prolapso-del-suelo-pelvico","7":"product_cat-agujas-introductoras","9":"first","10":"instock","11":"shipping-taxable","12":"product-type-simple"},"yoast_head":"<!-- This site is optimized with the Yoast SEO plugin v26.5 - https:\/\/yoast.com\/wordpress\/plugins\/seo\/ -->\n<title>Aguja transvaginal - Herniamesh | Dispositivi medici per l&#039;ernioplastica inguinale ed addominale<\/title>\n<meta name=\"robots\" content=\"index, follow, max-snippet:-1, max-image-preview:large, max-video-preview:-1\" \/>\n<link rel=\"canonical\" href=\"https:\/\/herniamesh.com\/es\/agujas-introductoras\/aguja-transvaginal\/\" \/>\n<meta property=\"og:locale\" content=\"es_ES\" \/>\n<meta property=\"og:type\" content=\"article\" \/>\n<meta property=\"og:title\" content=\"Aguja transvaginal - Herniamesh | Dispositivi medici per l&#039;ernioplastica inguinale ed addominale\" \/>\n<meta property=\"og:description\" content=\"Se utiliza, en intervenciones quir\u00fargicas, para colocar las pr\u00f3tesis T-Sling\u00aePP, con abordaje transvaginal, es decir, desde la incisi\u00f3n vaginal hasta la pared abdominal.  Fabricadas con Acero inoxidable, con mango ergon\u00f3mico de Aluminio, est\u00e1n provistas de ojo cerrado para el enganche de las suturas premontadas en la pr\u00f3tesis.  Vendido no esterilizado; esterilizable en autoclave, vapor u \u00f3xido de Etileno.\" \/>\n<meta property=\"og:url\" content=\"https:\/\/herniamesh.com\/es\/agujas-introductoras\/aguja-transvaginal\/\" \/>\n<meta property=\"og:site_name\" content=\"Herniamesh | Dispositivi medici per l&#039;ernioplastica inguinale ed addominale\" \/>\n<meta property=\"article:modified_time\" content=\"2024-07-02T09:16:03+00:00\" \/>\n<meta property=\"og:image\" content=\"https:\/\/herniamesh.com\/wp-content\/uploads\/2022\/03\/Herniamesh_0003_ago-transvag.jpg\" \/>\n\t<meta property=\"og:image:width\" content=\"1080\" \/>\n\t<meta property=\"og:image:height\" content=\"1080\" \/>\n\t<meta property=\"og:image:type\" content=\"image\/jpeg\" \/>\n<meta name=\"twitter:card\" content=\"summary_large_image\" \/>\n<meta name=\"twitter:label1\" content=\"Tiempo de lectura\" \/>\n\t<meta name=\"twitter:data1\" content=\"1 minuto\" \/>\n<script type=\"application\/ld+json\" class=\"yoast-schema-graph\">{\"@context\":\"https:\/\/schema.org\",\"@graph\":[{\"@type\":\"WebPage\",\"@id\":\"https:\/\/herniamesh.com\/es\/agujas-introductoras\/aguja-transvaginal\/\",\"url\":\"https:\/\/herniamesh.com\/es\/agujas-introductoras\/aguja-transvaginal\/\",\"name\":\"Aguja transvaginal - Herniamesh | Dispositivi medici per l&#039;ernioplastica inguinale ed addominale\",\"isPartOf\":{\"@id\":\"https:\/\/herniamesh.com\/#website\"},\"primaryImageOfPage\":{\"@id\":\"https:\/\/herniamesh.com\/es\/agujas-introductoras\/aguja-transvaginal\/#primaryimage\"},\"image\":{\"@id\":\"https:\/\/herniamesh.com\/es\/agujas-introductoras\/aguja-transvaginal\/#primaryimage\"},\"thumbnailUrl\":\"https:\/\/herniamesh.com\/wp-content\/uploads\/2022\/03\/Herniamesh_0003_ago-transvag.jpg\",\"datePublished\":\"2022-03-04T13:26:55+00:00\",\"dateModified\":\"2024-07-02T09:16:03+00:00\",\"breadcrumb\":{\"@id\":\"https:\/\/herniamesh.com\/es\/agujas-introductoras\/aguja-transvaginal\/#breadcrumb\"},\"inLanguage\":\"es\",\"potentialAction\":[{\"@type\":\"ReadAction\",\"target\":[\"https:\/\/herniamesh.com\/es\/agujas-introductoras\/aguja-transvaginal\/\"]}]},{\"@type\":\"ImageObject\",\"inLanguage\":\"es\",\"@id\":\"https:\/\/herniamesh.com\/es\/agujas-introductoras\/aguja-transvaginal\/#primaryimage\",\"url\":\"https:\/\/herniamesh.com\/wp-content\/uploads\/2022\/03\/Herniamesh_0003_ago-transvag.jpg\",\"contentUrl\":\"https:\/\/herniamesh.com\/wp-content\/uploads\/2022\/03\/Herniamesh_0003_ago-transvag.jpg\",\"width\":1080,\"height\":1080},{\"@type\":\"BreadcrumbList\",\"@id\":\"https:\/\/herniamesh.com\/es\/agujas-introductoras\/aguja-transvaginal\/#breadcrumb\",\"itemListElement\":[{\"@type\":\"ListItem\",\"position\":1,\"name\":\"Home\",\"item\":\"https:\/\/herniamesh.com\/es\/\"},{\"@type\":\"ListItem\",\"position\":2,\"name\":\"Shop\",\"item\":\"https:\/\/herniamesh.com\/negozio\/\"},{\"@type\":\"ListItem\",\"position\":3,\"name\":\"Aguja transvaginal\"}]},{\"@type\":\"WebSite\",\"@id\":\"https:\/\/herniamesh.com\/#website\",\"url\":\"https:\/\/herniamesh.com\/\",\"name\":\"Herniamesh | Dispositivi medici per l&#039;ernioplastica inguinale ed addominale\",\"description\":\"Tecnologia al servizio della salute\",\"potentialAction\":[{\"@type\":\"SearchAction\",\"target\":{\"@type\":\"EntryPoint\",\"urlTemplate\":\"https:\/\/herniamesh.com\/?s={search_term_string}\"},\"query-input\":{\"@type\":\"PropertyValueSpecification\",\"valueRequired\":true,\"valueName\":\"search_term_string\"}}],\"inLanguage\":\"es\"}]}<\/script>\n<!-- \/ Yoast SEO plugin. -->","yoast_head_json":{"title":"Aguja transvaginal - Herniamesh | Dispositivi medici per l&#039;ernioplastica inguinale ed addominale","robots":{"index":"index","follow":"follow","max-snippet":"max-snippet:-1","max-image-preview":"max-image-preview:large","max-video-preview":"max-video-preview:-1"},"canonical":"https:\/\/herniamesh.com\/es\/agujas-introductoras\/aguja-transvaginal\/","og_locale":"es_ES","og_type":"article","og_title":"Aguja transvaginal - Herniamesh | Dispositivi medici per l&#039;ernioplastica inguinale ed addominale","og_description":"Se utiliza, en intervenciones quir\u00fargicas, para colocar las pr\u00f3tesis T-Sling\u00aePP, con abordaje transvaginal, es decir, desde la incisi\u00f3n vaginal hasta la pared abdominal.  Fabricadas con Acero inoxidable, con mango ergon\u00f3mico de Aluminio, est\u00e1n provistas de ojo cerrado para el enganche de las suturas premontadas en la pr\u00f3tesis.  Vendido no esterilizado; esterilizable en autoclave, vapor u \u00f3xido de Etileno.","og_url":"https:\/\/herniamesh.com\/es\/agujas-introductoras\/aguja-transvaginal\/","og_site_name":"Herniamesh | Dispositivi medici per l&#039;ernioplastica inguinale ed addominale","article_modified_time":"2024-07-02T09:16:03+00:00","og_image":[{"width":1080,"height":1080,"url":"https:\/\/herniamesh.com\/wp-content\/uploads\/2022\/03\/Herniamesh_0003_ago-transvag.jpg","type":"image\/jpeg"}],"twitter_card":"summary_large_image","twitter_misc":{"Tiempo de lectura":"1 minuto"},"schema":{"@context":"https:\/\/schema.org","@graph":[{"@type":"WebPage","@id":"https:\/\/herniamesh.com\/es\/agujas-introductoras\/aguja-transvaginal\/","url":"https:\/\/herniamesh.com\/es\/agujas-introductoras\/aguja-transvaginal\/","name":"Aguja transvaginal - Herniamesh | Dispositivi medici per l&#039;ernioplastica inguinale ed addominale","isPartOf":{"@id":"https:\/\/herniamesh.com\/#website"},"primaryImageOfPage":{"@id":"https:\/\/herniamesh.com\/es\/agujas-introductoras\/aguja-transvaginal\/#primaryimage"},"image":{"@id":"https:\/\/herniamesh.com\/es\/agujas-introductoras\/aguja-transvaginal\/#primaryimage"},"thumbnailUrl":"https:\/\/herniamesh.com\/wp-content\/uploads\/2022\/03\/Herniamesh_0003_ago-transvag.jpg","datePublished":"2022-03-04T13:26:55+00:00","dateModified":"2024-07-02T09:16:03+00:00","breadcrumb":{"@id":"https:\/\/herniamesh.com\/es\/agujas-introductoras\/aguja-transvaginal\/#breadcrumb"},"inLanguage":"es","potentialAction":[{"@type":"ReadAction","target":["https:\/\/herniamesh.com\/es\/agujas-introductoras\/aguja-transvaginal\/"]}]},{"@type":"ImageObject","inLanguage":"es","@id":"https:\/\/herniamesh.com\/es\/agujas-introductoras\/aguja-transvaginal\/#primaryimage","url":"https:\/\/herniamesh.com\/wp-content\/uploads\/2022\/03\/Herniamesh_0003_ago-transvag.jpg","contentUrl":"https:\/\/herniamesh.com\/wp-content\/uploads\/2022\/03\/Herniamesh_0003_ago-transvag.jpg","width":1080,"height":1080},{"@type":"BreadcrumbList","@id":"https:\/\/herniamesh.com\/es\/agujas-introductoras\/aguja-transvaginal\/#breadcrumb","itemListElement":[{"@type":"ListItem","position":1,"name":"Home","item":"https:\/\/herniamesh.com\/es\/"},{"@type":"ListItem","position":2,"name":"Shop","item":"https:\/\/herniamesh.com\/negozio\/"},{"@type":"ListItem","position":3,"name":"Aguja transvaginal"}]},{"@type":"WebSite","@id":"https:\/\/herniamesh.com\/#website","url":"https:\/\/herniamesh.com\/","name":"Herniamesh | Dispositivi medici per l&#039;ernioplastica inguinale ed addominale","description":"Tecnologia al servizio della salute","potentialAction":[{"@type":"SearchAction","target":{"@type":"EntryPoint","urlTemplate":"https:\/\/herniamesh.com\/?s={search_term_string}"},"query-input":{"@type":"PropertyValueSpecification","valueRequired":true,"valueName":"search_term_string"}}],"inLanguage":"es"}]}},"_links":{"self":[{"href":"https:\/\/herniamesh.com\/es\/wp-json\/wp\/v2\/product\/258163","targetHints":{"allow":["GET"]}}],"collection":[{"href":"https:\/\/herniamesh.com\/es\/wp-json\/wp\/v2\/product"}],"about":[{"href":"https:\/\/herniamesh.com\/es\/wp-json\/wp\/v2\/types\/product"}],"wp:featuredmedia":[{"embeddable":true,"href":"https:\/\/herniamesh.com\/es\/wp-json\/wp\/v2\/media\/258027"}],"wp:attachment":[{"href":"https:\/\/herniamesh.com\/es\/wp-json\/wp\/v2\/media?parent=258163"}],"wp:term":[{"taxonomy":"product_brand","embeddable":true,"href":"https:\/\/herniamesh.com\/es\/wp-json\/wp\/v2\/product_brand?post=258163"},{"taxonomy":"product_cat","embeddable":true,"href":"https:\/\/herniamesh.com\/es\/wp-json\/wp\/v2\/product_cat?post=258163"},{"taxonomy":"product_tag","embeddable":true,"href":"https:\/\/herniamesh.com\/es\/wp-json\/wp\/v2\/product_tag?post=258163"}],"curies":[{"name":"wp","href":"https:\/\/api.w.org\/{rel}","templated":true}]}}