{"id":260998,"date":"2023-11-03T14:46:02","date_gmt":"2023-11-03T13:46:02","guid":{"rendered":"https:\/\/herniamesh.com\/?post_type=product&#038;p=260998"},"modified":"2023-11-17T11:43:42","modified_gmt":"2023-11-17T10:43:42","slug":"pelvimesh-posterior","status":"publish","type":"product","link":"https:\/\/herniamesh.com\/es\/pelvimesh-es\/pelvimesh-posterior\/","title":{"rendered":"PELVIMESH\u00ae posterior"},"content":{"rendered":"","protected":false},"excerpt":{"rendered":"<p>La pr\u00f3tesis<strong> Pelvimesh\u00ae posterior<\/strong> est\u00e1 dise\u00f1ada para el tratamiento del rectocele y de la c\u00fapula vaginal.<\/p>\n<p><strong>Pelvimesh\u00ae posterior<\/strong> es una pr\u00f3tesis de tejido cuatriaxial, constituida por un cuerpo central de forma rectangular, del que parten dos bandas laterales en la parte superior, equipadas con vainas protectoras y suturas de lazo premontadas para su inserci\u00f3n en el ojo de las agujas introductoras Herniamesh.<\/p>\n<p><strong>Pelvimesh\u00ae posterior<\/strong> est\u00e1 disponible en dos versiones con caracter\u00edsticas f\u00edsico-mec\u00e1nicas diferentes y se coloca con la aguja transgl\u00fatea reesterilizable Herniamesh a trav\u00e9s del doble pasaje posterior transgl\u00fateo.<\/p>\n","protected":false},"featured_media":261001,"template":"","meta":{"_et_pb_use_builder":"","_et_pb_old_content":"","_et_gb_content_width":""},"product_brand":[],"product_cat":[60,79],"product_tag":[],"class_list":{"0":"post-260998","1":"product","2":"type-product","3":"status-publish","4":"has-post-thumbnail","6":"product_cat-incontinencia-urinaria-femenina-y-prolapso-del-suelo-pelvico","7":"product_cat-pelvimesh-es","9":"first","10":"instock","11":"shipping-taxable","12":"product-type-simple"},"yoast_head":"<!-- This site is optimized with the Yoast SEO plugin v26.5 - https:\/\/yoast.com\/wordpress\/plugins\/seo\/ -->\n<title>PELVIMESH\u00ae posterior - Herniamesh | Dispositivi medici per l&#039;ernioplastica inguinale ed addominale<\/title>\n<meta name=\"robots\" content=\"index, follow, max-snippet:-1, max-image-preview:large, max-video-preview:-1\" \/>\n<link rel=\"canonical\" href=\"https:\/\/herniamesh.com\/pelvimesh\/pelvimesh-posterior\/\" \/>\n<meta property=\"og:locale\" content=\"es_ES\" \/>\n<meta property=\"og:type\" content=\"article\" \/>\n<meta property=\"og:title\" content=\"PELVIMESH\u00ae posterior - Herniamesh | Dispositivi medici per l&#039;ernioplastica inguinale ed addominale\" \/>\n<meta property=\"og:description\" content=\"La pr\u00f3tesis Pelvimesh\u00ae posterior est\u00e1 dise\u00f1ada para el tratamiento del rectocele y de la c\u00fapula vaginal. Pelvimesh\u00ae posterior es una pr\u00f3tesis de tejido cuatriaxial, constituida por un cuerpo central de forma rectangular, del que parten dos bandas laterales en la parte superior, equipadas con vainas protectoras y suturas de lazo premontadas para su inserci\u00f3n en el ojo de las agujas introductoras Herniamesh. Pelvimesh\u00ae posterior est\u00e1 disponible en dos versiones con caracter\u00edsticas f\u00edsico-mec\u00e1nicas diferentes y se coloca con la aguja transgl\u00fatea reesterilizable Herniamesh a trav\u00e9s del doble pasaje posterior transgl\u00fateo.\" \/>\n<meta property=\"og:url\" content=\"https:\/\/herniamesh.com\/pelvimesh\/pelvimesh-posterior\/\" \/>\n<meta property=\"og:site_name\" content=\"Herniamesh | Dispositivi medici per l&#039;ernioplastica inguinale ed addominale\" \/>\n<meta property=\"article:modified_time\" content=\"2023-11-17T10:43:42+00:00\" \/>\n<meta property=\"og:image\" content=\"https:\/\/herniamesh.com\/wp-content\/uploads\/2023\/11\/pelvimesh-posterior1.jpg\" \/>\n\t<meta property=\"og:image:width\" content=\"1080\" \/>\n\t<meta property=\"og:image:height\" content=\"1080\" \/>\n\t<meta property=\"og:image:type\" content=\"image\/jpeg\" \/>\n<meta name=\"twitter:card\" content=\"summary_large_image\" \/>\n<script type=\"application\/ld+json\" class=\"yoast-schema-graph\">{\"@context\":\"https:\/\/schema.org\",\"@graph\":[{\"@type\":\"WebPage\",\"@id\":\"https:\/\/herniamesh.com\/pelvimesh\/pelvimesh-posterior\/\",\"url\":\"https:\/\/herniamesh.com\/pelvimesh\/pelvimesh-posterior\/\",\"name\":\"PELVIMESH\u00ae posterior - Herniamesh | Dispositivi medici per l&#039;ernioplastica inguinale ed addominale\",\"isPartOf\":{\"@id\":\"https:\/\/herniamesh.com\/#website\"},\"primaryImageOfPage\":{\"@id\":\"https:\/\/herniamesh.com\/pelvimesh\/pelvimesh-posterior\/#primaryimage\"},\"image\":{\"@id\":\"https:\/\/herniamesh.com\/pelvimesh\/pelvimesh-posterior\/#primaryimage\"},\"thumbnailUrl\":\"https:\/\/herniamesh.com\/wp-content\/uploads\/2023\/11\/pelvimesh-posterior1.jpg\",\"datePublished\":\"2023-11-03T13:46:02+00:00\",\"dateModified\":\"2023-11-17T10:43:42+00:00\",\"breadcrumb\":{\"@id\":\"https:\/\/herniamesh.com\/pelvimesh\/pelvimesh-posterior\/#breadcrumb\"},\"inLanguage\":\"es\",\"potentialAction\":[{\"@type\":\"ReadAction\",\"target\":[\"https:\/\/herniamesh.com\/pelvimesh\/pelvimesh-posterior\/\"]}]},{\"@type\":\"ImageObject\",\"inLanguage\":\"es\",\"@id\":\"https:\/\/herniamesh.com\/pelvimesh\/pelvimesh-posterior\/#primaryimage\",\"url\":\"https:\/\/herniamesh.com\/wp-content\/uploads\/2023\/11\/pelvimesh-posterior1.jpg\",\"contentUrl\":\"https:\/\/herniamesh.com\/wp-content\/uploads\/2023\/11\/pelvimesh-posterior1.jpg\",\"width\":1080,\"height\":1080},{\"@type\":\"BreadcrumbList\",\"@id\":\"https:\/\/herniamesh.com\/pelvimesh\/pelvimesh-posterior\/#breadcrumb\",\"itemListElement\":[{\"@type\":\"ListItem\",\"position\":1,\"name\":\"Home\",\"item\":\"https:\/\/herniamesh.com\/es\/\"},{\"@type\":\"ListItem\",\"position\":2,\"name\":\"Shop\",\"item\":\"https:\/\/herniamesh.com\/negozio\/\"},{\"@type\":\"ListItem\",\"position\":3,\"name\":\"PELVIMESH\u00ae posterior\"}]},{\"@type\":\"WebSite\",\"@id\":\"https:\/\/herniamesh.com\/#website\",\"url\":\"https:\/\/herniamesh.com\/\",\"name\":\"Herniamesh | Dispositivi medici per l&#039;ernioplastica inguinale ed addominale\",\"description\":\"Tecnologia al servizio della salute\",\"potentialAction\":[{\"@type\":\"SearchAction\",\"target\":{\"@type\":\"EntryPoint\",\"urlTemplate\":\"https:\/\/herniamesh.com\/?s={search_term_string}\"},\"query-input\":{\"@type\":\"PropertyValueSpecification\",\"valueRequired\":true,\"valueName\":\"search_term_string\"}}],\"inLanguage\":\"es\"}]}<\/script>\n<!-- \/ Yoast SEO plugin. -->","yoast_head_json":{"title":"PELVIMESH\u00ae posterior - Herniamesh | Dispositivi medici per l&#039;ernioplastica inguinale ed addominale","robots":{"index":"index","follow":"follow","max-snippet":"max-snippet:-1","max-image-preview":"max-image-preview:large","max-video-preview":"max-video-preview:-1"},"canonical":"https:\/\/herniamesh.com\/pelvimesh\/pelvimesh-posterior\/","og_locale":"es_ES","og_type":"article","og_title":"PELVIMESH\u00ae posterior - Herniamesh | Dispositivi medici per l&#039;ernioplastica inguinale ed addominale","og_description":"La pr\u00f3tesis Pelvimesh\u00ae posterior est\u00e1 dise\u00f1ada para el tratamiento del rectocele y de la c\u00fapula vaginal. Pelvimesh\u00ae posterior es una pr\u00f3tesis de tejido cuatriaxial, constituida por un cuerpo central de forma rectangular, del que parten dos bandas laterales en la parte superior, equipadas con vainas protectoras y suturas de lazo premontadas para su inserci\u00f3n en el ojo de las agujas introductoras Herniamesh. Pelvimesh\u00ae posterior est\u00e1 disponible en dos versiones con caracter\u00edsticas f\u00edsico-mec\u00e1nicas diferentes y se coloca con la aguja transgl\u00fatea reesterilizable Herniamesh a trav\u00e9s del doble pasaje posterior transgl\u00fateo.","og_url":"https:\/\/herniamesh.com\/pelvimesh\/pelvimesh-posterior\/","og_site_name":"Herniamesh | Dispositivi medici per l&#039;ernioplastica inguinale ed addominale","article_modified_time":"2023-11-17T10:43:42+00:00","og_image":[{"width":1080,"height":1080,"url":"https:\/\/herniamesh.com\/wp-content\/uploads\/2023\/11\/pelvimesh-posterior1.jpg","type":"image\/jpeg"}],"twitter_card":"summary_large_image","schema":{"@context":"https:\/\/schema.org","@graph":[{"@type":"WebPage","@id":"https:\/\/herniamesh.com\/pelvimesh\/pelvimesh-posterior\/","url":"https:\/\/herniamesh.com\/pelvimesh\/pelvimesh-posterior\/","name":"PELVIMESH\u00ae posterior - Herniamesh | Dispositivi medici per l&#039;ernioplastica inguinale ed addominale","isPartOf":{"@id":"https:\/\/herniamesh.com\/#website"},"primaryImageOfPage":{"@id":"https:\/\/herniamesh.com\/pelvimesh\/pelvimesh-posterior\/#primaryimage"},"image":{"@id":"https:\/\/herniamesh.com\/pelvimesh\/pelvimesh-posterior\/#primaryimage"},"thumbnailUrl":"https:\/\/herniamesh.com\/wp-content\/uploads\/2023\/11\/pelvimesh-posterior1.jpg","datePublished":"2023-11-03T13:46:02+00:00","dateModified":"2023-11-17T10:43:42+00:00","breadcrumb":{"@id":"https:\/\/herniamesh.com\/pelvimesh\/pelvimesh-posterior\/#breadcrumb"},"inLanguage":"es","potentialAction":[{"@type":"ReadAction","target":["https:\/\/herniamesh.com\/pelvimesh\/pelvimesh-posterior\/"]}]},{"@type":"ImageObject","inLanguage":"es","@id":"https:\/\/herniamesh.com\/pelvimesh\/pelvimesh-posterior\/#primaryimage","url":"https:\/\/herniamesh.com\/wp-content\/uploads\/2023\/11\/pelvimesh-posterior1.jpg","contentUrl":"https:\/\/herniamesh.com\/wp-content\/uploads\/2023\/11\/pelvimesh-posterior1.jpg","width":1080,"height":1080},{"@type":"BreadcrumbList","@id":"https:\/\/herniamesh.com\/pelvimesh\/pelvimesh-posterior\/#breadcrumb","itemListElement":[{"@type":"ListItem","position":1,"name":"Home","item":"https:\/\/herniamesh.com\/es\/"},{"@type":"ListItem","position":2,"name":"Shop","item":"https:\/\/herniamesh.com\/negozio\/"},{"@type":"ListItem","position":3,"name":"PELVIMESH\u00ae posterior"}]},{"@type":"WebSite","@id":"https:\/\/herniamesh.com\/#website","url":"https:\/\/herniamesh.com\/","name":"Herniamesh | Dispositivi medici per l&#039;ernioplastica inguinale ed addominale","description":"Tecnologia al servizio della salute","potentialAction":[{"@type":"SearchAction","target":{"@type":"EntryPoint","urlTemplate":"https:\/\/herniamesh.com\/?s={search_term_string}"},"query-input":{"@type":"PropertyValueSpecification","valueRequired":true,"valueName":"search_term_string"}}],"inLanguage":"es"}]}},"_links":{"self":[{"href":"https:\/\/herniamesh.com\/es\/wp-json\/wp\/v2\/product\/260998","targetHints":{"allow":["GET"]}}],"collection":[{"href":"https:\/\/herniamesh.com\/es\/wp-json\/wp\/v2\/product"}],"about":[{"href":"https:\/\/herniamesh.com\/es\/wp-json\/wp\/v2\/types\/product"}],"wp:featuredmedia":[{"embeddable":true,"href":"https:\/\/herniamesh.com\/es\/wp-json\/wp\/v2\/media\/261001"}],"wp:attachment":[{"href":"https:\/\/herniamesh.com\/es\/wp-json\/wp\/v2\/media?parent=260998"}],"wp:term":[{"taxonomy":"product_brand","embeddable":true,"href":"https:\/\/herniamesh.com\/es\/wp-json\/wp\/v2\/product_brand?post=260998"},{"taxonomy":"product_cat","embeddable":true,"href":"https:\/\/herniamesh.com\/es\/wp-json\/wp\/v2\/product_cat?post=260998"},{"taxonomy":"product_tag","embeddable":true,"href":"https:\/\/herniamesh.com\/es\/wp-json\/wp\/v2\/product_tag?post=260998"}],"curies":[{"name":"wp","href":"https:\/\/api.w.org\/{rel}","templated":true}]}}