{"id":261061,"date":"2023-11-06T11:25:45","date_gmt":"2023-11-06T10:25:45","guid":{"rendered":"https:\/\/herniamesh.com\/?post_type=product&#038;p=261061"},"modified":"2024-07-02T23:22:28","modified_gmt":"2024-07-02T21:22:28","slug":"aguja-transglutea","status":"publish","type":"product","link":"https:\/\/herniamesh.com\/es\/agujas-introductoras\/aguja-transglutea\/","title":{"rendered":"Aguja transgl\u00fatea"},"content":{"rendered":"","protected":false},"excerpt":{"rendered":"<p>Se utiliza, en intervenciones quir\u00fargicas, para la colocaci\u00f3n de pr\u00f3tesis <strong>Pelvimesh\u00ae posterior<\/strong>, con abordaje transgl\u00fateo, es decir, desde la incisi\u00f3n gl\u00fatea (a 3 cm del borde anal y 3 cm inferiormente) hasta la incisi\u00f3n vaginal.<\/p>\n<p>Fabricado en Acero inoxidable, con un mango ergon\u00f3mico de Aluminio, tiene un ojo cerrado para fijar suturas premontadas a la pr\u00f3tesis.<\/p>\n<p>Vendido no esterilizado; esterilizable en autoclave, vapor u \u00f3xido de Etileno.<\/p>\n","protected":false},"featured_media":258027,"template":"","meta":{"_et_pb_use_builder":"","_et_pb_old_content":"","_et_gb_content_width":""},"product_brand":[],"product_cat":[60,62],"product_tag":[],"class_list":{"0":"post-261061","1":"product","2":"type-product","3":"status-publish","4":"has-post-thumbnail","6":"product_cat-incontinencia-urinaria-femenina-y-prolapso-del-suelo-pelvico","7":"product_cat-agujas-introductoras","9":"first","10":"instock","11":"shipping-taxable","12":"product-type-simple"},"yoast_head":"<!-- This site is optimized with the Yoast SEO plugin v26.5 - https:\/\/yoast.com\/wordpress\/plugins\/seo\/ -->\n<title>Aguja transgl\u00fatea - Herniamesh | Dispositivi medici per l&#039;ernioplastica inguinale ed addominale<\/title>\n<meta name=\"robots\" content=\"index, follow, max-snippet:-1, max-image-preview:large, max-video-preview:-1\" \/>\n<link rel=\"canonical\" href=\"https:\/\/herniamesh.com\/es\/agujas-introductoras\/aguja-transglutea\/\" \/>\n<meta property=\"og:locale\" content=\"es_ES\" \/>\n<meta property=\"og:type\" content=\"article\" \/>\n<meta property=\"og:title\" content=\"Aguja transgl\u00fatea - Herniamesh | Dispositivi medici per l&#039;ernioplastica inguinale ed addominale\" \/>\n<meta property=\"og:description\" content=\"Se utiliza, en intervenciones quir\u00fargicas, para la colocaci\u00f3n de pr\u00f3tesis Pelvimesh\u00ae posterior, con abordaje transgl\u00fateo, es decir, desde la incisi\u00f3n gl\u00fatea (a 3 cm del borde anal y 3 cm inferiormente) hasta la incisi\u00f3n vaginal.  Fabricado en Acero inoxidable, con un mango ergon\u00f3mico de Aluminio, tiene un ojo cerrado para fijar suturas premontadas a la pr\u00f3tesis.  Vendido no esterilizado; esterilizable en autoclave, vapor u \u00f3xido de Etileno.\" \/>\n<meta property=\"og:url\" content=\"https:\/\/herniamesh.com\/es\/agujas-introductoras\/aguja-transglutea\/\" \/>\n<meta property=\"og:site_name\" content=\"Herniamesh | Dispositivi medici per l&#039;ernioplastica inguinale ed addominale\" \/>\n<meta property=\"article:modified_time\" content=\"2024-07-02T21:22:28+00:00\" \/>\n<meta property=\"og:image\" content=\"https:\/\/herniamesh.com\/wp-content\/uploads\/2022\/03\/Herniamesh_0003_ago-transvag.jpg\" \/>\n\t<meta property=\"og:image:width\" content=\"1080\" \/>\n\t<meta property=\"og:image:height\" content=\"1080\" \/>\n\t<meta property=\"og:image:type\" content=\"image\/jpeg\" \/>\n<meta name=\"twitter:card\" content=\"summary_large_image\" \/>\n<meta name=\"twitter:label1\" content=\"Tiempo de lectura\" \/>\n\t<meta name=\"twitter:data1\" content=\"1 minuto\" \/>\n<script type=\"application\/ld+json\" class=\"yoast-schema-graph\">{\"@context\":\"https:\/\/schema.org\",\"@graph\":[{\"@type\":\"WebPage\",\"@id\":\"https:\/\/herniamesh.com\/es\/agujas-introductoras\/aguja-transglutea\/\",\"url\":\"https:\/\/herniamesh.com\/es\/agujas-introductoras\/aguja-transglutea\/\",\"name\":\"Aguja transgl\u00fatea - Herniamesh | Dispositivi medici per l&#039;ernioplastica inguinale ed addominale\",\"isPartOf\":{\"@id\":\"https:\/\/herniamesh.com\/#website\"},\"primaryImageOfPage\":{\"@id\":\"https:\/\/herniamesh.com\/es\/agujas-introductoras\/aguja-transglutea\/#primaryimage\"},\"image\":{\"@id\":\"https:\/\/herniamesh.com\/es\/agujas-introductoras\/aguja-transglutea\/#primaryimage\"},\"thumbnailUrl\":\"https:\/\/herniamesh.com\/wp-content\/uploads\/2022\/03\/Herniamesh_0003_ago-transvag.jpg\",\"datePublished\":\"2023-11-06T10:25:45+00:00\",\"dateModified\":\"2024-07-02T21:22:28+00:00\",\"breadcrumb\":{\"@id\":\"https:\/\/herniamesh.com\/es\/agujas-introductoras\/aguja-transglutea\/#breadcrumb\"},\"inLanguage\":\"es\",\"potentialAction\":[{\"@type\":\"ReadAction\",\"target\":[\"https:\/\/herniamesh.com\/es\/agujas-introductoras\/aguja-transglutea\/\"]}]},{\"@type\":\"ImageObject\",\"inLanguage\":\"es\",\"@id\":\"https:\/\/herniamesh.com\/es\/agujas-introductoras\/aguja-transglutea\/#primaryimage\",\"url\":\"https:\/\/herniamesh.com\/wp-content\/uploads\/2022\/03\/Herniamesh_0003_ago-transvag.jpg\",\"contentUrl\":\"https:\/\/herniamesh.com\/wp-content\/uploads\/2022\/03\/Herniamesh_0003_ago-transvag.jpg\",\"width\":1080,\"height\":1080},{\"@type\":\"BreadcrumbList\",\"@id\":\"https:\/\/herniamesh.com\/es\/agujas-introductoras\/aguja-transglutea\/#breadcrumb\",\"itemListElement\":[{\"@type\":\"ListItem\",\"position\":1,\"name\":\"Home\",\"item\":\"https:\/\/herniamesh.com\/es\/\"},{\"@type\":\"ListItem\",\"position\":2,\"name\":\"Shop\",\"item\":\"https:\/\/herniamesh.com\/negozio\/\"},{\"@type\":\"ListItem\",\"position\":3,\"name\":\"Aguja transgl\u00fatea\"}]},{\"@type\":\"WebSite\",\"@id\":\"https:\/\/herniamesh.com\/#website\",\"url\":\"https:\/\/herniamesh.com\/\",\"name\":\"Herniamesh | Dispositivi medici per l&#039;ernioplastica inguinale ed addominale\",\"description\":\"Tecnologia al servizio della salute\",\"potentialAction\":[{\"@type\":\"SearchAction\",\"target\":{\"@type\":\"EntryPoint\",\"urlTemplate\":\"https:\/\/herniamesh.com\/?s={search_term_string}\"},\"query-input\":{\"@type\":\"PropertyValueSpecification\",\"valueRequired\":true,\"valueName\":\"search_term_string\"}}],\"inLanguage\":\"es\"}]}<\/script>\n<!-- \/ Yoast SEO plugin. -->","yoast_head_json":{"title":"Aguja transgl\u00fatea - Herniamesh | Dispositivi medici per l&#039;ernioplastica inguinale ed addominale","robots":{"index":"index","follow":"follow","max-snippet":"max-snippet:-1","max-image-preview":"max-image-preview:large","max-video-preview":"max-video-preview:-1"},"canonical":"https:\/\/herniamesh.com\/es\/agujas-introductoras\/aguja-transglutea\/","og_locale":"es_ES","og_type":"article","og_title":"Aguja transgl\u00fatea - Herniamesh | Dispositivi medici per l&#039;ernioplastica inguinale ed addominale","og_description":"Se utiliza, en intervenciones quir\u00fargicas, para la colocaci\u00f3n de pr\u00f3tesis Pelvimesh\u00ae posterior, con abordaje transgl\u00fateo, es decir, desde la incisi\u00f3n gl\u00fatea (a 3 cm del borde anal y 3 cm inferiormente) hasta la incisi\u00f3n vaginal.  Fabricado en Acero inoxidable, con un mango ergon\u00f3mico de Aluminio, tiene un ojo cerrado para fijar suturas premontadas a la pr\u00f3tesis.  Vendido no esterilizado; esterilizable en autoclave, vapor u \u00f3xido de Etileno.","og_url":"https:\/\/herniamesh.com\/es\/agujas-introductoras\/aguja-transglutea\/","og_site_name":"Herniamesh | Dispositivi medici per l&#039;ernioplastica inguinale ed addominale","article_modified_time":"2024-07-02T21:22:28+00:00","og_image":[{"width":1080,"height":1080,"url":"https:\/\/herniamesh.com\/wp-content\/uploads\/2022\/03\/Herniamesh_0003_ago-transvag.jpg","type":"image\/jpeg"}],"twitter_card":"summary_large_image","twitter_misc":{"Tiempo de lectura":"1 minuto"},"schema":{"@context":"https:\/\/schema.org","@graph":[{"@type":"WebPage","@id":"https:\/\/herniamesh.com\/es\/agujas-introductoras\/aguja-transglutea\/","url":"https:\/\/herniamesh.com\/es\/agujas-introductoras\/aguja-transglutea\/","name":"Aguja transgl\u00fatea - Herniamesh | Dispositivi medici per l&#039;ernioplastica inguinale ed addominale","isPartOf":{"@id":"https:\/\/herniamesh.com\/#website"},"primaryImageOfPage":{"@id":"https:\/\/herniamesh.com\/es\/agujas-introductoras\/aguja-transglutea\/#primaryimage"},"image":{"@id":"https:\/\/herniamesh.com\/es\/agujas-introductoras\/aguja-transglutea\/#primaryimage"},"thumbnailUrl":"https:\/\/herniamesh.com\/wp-content\/uploads\/2022\/03\/Herniamesh_0003_ago-transvag.jpg","datePublished":"2023-11-06T10:25:45+00:00","dateModified":"2024-07-02T21:22:28+00:00","breadcrumb":{"@id":"https:\/\/herniamesh.com\/es\/agujas-introductoras\/aguja-transglutea\/#breadcrumb"},"inLanguage":"es","potentialAction":[{"@type":"ReadAction","target":["https:\/\/herniamesh.com\/es\/agujas-introductoras\/aguja-transglutea\/"]}]},{"@type":"ImageObject","inLanguage":"es","@id":"https:\/\/herniamesh.com\/es\/agujas-introductoras\/aguja-transglutea\/#primaryimage","url":"https:\/\/herniamesh.com\/wp-content\/uploads\/2022\/03\/Herniamesh_0003_ago-transvag.jpg","contentUrl":"https:\/\/herniamesh.com\/wp-content\/uploads\/2022\/03\/Herniamesh_0003_ago-transvag.jpg","width":1080,"height":1080},{"@type":"BreadcrumbList","@id":"https:\/\/herniamesh.com\/es\/agujas-introductoras\/aguja-transglutea\/#breadcrumb","itemListElement":[{"@type":"ListItem","position":1,"name":"Home","item":"https:\/\/herniamesh.com\/es\/"},{"@type":"ListItem","position":2,"name":"Shop","item":"https:\/\/herniamesh.com\/negozio\/"},{"@type":"ListItem","position":3,"name":"Aguja transgl\u00fatea"}]},{"@type":"WebSite","@id":"https:\/\/herniamesh.com\/#website","url":"https:\/\/herniamesh.com\/","name":"Herniamesh | Dispositivi medici per l&#039;ernioplastica inguinale ed addominale","description":"Tecnologia al servizio della salute","potentialAction":[{"@type":"SearchAction","target":{"@type":"EntryPoint","urlTemplate":"https:\/\/herniamesh.com\/?s={search_term_string}"},"query-input":{"@type":"PropertyValueSpecification","valueRequired":true,"valueName":"search_term_string"}}],"inLanguage":"es"}]}},"_links":{"self":[{"href":"https:\/\/herniamesh.com\/es\/wp-json\/wp\/v2\/product\/261061","targetHints":{"allow":["GET"]}}],"collection":[{"href":"https:\/\/herniamesh.com\/es\/wp-json\/wp\/v2\/product"}],"about":[{"href":"https:\/\/herniamesh.com\/es\/wp-json\/wp\/v2\/types\/product"}],"wp:featuredmedia":[{"embeddable":true,"href":"https:\/\/herniamesh.com\/es\/wp-json\/wp\/v2\/media\/258027"}],"wp:attachment":[{"href":"https:\/\/herniamesh.com\/es\/wp-json\/wp\/v2\/media?parent=261061"}],"wp:term":[{"taxonomy":"product_brand","embeddable":true,"href":"https:\/\/herniamesh.com\/es\/wp-json\/wp\/v2\/product_brand?post=261061"},{"taxonomy":"product_cat","embeddable":true,"href":"https:\/\/herniamesh.com\/es\/wp-json\/wp\/v2\/product_cat?post=261061"},{"taxonomy":"product_tag","embeddable":true,"href":"https:\/\/herniamesh.com\/es\/wp-json\/wp\/v2\/product_tag?post=261061"}],"curies":[{"name":"wp","href":"https:\/\/api.w.org\/{rel}","templated":true}]}}