{"id":261624,"date":"2022-05-04T10:45:38","date_gmt":"2022-05-04T08:45:38","guid":{"rendered":"https:\/\/herniamesh.com\/%e5%88%9b%e6%96%b0\/"},"modified":"2024-02-29T16:45:14","modified_gmt":"2024-02-29T15:45:14","slug":"%e5%88%9b%e6%96%b0","status":"publish","type":"page","link":"https:\/\/herniamesh.com\/zh-hans\/%e5%88%9b%e6%96%b0\/","title":{"rendered":"\u521b\u65b0"},"content":{"rendered":"<p>[et_pb_section fb_built=&#8221;1&#8243; custom_padding_last_edited=&#8221;on|phone&#8221; _builder_version=&#8221;4.17.5&#8243; _module_preset=&#8221;default&#8221; custom_padding=&#8221;||||false|false&#8221; custom_padding_tablet=&#8221;20px||||false|false&#8221; custom_padding_phone=&#8221;10px||0px||false|false&#8221; global_colors_info=&#8221;{}&#8221;][et_pb_row column_structure=&#8221;1_2,1_2&#8243; _builder_version=&#8221;4.16&#8243; _module_preset=&#8221;default&#8221; global_colors_info=&#8221;{}&#8221;][et_pb_column type=&#8221;1_2&#8243; _builder_version=&#8221;4.16&#8243; _module_preset=&#8221;default&#8221; global_colors_info=&#8221;{}&#8221;][et_pb_text admin_label=&#8221;IL CENTRO RICERCA HERNIAMESH R&#038;D  Dall&#8217;ernioplastica secondo la tecnica Trabucco %22Tension-free, sutureless%22 alle pi\u00f9 recenti protesi che impiegano tecnologie e materiali sempre pi\u00f9 sofisticati in risposta alla domanda di una migliore qualit\u00e0 della vita che i pazienti chiedono alla chirurgia moderna.&#8221; _builder_version=&#8221;4.17.5&#8243; _module_preset=&#8221;default&#8221; text_font=&#8221;|300|||||||&#8221; header_font=&#8221;|600|||||||&#8221; header_text_color=&#8221;#0055A6&#8243; header_font_size=&#8221;37px&#8221; header_font_size_tablet=&#8221;40px&#8221; header_font_size_phone=&#8221;35px&#8221; header_font_size_last_edited=&#8221;on|phone&#8221; global_colors_info=&#8221;{}&#8221;]<\/p>\n<h1>HERNIAMESH \u7814\u53d1\u4e2d\u5fc3<\/h1>\n<p>\u4ece\u4f7f\u7528 Trabucco \u7684\u201c\u65e0\u5f20\u529b\u3001\u65e0\u7f1d\u7ebf\u201d\u6280\u672f\u7684\u759d\u6839\u6cbb\u624b\u672f\uff0c\u5230\u6700\u65b0\u91c7\u7528\u66f4\u5148\u8fdb\u6280\u672f\u548c\u6750\u6599\u7684\u759d\u8865\u7247\uff0c\u6211\u4eec\u81f4\u529b\u4e8e\u6ee1\u8db3\u60a3\u8005\u5bf9\u73b0\u4ee3\u5916\u79d1\u624b\u672f\u7684\u9700\u6c42\uff0c\u63d0\u9ad8\u5176\u751f\u6d3b\u8d28\u91cf\u3002<\/p>\n<p>[\/et_pb_text][\/et_pb_column][et_pb_column type=&#8221;1_2&#8243; _builder_version=&#8221;4.16&#8243; _module_preset=&#8221;default&#8221; global_colors_info=&#8221;{}&#8221;][et_pb_image src=&#8221;https:\/\/herniamesh.com\/wp-content\/uploads\/2022\/02\/laboratorio_herniamesh.jpg&#8221; title_text=&#8221;laboratorio_herniamesh&#8221; _builder_version=&#8221;4.16&#8243; _module_preset=&#8221;default&#8221; global_colors_info=&#8221;{}&#8221;][\/et_pb_image][\/et_pb_column][\/et_pb_row][\/et_pb_section][et_pb_section fb_built=&#8221;1&#8243; custom_padding_last_edited=&#8221;on|phone&#8221; prev_background_color=&#8221;#ffffff&#8221; _builder_version=&#8221;4.16&#8243; _module_preset=&#8221;default&#8221; background_color=&#8221;#f6f6f6&#8243; custom_padding=&#8221;||||false|false&#8221; custom_padding_tablet=&#8221;||||false|false&#8221; custom_padding_phone=&#8221;||10px||false|false&#8221; top_divider_style=&#8221;ramp&#8221; top_divider_flip=&#8221;vertical&#8221; global_colors_info=&#8221;{}&#8221;][et_pb_row use_custom_gutter=&#8221;on&#8221; make_equal=&#8221;on&#8221; _builder_version=&#8221;4.16&#8243; _module_preset=&#8221;default&#8221; custom_css_main_element=&#8221;align-items: center;&#8221; global_colors_info=&#8221;{}&#8221;][et_pb_column type=&#8221;4_4&#8243; _builder_version=&#8221;4.16&#8243; _module_preset=&#8221;default&#8221; global_colors_info=&#8221;{}&#8221;][et_pb_text admin_label=&#8221;Le nuove sfide Il futuro nasce dai cambiamenti del presente  Il mercato \u00e8 in continua evoluzione e le nuove sfide sono quelle di non perdere mai l\u2019attenzione sul mondo, cogliere gli stimoli giusti ed arrivare ad offrire, con responsabilit\u00e0, prodotti innovativi. Il mercato \u00e8 esigente, le aspettative sempre pi\u00f9 elevate ed Herniamesh\u00ae \u00e8 al passo con tempi, tenendo fede alle caratteristiche di efficienza ed efficacia, flessibilit\u00e0 e precisione. L\u2019attenzione e la collaborazione che riserviamo alla comunit\u00e0 scientifica fa parte del nostro bagaglio di valori.&#8221; _builder_version=&#8221;4.17.6&#8243; _module_preset=&#8221;default&#8221; text_font=&#8221;|300|||||||&#8221; header_font=&#8221;|600|||||||&#8221; header_text_color=&#8221;#0055a6&#8243; header_2_font=&#8221;|300||on|||||&#8221; header_2_font_size=&#8221;18px&#8221; text_orientation=&#8221;justified&#8221; header_text_align_tablet=&#8221;&#8221; header_text_align_phone=&#8221;left&#8221; header_text_align_last_edited=&#8221;on|phone&#8221; global_colors_info=&#8221;{}&#8221;]<\/p>\n<h2>\u65b0\u6311\u6218<\/h2>\n<h1>\u6539\u53d8\u5f53\u4e0b\uff0c\u9020\u5c31\u672a\u6765<\/h1>\n<p>\u5e02\u573a\u5728\u4e0d\u65ad\u53d1\u5c55\uff0c\u65b0\u7684\u6311\u6218\u662f\u6c38\u8fdc\u5173\u6ce8\u4e16\u754c\uff0c\u6293\u4f4f\u6bcf\u4e00\u4e2a\u6b63\u786e\u7684\u7075\u611f\uff0c\u5e76\u80fd\u591f\u8d1f\u8d23\u4efb\u5730\u63d0\u4f9b\u521b\u65b0\u4ea7\u54c1\u3002\u5e02\u573a\u9700\u8981\u4f18\u8d28\u7684\u4ea7\u54c1\uff0c\u7528\u6237\u7684\u671f\u671b\u5728\u4e0d\u65ad\u63d0\u9ad8\uff0cHerniamesh\u00ae \u4e0e\u65f6\u4ff1\u8fdb\uff0c\u6ce8\u91cd\u6548\u7387\u548c\u6548\u76ca\u3001\u7075\u6d3b\u6027\u548c\u7cbe\u786e\u6027\u3002<\/p>\n<p>\u5bf9\u79d1\u5b66\u754c\u7684\u5173\u6ce8\u4e0e\u5408\u4f5c\u662f\u6211\u4eec\u4ef7\u503c\u89c2\u7684\u4e00\u90e8\u5206\u3002<\/p>\n<p>[\/et_pb_text][et_pb_blurb title=&#8221;\u76ee\u6807&#8221; use_icon=&#8221;on&#8221; font_icon=&#8221;&#x52;||divi||400&#8243; icon_color=&#8221;#0055A6&#8243; icon_placement=&#8221;left&#8221; image_icon_width=&#8221;25px&#8221; content_max_width=&#8221;1100px&#8221; admin_label=&#8221;Gli obiettivi&#8221; _builder_version=&#8221;4.17.5&#8243; _module_preset=&#8221;default&#8221; header_font=&#8221;||||||||&#8221; header_text_color=&#8221;#0055A6&#8243; body_font=&#8221;|300|||||||&#8221; global_colors_info=&#8221;{}&#8221;]<\/p>\n<p>\u6211\u4eec\u9762\u4e34\u7684\u6311\u6218\u662f\u4e3a\u5916\u79d1\u533b\u751f\u63d0\u4f9b\u53ef\u4ee5\u6700\u5927\u7a0b\u5ea6\u5b89\u5168\u4f7f\u7528\u7684\u4ea7\u54c1\uff0c\u5728\u4f7f\u7528 Herniamesh\u00ae \u65b9\u9762\u79ef\u7d2f\u4e30\u5bcc\u7684\u7ecf\u9a8c\u3002<\/p>\n<p>[\/et_pb_blurb][\/et_pb_column][\/et_pb_row][\/et_pb_section]<\/p>\n","protected":false},"excerpt":{"rendered":"<p>HERNIAMESH \u7814\u53d1\u4e2d\u5fc3 \u4ece\u4f7f\u7528 Trabucco \u7684\u201c\u65e0\u5f20\u529b\u3001\u65e0\u7f1d\u7ebf\u201d\u6280\u672f\u7684\u759d\u6839\u6cbb\u624b\u672f\uff0c\u5230\u6700\u65b0\u91c7\u7528\u66f4\u5148 [&hellip;]<\/p>\n","protected":false},"author":1,"featured_media":0,"parent":0,"menu_order":0,"comment_status":"closed","ping_status":"closed","template":"","meta":{"_et_pb_use_builder":"on","_et_pb_old_content":"","_et_gb_content_width":"","footnotes":""},"class_list":["post-261624","page","type-page","status-publish","hentry"],"yoast_head":"<!-- This site is optimized with the Yoast SEO plugin v26.5 - https:\/\/yoast.com\/wordpress\/plugins\/seo\/ -->\n<title>\u521b\u65b0 - Herniamesh | \u7528\u4e8e\u8179\u80a1\u6c9f\u548c\u8179\u90e8\u759d\u6c14\u6210\u5f62\u672f\u7684\u533b\u7597\u8bbe\u5907<\/title>\n<meta name=\"description\" content=\"\u4ece\u6839\u636e Trabucco\u201c\u65e0\u5f20\u529b\u3001\u65e0\u7f1d\u7ebf\u201d\u6280\u672f\u8fdb\u884c\u7684\u759d\u6c14\u6210\u5f62\u672f\uff0c\u5230\u4f7f\u7528\u65e5\u76ca\u590d\u6742\u7684\u6280\u672f\u548c\u6750\u6599\u7684\u6700\u65b0\u5047\u80a2\u3002\" \/>\n<meta name=\"robots\" content=\"index, follow, max-snippet:-1, max-image-preview:large, max-video-preview:-1\" \/>\n<link rel=\"canonical\" href=\"https:\/\/herniamesh.com\/zh-hans\/\u521b\u65b0\/\" \/>\n<meta property=\"og:locale\" content=\"zh_CN\" \/>\n<meta property=\"og:type\" content=\"article\" \/>\n<meta property=\"og:title\" content=\"\u521b\u65b0 - Herniamesh | \u7528\u4e8e\u8179\u80a1\u6c9f\u548c\u8179\u90e8\u759d\u6c14\u6210\u5f62\u672f\u7684\u533b\u7597\u8bbe\u5907\" \/>\n<meta property=\"og:description\" content=\"\u4ece\u6839\u636e Trabucco\u201c\u65e0\u5f20\u529b\u3001\u65e0\u7f1d\u7ebf\u201d\u6280\u672f\u8fdb\u884c\u7684\u759d\u6c14\u6210\u5f62\u672f\uff0c\u5230\u4f7f\u7528\u65e5\u76ca\u590d\u6742\u7684\u6280\u672f\u548c\u6750\u6599\u7684\u6700\u65b0\u5047\u80a2\u3002\" \/>\n<meta property=\"og:url\" content=\"https:\/\/herniamesh.com\/zh-hans\/\u521b\u65b0\/\" \/>\n<meta property=\"og:site_name\" content=\"Herniamesh | Dispositivi medici per l&#039;ernioplastica inguinale ed addominale\" \/>\n<meta property=\"article:modified_time\" content=\"2024-02-29T15:45:14+00:00\" \/>\n<meta name=\"twitter:card\" content=\"summary_large_image\" \/>\n<meta name=\"twitter:label1\" content=\"\u9884\u8ba1\u9605\u8bfb\u65f6\u95f4\" \/>\n\t<meta name=\"twitter:data1\" content=\"1 \u5206\" \/>\n<script type=\"application\/ld+json\" class=\"yoast-schema-graph\">{\"@context\":\"https:\/\/schema.org\",\"@graph\":[{\"@type\":\"WebPage\",\"@id\":\"https:\/\/herniamesh.com\/zh-hans\/%e5%88%9b%e6%96%b0\/\",\"url\":\"https:\/\/herniamesh.com\/zh-hans\/%e5%88%9b%e6%96%b0\/\",\"name\":\"\u521b\u65b0 - Herniamesh | \u7528\u4e8e\u8179\u80a1\u6c9f\u548c\u8179\u90e8\u759d\u6c14\u6210\u5f62\u672f\u7684\u533b\u7597\u8bbe\u5907\",\"isPartOf\":{\"@id\":\"https:\/\/herniamesh.com\/#website\"},\"datePublished\":\"2022-05-04T08:45:38+00:00\",\"dateModified\":\"2024-02-29T15:45:14+00:00\",\"description\":\"\u4ece\u6839\u636e Trabucco\u201c\u65e0\u5f20\u529b\u3001\u65e0\u7f1d\u7ebf\u201d\u6280\u672f\u8fdb\u884c\u7684\u759d\u6c14\u6210\u5f62\u672f\uff0c\u5230\u4f7f\u7528\u65e5\u76ca\u590d\u6742\u7684\u6280\u672f\u548c\u6750\u6599\u7684\u6700\u65b0\u5047\u80a2\u3002\",\"breadcrumb\":{\"@id\":\"https:\/\/herniamesh.com\/zh-hans\/%e5%88%9b%e6%96%b0\/#breadcrumb\"},\"inLanguage\":\"zh-Hans\",\"potentialAction\":[{\"@type\":\"ReadAction\",\"target\":[\"https:\/\/herniamesh.com\/zh-hans\/%e5%88%9b%e6%96%b0\/\"]}]},{\"@type\":\"BreadcrumbList\",\"@id\":\"https:\/\/herniamesh.com\/zh-hans\/%e5%88%9b%e6%96%b0\/#breadcrumb\",\"itemListElement\":[{\"@type\":\"ListItem\",\"position\":1,\"name\":\"Home\",\"item\":\"https:\/\/herniamesh.com\/zh-hans\/\"},{\"@type\":\"ListItem\",\"position\":2,\"name\":\"\u521b\u65b0\"}]},{\"@type\":\"WebSite\",\"@id\":\"https:\/\/herniamesh.com\/#website\",\"url\":\"https:\/\/herniamesh.com\/\",\"name\":\"Herniamesh | Dispositivi medici per l&#039;ernioplastica inguinale ed addominale\",\"description\":\"Tecnologia al servizio della salute\",\"potentialAction\":[{\"@type\":\"SearchAction\",\"target\":{\"@type\":\"EntryPoint\",\"urlTemplate\":\"https:\/\/herniamesh.com\/?s={search_term_string}\"},\"query-input\":{\"@type\":\"PropertyValueSpecification\",\"valueRequired\":true,\"valueName\":\"search_term_string\"}}],\"inLanguage\":\"zh-Hans\"}]}<\/script>\n<!-- \/ Yoast SEO plugin. -->","yoast_head_json":{"title":"\u521b\u65b0 - Herniamesh | \u7528\u4e8e\u8179\u80a1\u6c9f\u548c\u8179\u90e8\u759d\u6c14\u6210\u5f62\u672f\u7684\u533b\u7597\u8bbe\u5907","description":"\u4ece\u6839\u636e Trabucco\u201c\u65e0\u5f20\u529b\u3001\u65e0\u7f1d\u7ebf\u201d\u6280\u672f\u8fdb\u884c\u7684\u759d\u6c14\u6210\u5f62\u672f\uff0c\u5230\u4f7f\u7528\u65e5\u76ca\u590d\u6742\u7684\u6280\u672f\u548c\u6750\u6599\u7684\u6700\u65b0\u5047\u80a2\u3002","robots":{"index":"index","follow":"follow","max-snippet":"max-snippet:-1","max-image-preview":"max-image-preview:large","max-video-preview":"max-video-preview:-1"},"canonical":"https:\/\/herniamesh.com\/zh-hans\/\u521b\u65b0\/","og_locale":"zh_CN","og_type":"article","og_title":"\u521b\u65b0 - Herniamesh | \u7528\u4e8e\u8179\u80a1\u6c9f\u548c\u8179\u90e8\u759d\u6c14\u6210\u5f62\u672f\u7684\u533b\u7597\u8bbe\u5907","og_description":"\u4ece\u6839\u636e Trabucco\u201c\u65e0\u5f20\u529b\u3001\u65e0\u7f1d\u7ebf\u201d\u6280\u672f\u8fdb\u884c\u7684\u759d\u6c14\u6210\u5f62\u672f\uff0c\u5230\u4f7f\u7528\u65e5\u76ca\u590d\u6742\u7684\u6280\u672f\u548c\u6750\u6599\u7684\u6700\u65b0\u5047\u80a2\u3002","og_url":"https:\/\/herniamesh.com\/zh-hans\/\u521b\u65b0\/","og_site_name":"Herniamesh | Dispositivi medici per l&#039;ernioplastica inguinale ed addominale","article_modified_time":"2024-02-29T15:45:14+00:00","twitter_card":"summary_large_image","twitter_misc":{"\u9884\u8ba1\u9605\u8bfb\u65f6\u95f4":"1 \u5206"},"schema":{"@context":"https:\/\/schema.org","@graph":[{"@type":"WebPage","@id":"https:\/\/herniamesh.com\/zh-hans\/%e5%88%9b%e6%96%b0\/","url":"https:\/\/herniamesh.com\/zh-hans\/%e5%88%9b%e6%96%b0\/","name":"\u521b\u65b0 - Herniamesh | \u7528\u4e8e\u8179\u80a1\u6c9f\u548c\u8179\u90e8\u759d\u6c14\u6210\u5f62\u672f\u7684\u533b\u7597\u8bbe\u5907","isPartOf":{"@id":"https:\/\/herniamesh.com\/#website"},"datePublished":"2022-05-04T08:45:38+00:00","dateModified":"2024-02-29T15:45:14+00:00","description":"\u4ece\u6839\u636e Trabucco\u201c\u65e0\u5f20\u529b\u3001\u65e0\u7f1d\u7ebf\u201d\u6280\u672f\u8fdb\u884c\u7684\u759d\u6c14\u6210\u5f62\u672f\uff0c\u5230\u4f7f\u7528\u65e5\u76ca\u590d\u6742\u7684\u6280\u672f\u548c\u6750\u6599\u7684\u6700\u65b0\u5047\u80a2\u3002","breadcrumb":{"@id":"https:\/\/herniamesh.com\/zh-hans\/%e5%88%9b%e6%96%b0\/#breadcrumb"},"inLanguage":"zh-Hans","potentialAction":[{"@type":"ReadAction","target":["https:\/\/herniamesh.com\/zh-hans\/%e5%88%9b%e6%96%b0\/"]}]},{"@type":"BreadcrumbList","@id":"https:\/\/herniamesh.com\/zh-hans\/%e5%88%9b%e6%96%b0\/#breadcrumb","itemListElement":[{"@type":"ListItem","position":1,"name":"Home","item":"https:\/\/herniamesh.com\/zh-hans\/"},{"@type":"ListItem","position":2,"name":"\u521b\u65b0"}]},{"@type":"WebSite","@id":"https:\/\/herniamesh.com\/#website","url":"https:\/\/herniamesh.com\/","name":"Herniamesh | Dispositivi medici per l&#039;ernioplastica inguinale ed addominale","description":"Tecnologia al servizio della salute","potentialAction":[{"@type":"SearchAction","target":{"@type":"EntryPoint","urlTemplate":"https:\/\/herniamesh.com\/?s={search_term_string}"},"query-input":{"@type":"PropertyValueSpecification","valueRequired":true,"valueName":"search_term_string"}}],"inLanguage":"zh-Hans"}]}},"_links":{"self":[{"href":"https:\/\/herniamesh.com\/zh-hans\/wp-json\/wp\/v2\/pages\/261624","targetHints":{"allow":["GET"]}}],"collection":[{"href":"https:\/\/herniamesh.com\/zh-hans\/wp-json\/wp\/v2\/pages"}],"about":[{"href":"https:\/\/herniamesh.com\/zh-hans\/wp-json\/wp\/v2\/types\/page"}],"author":[{"embeddable":true,"href":"https:\/\/herniamesh.com\/zh-hans\/wp-json\/wp\/v2\/users\/1"}],"replies":[{"embeddable":true,"href":"https:\/\/herniamesh.com\/zh-hans\/wp-json\/wp\/v2\/comments?post=261624"}],"version-history":[{"count":2,"href":"https:\/\/herniamesh.com\/zh-hans\/wp-json\/wp\/v2\/pages\/261624\/revisions"}],"predecessor-version":[{"id":261626,"href":"https:\/\/herniamesh.com\/zh-hans\/wp-json\/wp\/v2\/pages\/261624\/revisions\/261626"}],"wp:attachment":[{"href":"https:\/\/herniamesh.com\/zh-hans\/wp-json\/wp\/v2\/media?parent=261624"}],"curies":[{"name":"wp","href":"https:\/\/api.w.org\/{rel}","templated":true}]}}